{"id":1297,"date":"2014-09-03T17:14:39","date_gmt":"2014-09-03T16:14:39","guid":{"rendered":"http:\/\/www.astro-ge.net\/?page_id=1297"},"modified":"2025-03-08T08:15:52","modified_gmt":"2025-03-08T07:15:52","slug":"sites-conseilles-par-nos-membres","status":"publish","type":"page","link":"https:\/\/www.astro-ge.net\/?page_id=1297","title":{"rendered":"Sites conseill\u00e9s par nos membres"},"content":{"rendered":"\n<a name=\"20200322-Ephemerides_astronomiques\"><\/a>\n\n\n\n<p><strong>Astrophotographie<\/strong><br>(mis \u00e0 jour le 08 mars 2025)<\/p>\n\n\n\n<ul class=\"wp-block-list\">\n<li><a href=\"https:\/\/www.astro-ge.net\/wordpress\/wp-content\/uploads\/2025\/01\/ASIAIR-Plus-Application-ASIAIR-Vers21.pdf\" target=\"_blank\" rel=\"noreferrer noopener\">Manuel d\u00e9taill\u00e9 d&rsquo;ASIAIR r\u00e9dig\u00e9 par Daniel Perrin-Dinville<\/a><\/li>\n\n\n\n<li><a href=\"https:\/\/www.saga-star.ch\/tutoriels\/\" data-type=\"link\" data-id=\"https:\/\/www.saga-star.ch\/tutoriels\/\" target=\"_blank\" rel=\"noreferrer noopener\">Tutoriels d&rsquo;astrophotographie de Cl\u00e9ment Flora<\/a><\/li>\n\n\n\n<li><a href=\"https:\/\/sahavre.fr\/wp\/regle-npf-rule\/\">Calcul du temps de pose sans fil\u00e9 d&rsquo;\u00e9toiles<\/a><\/li>\n\n\n\n<li><a href=\"https:\/\/sahavre.fr\/wp\/temps-pose-sans-autoguidage\/\" target=\"_blank\" rel=\"noreferrer noopener\">Temps de pose sans autoguidage<\/a><\/li>\n\n\n\n<li><a rel=\"noreferrer noopener\" aria-label=\"Home Made Bahtinov Focusing Mask &amp; Templates (s\u2019ouvre dans un nouvel onglet)\" href=\"http:\/\/www.deepskywatch.com\/Articles\/make-bahtinov-mask.html\" target=\"_blank\">Home Made Bahtinov Focusing Mask &amp; Templates<\/a><\/li>\n\n\n\n<li><a href=\"https:\/\/pgj.pagesperso-orange.fr\/filtres.htm\" target=\"_blank\" rel=\"noreferrer noopener\">Filtres de couleur pour le plan\u00e9taire<\/a><\/li>\n\n\n\n<li><a rel=\"noreferrer noopener\" href=\"https:\/\/www.skyatnightmagazine.com\/astrophotography\/astrophoto-tips\/wavelets-registax-guide\/\" target=\"_blank\">Wavelets in RegiStax: an astrophotography guide<\/a><\/li>\n\n\n\n<li><a rel=\"noreferrer noopener\" href=\"http:\/\/planetaryimagingtutorials.com\/\" target=\"_blank\">Planetary imaging<\/a><\/li>\n\n\n\n<li><a rel=\"noreferrer noopener\" href=\"http:\/\/nova.astrometry.net\/\" target=\"_blank\">Astronometry.net<\/a><\/li>\n\n\n\n<li><a rel=\"noreferrer noopener\" href=\"https:\/\/nighttime-imaging.eu\/\" target=\"_blank\">Nighttime Imaging &lsquo;N&rsquo; Astronomy<\/a><\/li>\n\n\n\n<li><a href=\"https:\/\/astronomy.tools\/calculators\/field_of_view\/\" target=\"_blank\" rel=\"noreferrer noopener\">Astronomy Tools : Field of view calculator<\/a><\/li>\n\n\n\n<li><a rel=\"noreferrer noopener\" href=\"https:\/\/astronomy.tools\/\" target=\"_blank\">Astronomy Tools : Main homepage<\/a><\/li>\n\n\n\n<li><a href=\"https:\/\/markus-enzweiler.de\/software\/starstax\/\" target=\"_blank\" rel=\"noreferrer noopener\">StarStaX : logiciel photo gratuit pour faire des fil\u00e9s d&rsquo;\u00e9toiles<\/a><\/li>\n<\/ul>\n\n\n\n<p><strong>Eph\u00e9m\u00e9rides astronomiques<\/strong><br>(mis \u00e0 jour le 19 novembre 2020)<\/p>\n\n\n\n<ul class=\"wp-block-list\">\n<li><a rel=\"noopener noreferrer\" href=\"http:\/\/www.astrosurf.com\/ephemerides\/\" target=\"_blank\">Astrosurf<\/a><\/li>\n\n\n\n<li><a rel=\"noopener noreferrer\" href=\"http:\/\/www.calendrier-365.fr\/lune\/calendrier-lunaire.html\" target=\"_blank\">Calendrier lunaire<\/a><\/li>\n\n\n\n<li><a rel=\"noopener noreferrer\" href=\"http:\/\/www.sunrise-and-sunset.com\/fr\/suisse\/geneve\" target=\"_blank\">Heure de lever et coucher du soleil \u00e0 Gen\u00e8ve<\/a><\/li>\n\n\n\n<li><a rel=\"noopener noreferrer\" href=\"http:\/\/www.calendrier-365.fr\/lune\/phases-de-la-lune.html\" target=\"_blank\">Phases de la lune<\/a><\/li>\n\n\n\n<li><a rel=\"noopener noreferrer\" href=\"http:\/\/www.imcce.fr\/fr\/ephemerides\/\" target=\"_blank\">Bureau des longitudes<\/a><\/li>\n\n\n\n<li><a rel=\"noopener noreferrer\" href=\"http:\/\/eclipse.gsfc.nasa.gov\/eclipse.html\" target=\"_blank\">\u00c9ph\u00e9m\u00e9rides des \u00e9clipses sur le site de la NASA<\/a> (anglais)<\/li>\n\n\n\n<li><a rel=\"noopener noreferrer\" href=\"https:\/\/soundcloud.com\/ciel-et-espace\/sets\/les-eph-m-rides\" target=\"_blank\">\u00c9ph\u00e9m\u00e9rides astronomiques sonores de Ciel et Espace<\/a><\/li>\n\n\n\n<li><a rel=\"noreferrer noopener\" href=\"https:\/\/www.imcce.fr\/publications\/publications-institutionnelles\/\" target=\"_blank\">Publications institutionnelles (Institut de M\u00e9canique C\u00e9leste)<\/a><\/li>\n\n\n\n<li><a rel=\"noreferrer noopener\" href=\"https:\/\/www.imcce.fr\/content\/medias\/publications\/publications-institutionnelles\/CDT_2020_ebook.pdf\" target=\"_blank\">Eph\u00e9m\u00e9rides astronomiques 2020<\/a><\/li>\n\n\n\n<li><a rel=\"noreferrer noopener\" href=\"https:\/\/pgj.pagesperso-orange.fr\/\" target=\"_blank\">Nouvelles du Ciel, Calendrier des Ev\u00e9nements, Eph\u00e9m\u00e9rides Lune-Soleil-Plan\u00e8tes, Com\u00e8tes, Ast\u00e9ro\u00efdes, Plan\u00e8tes et Satellites\u2026<\/a><\/li>\n\n\n\n<li><a rel=\"noopener noreferrer\" href=\"http:\/\/www.aerith.net\/comet\/weekly\/current.html\" target=\"_blank\">Dernieres informations sur les com\u00e8tes visibles actuellement<\/a><\/li>\n\n\n\n<li>en attente de vos suggestions<\/li>\n<\/ul>\n\n\n\n<a name=\"20200322-Phenomenes_astronomiques\"><\/a>\n\n\n\n<p><strong>Station spatiale internationale (ISS)<\/strong><br>(mis \u00e0 jour le 18 septembre 2022)  <\/p>\n\n\n\n<ul class=\"wp-block-list\">\n<li><a rel=\"noreferrer noopener\" aria-label=\"Transit de l'ISS devant le soleil ou la lune (s\u2019ouvre dans un nouvel onglet)\" href=\"https:\/\/transit-finder.com\/\" target=\"_blank\">Transit de l&rsquo;ISS devant le soleil ou la lune<\/a><\/li>\n\n\n\n<li><a rel=\"noreferrer noopener\" href=\"http:\/\/wsn.spaceflight.esa.int\/iss\/index_portal.php\" target=\"_blank\">Position en temps r\u00e9el de l&rsquo;ISS<\/a><\/li>\n\n\n\n<li><a rel=\"noreferrer noopener\" href=\"https:\/\/spotthestation.nasa.gov\/tracking_map.cfm\" target=\"_blank\">Live Space Station Tracking Map<\/a><\/li>\n\n\n\n<li><a rel=\"noreferrer noopener\" href=\"https:\/\/spotthestation.nasa.gov\/sightings\/index.cfm\" target=\"_blank\">Rechercher les transits de l&rsquo;ISS en fonction du lieu d&rsquo;observation<\/a><\/li>\n\n\n\n<li><a rel=\"noreferrer noopener\" href=\"https:\/\/spotthestation.nasa.gov\/sightings\/view.cfm?country=Switzerland&amp;region=None&amp;city=Geneva\" target=\"_blank\">Futurs transits de l&rsquo;ISS au-dessus de Gen\u00e8ve<\/a><\/li>\n\n\n\n<li>en attente de vos suggestions<\/li>\n<\/ul>\n\n\n\n<a_name=\"20200323-logiciels-astronomiques\"><\/a_name=\"20200323-logiciels-astronomiques\">\n\n\n\n<p><strong>Logiciels du ciel, des \u00e9toiles et de la lune<\/strong><br>(mis \u00e0 jour le 18 novembre 2022) <\/p>\n\n\n\n<ul class=\"wp-block-list\">\n<li><a rel=\"noreferrer noopener\" aria-label=\"Cartes du ciel (s\u2019ouvre dans un nouvel onglet)\" href=\"https:\/\/www.ap-i.net\/skychart\/fr\/start\" target=\"_blank\">Cartes du ciel<\/a> par Patrick Chevalley (de la Soci\u00e9t\u00e9 Astronomique de Gen\u00e8ve)<\/li>\n\n\n\n<li><a rel=\"noreferrer noopener\" aria-label=\"Atlas virtuel de la lune (s\u2019ouvre dans un nouvel onglet)\" href=\"https:\/\/ap-i.net\/avl\/fr\/start\" target=\"_blank\">Atlas virtuel de la lune<\/a> par P. Chevalley (de la Soci\u00e9t\u00e9 Astronomique de Gen\u00e8ve)<\/li>\n\n\n\n<li><a rel=\"noopener noreferrer\" href=\"http:\/\/eyes.nasa.gov\/index.html\" target=\"_blank\">NASA&rsquo;s Eyes<\/a><\/li>\n\n\n\n<li><a rel=\"noopener noreferrer\" href=\"http:\/\/www.astrosurf.com\/c2a\/\" target=\"_blank\">C2A planetarium software<\/a> (gratuit en fran\u00e7ais)<\/li>\n\n\n\n<li><a rel=\"noopener noreferrer\" href=\"http:\/\/www.shatters.net\/celestia\/\" target=\"_blank\">Celestia<\/a> (gratuit en anglais)<\/li>\n\n\n\n<li><a rel=\"noopener noreferrer\" href=\"http:\/\/www.skyhound.com\/compare.html\" target=\"_blank\">Diff\u00e9rentes version de Skytools<\/a> (payant)<\/li>\n\n\n\n<li><a rel=\"noreferrer noopener\" href=\"https:\/\/stellarium.org\/fr\/\" target=\"_blank\">Stellarium<\/a> (gratuit en fran\u00e7ais) <\/li>\n\n\n\n<li><a rel=\"noreferrer noopener\" href=\"https:\/\/www.skyhound.com\/\" target=\"_blank\">Skytools<\/a> (payant)<\/li>\n\n\n\n<li><a rel=\"noreferrer noopener\" href=\"https:\/\/edu.kde.org\/kstars\/\" target=\"_blank\">Kstars<\/a> <\/li>\n\n\n\n<li><a rel=\"noreferrer noopener\" aria-label=\"VirtualSky (s\u2019ouvre dans un nouvel onglet)\" href=\"http:\/\/virtualskysoft.de\/software-fuer-hobbyastronomen\/virtual-sky\" target=\"_blank\">VirtualSky<\/a><\/li>\n\n\n\n<li><a rel=\"noreferrer noopener\" aria-label=\"Astrosnap (s\u2019ouvre dans un nouvel onglet)\" href=\"http:\/\/www.astrosnap.com\/index_fr.html\" target=\"_blank\">Astrosnap<\/a><\/li>\n\n\n\n<li><a rel=\"noreferrer noopener\" aria-label=\"Astronomy programs (s\u2019ouvre dans un nouvel onglet)\" href=\"https:\/\/www.theastrogazer.com\/home\/2018\/7\/3\/astrophotography-programs-1\" target=\"_blank\">Astronomy programs<\/a><\/li>\n\n\n\n<li><a rel=\"noreferrer noopener\" aria-label=\"PHD2 guiding (s\u2019ouvre dans un nouvel onglet)\" href=\"https:\/\/openphdguiding.org\/\" target=\"_blank\">PHD2 guiding<\/a><\/li>\n\n\n\n<li><a rel=\"noreferrer noopener\" aria-label=\"ASCOM (s\u2019ouvre dans un nouvel onglet)\" href=\"https:\/\/ascom-standards.org\/\" target=\"_blank\">ASCOM<\/a><\/li>\n\n\n\n<li><a rel=\"noreferrer noopener\" href=\"https:\/\/lrtimelapse.com\/\" target=\"_blank\">LR Timelapse<\/a><\/li>\n\n\n\n<li><a href=\"http:\/\/software.celestron.com\/\" target=\"_blank\" rel=\"noreferrer noopener\">Logiciels Celestron<\/a><\/li>\n\n\n\n<li>en attente de vos suggestions<\/li>\n<\/ul>\n\n\n\n<a_name=\"20200322-aurores_polaires\"><\/a_name=\"20200322-aurores_polaires\">\n\n\n\n<p><strong>Aurores polaires<br><\/strong>(mis \u00e0 jour 18 septembre 2022) <\/p>\n\n\n\n<ul class=\"wp-block-list\">\n<li><a rel=\"noopener noreferrer\" href=\"http:\/\/spaceweather.com\/\" target=\"_blank\">Space Weather<\/a><\/li>\n\n\n\n<li><a rel=\"noreferrer noopener\" href=\"https:\/\/www.spaceweatherlive.com\/fr.html\" target=\"_blank\">Space Weather Live (tableau de bord)<\/a><\/li>\n\n\n\n<li><a rel=\"noopener noreferrer\" href=\"http:\/\/www.gi.alaska.edu\/AuroraForecast\" target=\"_blank\">Aurora forecast<\/a><\/li>\n\n\n\n<li><a rel=\"noopener noreferrer\" href=\"http:\/\/ap-i.net\/meteo\/aurora.html\" target=\"_blank\">Page du site Internet de Patrick Chevalley sur les aurores bor\u00e9ales<\/a><\/li>\n\n\n\n<li><a rel=\"noreferrer noopener\" href=\"http:\/\/flux.phys.uit.no\/Kindice\/\" target=\"_blank\">Provisional K-indices &#8211; last seven days pour diff\u00e9rentes villes norv\u00e9giennes<\/a><\/li>\n\n\n\n<li><a rel=\"noopener noreferrer\" href=\"http:\/\/polaris.nipr.ac.jp\/~acaurora\/aurora\/Tromso\/\" target=\"_blank\">Troms\u00f8 all-sky camera<\/a><\/li>\n\n\n\n<li><a rel=\"noopener noreferrer\" href=\"https:\/\/www.spaceweatherlive.com\/fr\/activite-aurorale\" target=\"_blank\">Space Weather : tableau de bord<\/a><\/li>\n\n\n\n<li><a rel=\"noopener noreferrer\" href=\"https:\/\/www.spaceweatherlive.com\/fr\/activite-aurorale\/previsions-aurorales\" target=\"_blank\">Space Weather : pr\u00e9visions aurorales<\/a><\/li>\n\n\n\n<li><a rel=\"noopener noreferrer\" href=\"https:\/\/www.spaceweatherlive.com\/fr\/activite-aurorale\/graphiques-temps-reel-de-lactivite-aurorale\" target=\"_blank\">Space Weather : Graphiques temps r\u00e9el de l&rsquo;activit\u00e9 aurorale <\/a><\/li>\n\n\n\n<li><a rel=\"noopener noreferrer\" href=\"http:\/\/polaris.nipr.ac.jp\/~acaurora\/aurora\/Tromso\/\" target=\"_blank\">Tromso all-sky image<\/a><\/li>\n\n\n\n<li><a rel=\"noopener noreferrer\" href=\"https:\/\/www.yr.no\/kart\/#lat=69.83189&amp;lon=19.49758&amp;zoom=7&amp;laga=nedb%C3%B8rskyer&amp;proj=3575\" target=\"_blank\">M\u00e9t\u00e9o Troms\u00f8 (site: yr.no)<\/a><\/li>\n\n\n\n<li><a rel=\"noopener noreferrer\" href=\"https:\/\/www.swpc.noaa.gov\/products\/3-day-geomagnetic-forecast\" target=\"_blank\">Space Weather Prediction Center : 3-Day Geomagnetic Forecast<\/a><\/li>\n\n\n\n<li><a href=\"https:\/\/auroraforecast.is\/\" target=\"_blank\" rel=\"noreferrer noopener\">Aurora Forecast Iceland<\/a><\/li>\n\n\n\n<li>en attente de vos suggestions<\/li>\n<\/ul>\n\n\n\n<p><strong>Atlas du ciel<\/strong><\/p>\n\n\n\n<ul class=\"wp-block-list\">\n<li><a rel=\"noopener noreferrer\" href=\"http:\/\/www.deepskywatch.com\/deepsky-atlas.html\" target=\"_blank\">Altas du ciel profond \u00e0 t\u00e9l\u00e9charger<\/a><\/li>\n\n\n\n<li>en attente de vos suggestions<\/li>\n<\/ul>\n\n\n\n<p><strong>Objets de Messier<\/strong><\/p>\n\n\n\n<ul class=\"wp-block-list\">\n<li><a href=\"http:\/\/www.faaq.org\/clubs\/straymond\/docs\/messier.pdf\" target=\"_blank\" rel=\"noopener noreferrer\">Catalogue des objets Messier<\/a> (PDF, 20 pages, fran\u00e7ais)<\/li>\n\n\n\n<li>en attente de vos suggestions<\/li>\n<\/ul>\n\n\n\n<p><strong>Logiciels de traitement d&rsquo;images astronomiques<br><\/strong>(mis \u00e0 jour le 10 avril 2020)<\/p>\n\n\n\n<ul class=\"wp-block-list\">\n<li><a rel=\"noopener noreferrer\" href=\"http:\/\/www.astrosurf.com\/buil\/iris\/iris.htm\" target=\"_blank\">IRIS<\/a> (gratuit)<\/li>\n\n\n\n<li><a rel=\"noopener noreferrer\" href=\"http:\/\/deepskystacker.free.fr\" target=\"_blank\">Deepskystacker<\/a> (gratuit)<\/li>\n\n\n\n<li><a rel=\"noopener noreferrer\" href=\"http:\/\/www.astronomie.be\/registax\/download.html\" target=\"_blank\">Registax<\/a> (pour le plan\u00e9taire, logiciel gratuit)<\/li>\n\n\n\n<li><a rel=\"noopener noreferrer\" href=\"http:\/\/pixinsight.com\/\" target=\"_blank\">Pixinsight<\/a> (payant)<\/li>\n\n\n\n<li><a title=\"For any support related to AutoStakkert!2\" rel=\"noopener noreferrer\" href=\"http:\/\/www.autostakkert.com\/\" target=\"_blank\">AutoStakkert!2<\/a><\/li>\n\n\n\n<li><a rel=\"noopener noreferrer\" href=\"http:\/\/www.mlunsold.com\/\" target=\"_blank\">ImagePlus<\/a> (payant)<\/li>\n\n\n\n<li><a rel=\"noreferrer noopener\" aria-label=\"Firecapture (s\u2019ouvre dans un nouvel onglet)\" href=\"http:\/\/www.firecapture.de\/\" target=\"_blank\">Firecapture<\/a><\/li>\n\n\n\n<li><a rel=\"noreferrer noopener\" aria-label=\"Sharpcap (s\u2019ouvre dans un nouvel onglet)\" href=\"https:\/\/www.sharpcap.co.uk\/\" target=\"_blank\">Sharpcap<\/a><\/li>\n\n\n\n<li><a rel=\"noreferrer noopener\" aria-label=\"PIPP (s\u2019ouvre dans un nouvel onglet)\" href=\"https:\/\/sites.google.com\/site\/astropipp\/\" target=\"_blank\">PIPP<\/a><\/li>\n\n\n\n<li><a rel=\"noreferrer noopener\" aria-label=\"StarMax (s\u2019ouvre dans un nouvel onglet)\" href=\"http:\/\/ggrillot.free.fr\/astro\/starmax.html\" target=\"_blank\">StarMax<\/a> (fil\u00e9 d&rsquo;\u00e9toiles)<\/li>\n\n\n\n<li><a rel=\"noreferrer noopener\" aria-label=\"VirtualDub (s\u2019ouvre dans un nouvel onglet)\" href=\"http:\/\/www.virtualdub.org\/\" target=\"_blank\">VirtualDub<\/a><\/li>\n\n\n\n<li><a rel=\"noreferrer noopener\" aria-label=\"iMerge (s\u2019ouvre dans un nouvel onglet)\" href=\"http:\/\/jaggedplanet.com\/imerge.asp\" target=\"_blank\">iMerge<\/a><\/li>\n\n\n\n<li><a rel=\"noreferrer noopener\" aria-label=\"Siril (s\u2019ouvre dans un nouvel onglet)\" href=\"https:\/\/free-astro.org\/index.php\/Siril\/fr\" target=\"_blank\">Siril<\/a><\/li>\n\n\n\n<li><a rel=\"noreferrer noopener\" aria-label=\"DSLR Focus (s\u2019ouvre dans un nouvel onglet)\" href=\"http:\/\/www.dslrfocus.com\/\" target=\"_blank\">DSLR Focus<\/a><\/li>\n\n\n\n<li><a rel=\"noreferrer noopener\" aria-label=\"Backyard EOS (s\u2019ouvre dans un nouvel onglet)\" href=\"https:\/\/www.otelescope.com\/store\/category\/2-backyardeos\/\" target=\"_blank\">Backyard EOS<\/a><\/li>\n\n\n\n<li><a rel=\"noreferrer noopener\" aria-label=\"Avistack (s\u2019ouvre dans un nouvel onglet)\" href=\"http:\/\/www.avistack.de\/\" target=\"_blank\">Avistack<\/a><\/li>\n\n\n\n<li><a rel=\"noreferrer noopener\" aria-label=\"Batinov Grabber (s\u2019ouvre dans un nouvel onglet)\" href=\"http:\/\/www.njnoordhoek.com\/?p=660\" target=\"_blank\">Batinov Grabber<\/a><\/li>\n\n\n\n<li><a rel=\"noreferrer noopener\" aria-label=\"SER Player (s\u2019ouvre dans un nouvel onglet)\" href=\"https:\/\/sites.google.com\/site\/astropipp\/ser-player#downloads\" target=\"_blank\">SER Player<\/a><\/li>\n\n\n\n<li><a rel=\"noreferrer noopener\" aria-label=\"WinJupos (s\u2019ouvre dans un nouvel onglet)\" href=\"http:\/\/jupos.org\/gh\/download.htm\" target=\"_blank\">WinJupos<\/a><\/li>\n\n\n\n<li><a rel=\"noreferrer noopener\" aria-label=\"FitsWorks (s\u2019ouvre dans un nouvel onglet)\" href=\"https:\/\/www.fitswork.de\/software\/softw_fr.php\" target=\"_blank\">FitsWorks<\/a><\/li>\n\n\n\n<li><a href=\"http:\/\/astrosurface.com\/\" target=\"_blank\" rel=\"noreferrer noopener\" aria-label=\"Astrosurface (s\u2019ouvre dans un nouvel onglet)\">Astrosurface<\/a><\/li>\n\n\n\n<li>en attente de vos suggestions<\/li>\n<\/ul>\n\n\n\n<p><strong>Logiciels de traitement d&rsquo;images<br><\/strong>(mis \u00e0 jour le 21 mars 2020)<\/p>\n\n\n\n<ul class=\"wp-block-list\">\n<li><a rel=\"noreferrer noopener\" aria-label=\"RawTherapee (s\u2019ouvre dans un nouvel onglet)\" href=\"https:\/\/rawtherapee.com\/\" target=\"_blank\">RawTherapee<\/a><\/li>\n\n\n\n<li><a rel=\"noreferrer noopener\" aria-label=\"Darktable (s\u2019ouvre dans un nouvel onglet)\" href=\"https:\/\/www.darktable.org\/\" target=\"_blank\">Darktable<\/a><\/li>\n\n\n\n<li><a rel=\"noreferrer noopener\" aria-label=\"Gimp (s\u2019ouvre dans un nouvel onglet)\" href=\"https:\/\/www.gimp.org\/\" target=\"_blank\">Gimp<\/a><\/li>\n\n\n\n<li><a href=\"https:\/\/www.xnview.com\/fr\/\" target=\"_blank\" rel=\"noreferrer noopener\" aria-label=\"XNView (s\u2019ouvre dans un nouvel onglet)\">XNView<\/a><\/li>\n\n\n\n<li>en attente de vos suggestions<\/li>\n<\/ul>\n\n\n\n<p><strong>Mat\u00e9riel astronomique<\/strong><br>(mis \u00e0 jour le 17 d\u00e9cembre 2022)<\/p>\n\n\n\n<ul class=\"wp-block-list\">\n<li><a rel=\"noreferrer noopener\" aria-label=\"Optique Perret (s\u2019ouvre dans un nouvel onglet)\" href=\"https:\/\/www.optiqueperret.ch\/4-telescope\" target=\"_blank\">Optique Perret<\/a> (Gen\u00e8ve)<\/li>\n\n\n\n<li><a rel=\"noopener noreferrer\" href=\"http:\/\/www.pierro-astro.com\/\" target=\"_blank\">Pierro Astro<\/a><\/li>\n\n\n\n<li><a rel=\"noopener noreferrer\" href=\"http:\/\/www.eosforastro.com\/\" target=\"_blank\">Modification des APN (EOS)<\/a><\/li>\n\n\n\n<li><a rel=\"noopener noreferrer\" href=\"http:\/\/www.aokswiss.ch\/\" target=\"_blank\">AOKswiss Astro Optik Kohler (inventeur et fabricant des montures ayo) <\/a>(allemand) <\/li>\n\n\n\n<li><a rel=\"noopener noreferrer\" href=\"http:\/\/www.telescope.ch\/inuse2\/\" target=\"_blank\">T\u00e9lescope.ch<\/a> (Suisse)<\/li>\n\n\n\n<li><a rel=\"noopener noreferrer\" href=\"http:\/\/www.maison-astronomie.com\/\" target=\"_blank\">La Maison de l&rsquo;Astronomie<\/a> (France)<\/li>\n\n\n\n<li><a rel=\"noopener noreferrer\" href=\"http:\/\/www.teleskop-express.de\/shop\/index.php\/language\/en\" target=\"_blank\">Teleskop-Express<\/a> (en anglais, Allemagne)<\/li>\n\n\n\n<li><a rel=\"noopener noreferrer\" href=\"http:\/\/www.astroshop.de\/fr\/\" target=\"_blank\">Astroshop.eu<\/a> (en fran\u00e7ais, Allemagne)<\/li>\n\n\n\n<li><a rel=\"noopener noreferrer\" href=\"http:\/\/www.optique-unterlinden.com\/\" target=\"_blank\">Optique Unterlinden<\/a> (France)<\/li>\n\n\n\n<li><a rel=\"noopener noreferrer\" href=\"http:\/\/www.promo-optique.com\/\" target=\"_blank\">Promo optique<\/a> (France)<\/li>\n\n\n\n<li><a rel=\"noopener noreferrer\" href=\"https:\/\/www.astromanie.ch\/fr\/\" target=\"_blank\">Astromanie Lausanne<\/a> (fran\u00e7ais)<\/li>\n\n\n\n<li><a href=\"https:\/\/astronomy-imaging-camera.com\/\" target=\"_blank\" rel=\"noreferrer noopener\">Cam\u00e9ras astronomiques ZWO<\/a><\/li>\n\n\n\n<li>en attente de vos suggestions<\/li>\n<\/ul>\n\n\n\n<p><strong>Programmation et astronomie<\/strong><br>(mis \u00e0 jour le 28 juin 2022) <\/p>\n\n\n\n<ul class=\"wp-block-list\">\n<li><a rel=\"noopener noreferrer\" href=\"http:\/\/www.moshier.net\/\" target=\"_blank\">Astronomy and numerical software source codes<\/a> (anglais)<\/li>\n\n\n\n<li><a rel=\"noreferrer noopener\" href=\"https:\/\/projectpluto.com\/source.htm\" target=\"_blank\">Astronomy C\/C++ source code<\/a> (en anglais)<\/li>\n\n\n\n<li>en attente de vos suggestions<\/li>\n<\/ul>\n\n\n\n<p><strong>Sites divers<\/strong><br>(mis \u00e0 jour le 11 novembre 2020) <\/p>\n\n\n\n<ul class=\"wp-block-list\">\n<li><a rel=\"noopener noreferrer\" href=\"http:\/\/hubblesite.org\/\" target=\"_blank\">Site du T\u00e9lescope spatial Hubble<\/a> (USA)<\/li>\n\n\n\n<li><a rel=\"noopener noreferrer\" href=\"https:\/\/www.facebook.com\/groups\/astro\/\" target=\"_blank\">Pour des astuces, conseil&nbsp;astrophotos professionnels, le site de Thierry Legault<\/a><\/li>\n\n\n\n<li><a rel=\"noopener noreferrer\" href=\"http:\/\/www.itelescope.net\/\" target=\"_blank\">Faire des photos en ligne avec des t\u00e9l\u00e9scopes robotis\u00e9s<\/a><\/li>\n\n\n\n<li><a rel=\"noopener noreferrer\" href=\"http:\/\/aladin.u-strasbg.fr\/\" target=\"_blank\">Une solution de base de donn\u00e9es en ligne de milliers d&rsquo;objets c\u00e9lestes<\/a><\/li>\n\n\n\n<li><a href=\"https:\/\/www.imcce.fr\/\" target=\"_blank\" rel=\"noreferrer noopener\">Institut de m\u00e9canique c\u00e9leste<\/a> (France)<\/li>\n\n\n\n<li><a rel=\"noopener noreferrer\" href=\"http:\/\/www.webastro.net\/\" target=\"_blank\">Webastro, la communaut\u00e9 de l&rsquo;astronomie<\/a> (France)<\/li>\n\n\n\n<li><a rel=\"noopener noreferrer\" href=\"http:\/\/www.cloudynights.com\/page\/index.html\" target=\"_blank\">Cloudy Nights<\/a> (USA)<\/li>\n\n\n\n<li><a rel=\"noopener noreferrer\" href=\"http:\/\/www.astrosurf.com\/\" target=\"_blank\">Astrosurf<\/a> (France)<\/li>\n\n\n\n<li><a rel=\"noopener noreferrer\" href=\"http:\/\/astropixels.com\/index.html\" target=\"_blank\">AstroPixels<\/a> (anglais)<\/li>\n\n\n\n<li><a rel=\"noopener noreferrer\" href=\"http:\/\/www.heavens-above.com\/\" target=\"_blank\">Heaven above<\/a> (fran\u00e7ais)<\/li>\n\n\n\n<li><a rel=\"noopener noreferrer\" href=\"http:\/\/www.nasa.gov\/\" target=\"_blank\">Site de la NASA<\/a> (anglais)<\/li>\n\n\n\n<li><a rel=\"noopener noreferrer\" href=\"https:\/\/earth.nullschool.net\/\" target=\"_blank\">Carte des vents de la terre en temps r\u00e9el<\/a><\/li>\n\n\n\n<li><a rel=\"noreferrer noopener\" aria-label=\"International Commission on Stratigraphy (s\u2019ouvre dans un nouvel onglet)\" href=\"http:\/\/stratigraphy.org\/index.php\/ics-chart-timescale\" target=\"_blank\">International Commission on Stratigraphy<\/a><\/li>\n\n\n\n<li><a rel=\"noreferrer noopener\" aria-label=\"Astronote (s\u2019ouvre dans un nouvel onglet)\" href=\"https:\/\/www.astronote.fr\/\" target=\"_blank\">Astronote<\/a> (fran\u00e7ais)<\/li>\n\n\n\n<li><a rel=\"noreferrer noopener\" aria-label=\"Collimation sur SC t\u00e9lescope (s\u2019ouvre dans un nouvel onglet)\" href=\"https:\/\/www.pierro-astro.com\/images\/fichiers\/CollimationSCT.pdf\" target=\"_blank\">Collimation sur SC t\u00e9lescope<\/a><\/li>\n\n\n\n<li><a rel=\"noreferrer noopener\" href=\"https:\/\/telescopius.com\/\" target=\"_blank\">Telescopius<\/a> (anglais)<\/li>\n<\/ul>\n\n\n\n<p><strong>Livres conseill\u00e9s<\/strong><br>(mis \u00e0 jour le 28 juin 2022) <\/p>\n\n\n\n<ul class=\"wp-block-list\">\n<li><a rel=\"noopener noreferrer\" href=\"http:\/\/www.alaskaphotographics.com\/blog\/northern-lights-photography-ebook\/\" target=\"_blank\">How to Photograph the Northern Light<\/a><\/li>\n\n\n\n<li><a rel=\"noreferrer noopener\" aria-label=\"Le ciel aux jumelles (s\u2019ouvre dans un nouvel onglet)\" href=\"https:\/\/www.stelvision.com\/astro\/boutique\/guide-le-ciel-aux-jumelles\/\" target=\"_blank\">Le ciel aux jumelles<\/a><\/li>\n\n\n\n<li><a rel=\"noreferrer noopener\" aria-label=\"Astrophotographie (s\u2019ouvre dans un nouvel onglet)\" href=\"http:\/\/www.astrophoto.fr\/index_fr.html\" target=\"_blank\">Astrophotographie<\/a> (en Fran\u00e7ais)<\/li>\n\n\n\n<li><a href=\"https:\/\/boutique.saf-astronomie.fr\/produit\/calculs-astronomiques\/\" target=\"_blank\" rel=\"noreferrer noopener\">Calculs astronomiques \u00e0 l\u2019usage des amateurs<\/a><\/li>\n\n\n\n<li>en attente de vos suggestions<\/li>\n<\/ul>\n\n\n\n<p><strong>Pages \u00ab\u00a0R\u00e9seaux sociaux\u00a0\u00bb<\/strong><\/p>\n\n\n\n<ul class=\"wp-block-list\">\n<li><a href=\"https:\/\/www.facebook.com\/groups\/astro\/\" target=\"_blank\" rel=\"noopener noreferrer\">Page Facebook pour les astrophographes<\/a><\/li>\n\n\n\n<li><a href=\"https:\/\/www.facebook.com\/groups\/1408848709375689\/\" target=\"_blank\" rel=\"noopener noreferrer\">Page Facebook sur la lune<\/a><\/li>\n\n\n\n<li>en attente de vos suggestions<\/li>\n<\/ul>\n\n\n\n<p><strong>Presse astronomique<\/strong><\/p>\n\n\n\n<ul class=\"wp-block-list\">\n<li><a href=\"http:\/\/www.cieletespace.fr\/\" target=\"_blank\" rel=\"noopener noreferrer\">Ciel et Espace<\/a><\/li>\n\n\n\n<li><a href=\"http:\/\/lastronomie.fr\/magazine\/\" target=\"_blank\" rel=\"noopener noreferrer\">L&rsquo;Astronomie<\/a> (de la Soci\u00e9t\u00e9 Astronomique de France)<\/li>\n\n\n\n<li><a href=\"http:\/\/astronomie-magazine.fr\/\" target=\"_blank\" rel=\"noopener noreferrer\">Astronomie magasine<\/a><\/li>\n\n\n\n<li><a href=\"http:\/\/www.skyandtelescope.com\/\" target=\"_blank\" rel=\"noopener noreferrer\">Sky and Telescope<\/a><\/li>\n\n\n\n<li><a href=\"http:\/\/www.astronomy.com\/\" target=\"_blank\" rel=\"noopener noreferrer\">Astronomy magasine<\/a><\/li>\n\n\n\n<li>en attente de vos suggestions<\/li>\n<\/ul>\n\n\n\n<p><strong>Presse scientifique<\/strong><\/p>\n\n\n\n<ul class=\"wp-block-list\">\n<li>en attente de vos suggestions<\/li>\n<\/ul>\n","protected":false},"excerpt":{"rendered":"<p>Astrophotographie(mis \u00e0 jour le 08 mars 2025) Eph\u00e9m\u00e9rides astronomiques(mis \u00e0 jour le 19 novembre 2020) Station spatiale internationale (ISS)(mis \u00e0 jour le 18 septembre 2022) Logiciels du ciel, des \u00e9toiles et de la lune(mis \u00e0 jour le 18 novembre 2022) &hellip; <a href=\"https:\/\/www.astro-ge.net\/?page_id=1297\">Continuer la lecture <span class=\"meta-nav\">&rarr;<\/span><\/a><\/p>\n","protected":false},"author":11,"featured_media":0,"parent":2511,"menu_order":2,"comment_status":"closed","ping_status":"closed","template":"","meta":{"footnotes":""},"class_list":["post-1297","page","type-page","status-publish","hentry"],"_links":{"self":[{"href":"https:\/\/www.astro-ge.net\/index.php?rest_route=\/wp\/v2\/pages\/1297","targetHints":{"allow":["GET"]}}],"collection":[{"href":"https:\/\/www.astro-ge.net\/index.php?rest_route=\/wp\/v2\/pages"}],"about":[{"href":"https:\/\/www.astro-ge.net\/index.php?rest_route=\/wp\/v2\/types\/page"}],"author":[{"embeddable":true,"href":"https:\/\/www.astro-ge.net\/index.php?rest_route=\/wp\/v2\/users\/11"}],"replies":[{"embeddable":true,"href":"https:\/\/www.astro-ge.net\/index.php?rest_route=%2Fwp%2Fv2%2Fcomments&post=1297"}],"version-history":[{"count":0,"href":"https:\/\/www.astro-ge.net\/index.php?rest_route=\/wp\/v2\/pages\/1297\/revisions"}],"up":[{"embeddable":true,"href":"https:\/\/www.astro-ge.net\/index.php?rest_route=\/wp\/v2\/pages\/2511"}],"wp:attachment":[{"href":"https:\/\/www.astro-ge.net\/index.php?rest_route=%2Fwp%2Fv2%2Fmedia&parent=1297"}],"curies":[{"name":"wp","href":"https:\/\/api.w.org\/{rel}","templated":true}]}}