{"id":1511,"date":"2014-09-15T08:22:09","date_gmt":"2014-09-15T07:22:09","guid":{"rendered":"http:\/\/www.astro-ge.net\/?page_id=1511"},"modified":"2023-01-05T13:20:24","modified_gmt":"2023-01-05T12:20:24","slug":"plan-du-site","status":"publish","type":"page","link":"https:\/\/www.astro-ge.net\/?page_id=1511","title":{"rendered":"Plan du site"},"content":{"rendered":"<div id=\"simple-sitemap-container-69f3f1b72991a\" class=\"simple-sitemap-container simple-sitemap-container-69f3f1b72991a tab-disabled\"><div class=\"simple-sitemap-wrap\"><h3 class=\"post-type\">Pages<\/h3><ul class=\"simple-sitemap-page main\"><li class=\"sitemap-item page_item page-item-5 page_item_has_children\"><a href=\"https:\/\/www.astro-ge.net\/?page_id=5\">A propos de la SAG<\/a>\n<ul class='children'>\n\t<li class=\"sitemap-item page_item page-item-1011\"><a href=\"https:\/\/www.astro-ge.net\/?page_id=1011\">Devenir membre de la SAG<\/a><\/li>\n\t<li class=\"sitemap-item page_item page-item-7 page_item_has_children\"><a href=\"https:\/\/www.astro-ge.net\/?page_id=7\">Historique<\/a>\n\t<ul class='children'>\n\t\t<li class=\"sitemap-item page_item page-item-3813\"><a href=\"https:\/\/www.astro-ge.net\/?page_id=3813\">Anciens statuts<\/a><\/li>\n\t\t<li class=\"sitemap-item page_item page-item-3777\"><a href=\"https:\/\/www.astro-ge.net\/?page_id=3777\">Articles de presse<\/a><\/li>\n\t\t<li class=\"sitemap-item page_item page-item-3772\"><a href=\"https:\/\/www.astro-ge.net\/?page_id=3772\">Biographies<\/a><\/li>\n\t\t<li class=\"sitemap-item page_item page-item-3783\"><a href=\"https:\/\/www.astro-ge.net\/?page_id=3783\">Documents d&rsquo;archives<\/a><\/li>\n\t\t<li class=\"sitemap-item page_item page-item-3769\"><a href=\"https:\/\/www.astro-ge.net\/?page_id=3769\">Histoire de la SAG<\/a><\/li>\n\t\t<li class=\"sitemap-item page_item page-item-3774\"><a href=\"https:\/\/www.astro-ge.net\/?page_id=3774\">Pr\u00e9sidents de la SAG<\/a><\/li>\n\t\t<li class=\"sitemap-item page_item page-item-3793\"><a href=\"https:\/\/www.astro-ge.net\/?page_id=3793\">Publications historiques<\/a><\/li>\n\t<\/ul>\n<\/li>\n\t<li class=\"sitemap-item page_item page-item-69\"><a href=\"https:\/\/www.astro-ge.net\/?page_id=69\">Journal de la SAG<\/a><\/li>\n\t<li class=\"sitemap-item page_item page-item-901\"><a href=\"https:\/\/www.astro-ge.net\/?page_id=901\">La SAG dans la presse, \u00e0 la radio et \u00e0 la t\u00e9l\u00e9vision<\/a><\/li>\n\t<li class=\"sitemap-item page_item page-item-61\"><a href=\"https:\/\/www.astro-ge.net\/?page_id=61\">Observatoires<\/a><\/li>\n\t<li class=\"sitemap-item page_item page-item-785\"><a href=\"https:\/\/www.astro-ge.net\/?page_id=785\">Que fait la SAG ?<\/a><\/li>\n\t<li class=\"sitemap-item page_item page-item-459\"><a href=\"https:\/\/www.astro-ge.net\/?page_id=459\">Statuts<\/a><\/li>\n<\/ul>\n<\/li>\n<li class=\"sitemap-item page_item page-item-1560 page_item_has_children\"><a href=\"https:\/\/www.astro-ge.net\/?page_id=1560\">Activit\u00e9s<\/a>\n<ul class='children'>\n\t<li class=\"sitemap-item page_item page-item-4556\"><a href=\"https:\/\/www.astro-ge.net\/?page_id=4556\">Agendas<\/a><\/li>\n\t<li class=\"sitemap-item page_item page-item-4336\"><a href=\"https:\/\/www.astro-ge.net\/?page_id=4336\">Pr\u00e9sentations<\/a><\/li>\n\t<li class=\"sitemap-item page_item page-item-772\"><a href=\"https:\/\/www.astro-ge.net\/?page_id=772\">Programme d&rsquo;activit\u00e9s<\/a><\/li>\n\t<li class=\"sitemap-item page_item page-item-2333\"><a href=\"https:\/\/www.astro-ge.net\/?page_id=2333\">Section jeunes<\/a><\/li>\n<\/ul>\n<\/li>\n<li class=\"sitemap-item page_item page-item-481 page_item_has_children\"><a href=\"https:\/\/www.astro-ge.net\/?page_id=481\">Contact<\/a>\n<ul class='children'>\n\t<li class=\"sitemap-item page_item page-item-1963\"><a href=\"https:\/\/www.astro-ge.net\/?page_id=1963\">Nos coordonn\u00e9es | Acc\u00e8s<\/a><\/li>\n\t<li class=\"sitemap-item page_item page-item-1140\"><a href=\"https:\/\/www.astro-ge.net\/?page_id=1140\">Plans pour nous trouver<\/a><\/li>\n\t<li class=\"sitemap-item page_item page-item-1332\"><a href=\"https:\/\/www.astro-ge.net\/?page_id=1332\">SAG in English<\/a><\/li>\n<\/ul>\n<\/li>\n<li class=\"sitemap-item page_item page-item-2511 page_item_has_children\"><a href=\"https:\/\/www.astro-ge.net\/?page_id=2511\">Divers<\/a>\n<ul class='children'>\n\t<li class=\"sitemap-item page_item page-item-4575\"><a href=\"https:\/\/www.astro-ge.net\/?page_id=4575\">Biblioth\u00e8que<\/a><\/li>\n\t<li class=\"sitemap-item page_item page-item-1984\"><a href=\"https:\/\/www.astro-ge.net\/?page_id=1984\">Eph\u00e9m\u00e9rides astronomiques<\/a><\/li>\n\t<li class=\"sitemap-item page_item page-item-3673\"><a href=\"https:\/\/www.astro-ge.net\/?page_id=3673\">M\u00e9t\u00e9o &amp; webcams<\/a><\/li>\n\t<li class=\"sitemap-item page_item page-item-1511\"><a href=\"https:\/\/www.astro-ge.net\/?page_id=1511\">Plan du site<\/a><\/li>\n\t<li class=\"sitemap-item page_item page-item-1297\"><a href=\"https:\/\/www.astro-ge.net\/?page_id=1297\">Sites conseill\u00e9s par nos membres<\/a><\/li>\n\t<li class=\"sitemap-item page_item page-item-1295\"><a href=\"https:\/\/www.astro-ge.net\/?page_id=1295\">Sites Internet de nos membres<\/a><\/li>\n\t<li class=\"sitemap-item page_item page-item-1058\"><a href=\"https:\/\/www.astro-ge.net\/?page_id=1058\">Vente\/Achat mat\u00e9riel<\/a><\/li>\n<\/ul>\n<\/li>\n<li class=\"sitemap-item page_item page-item-1548 page_item_has_children\"><a href=\"https:\/\/www.astro-ge.net\/?page_id=1548\">Photos<\/a>\n<ul class='children'>\n\t<li class=\"sitemap-item page_item page-item-1769 page_item_has_children\"><a href=\"https:\/\/www.astro-ge.net\/?page_id=1769\">Activit\u00e9s des membres<\/a>\n\t<ul class='children'>\n\t\t<li class=\"sitemap-item page_item page-item-1725\"><a href=\"https:\/\/www.astro-ge.net\/?page_id=1725\">Observation en Vall\u00e9e de Joux le 27.09.2014<\/a><\/li>\n\t\t<li class=\"sitemap-item page_item page-item-1765\"><a href=\"https:\/\/www.astro-ge.net\/?page_id=1765\">Sortie SAG du 18.10.2014<\/a><\/li>\n\t<\/ul>\n<\/li>\n\t<li class=\"sitemap-item page_item page-item-3497\"><a href=\"https:\/\/www.astro-ge.net\/?page_id=3497\">Eclipse de lune<\/a><\/li>\n\t<li class=\"sitemap-item page_item page-item-1539 page_item_has_children\"><a href=\"https:\/\/www.astro-ge.net\/?page_id=1539\">Nos \u00e9v\u00e9nements publics<\/a>\n\t<ul class='children'>\n\t\t<li class=\"sitemap-item page_item page-item-1162\"><a href=\"https:\/\/www.astro-ge.net\/?page_id=1162\">Conf\u00e9rence Professeur Mayor<\/a><\/li>\n\t\t<li class=\"sitemap-item page_item page-item-1222\"><a href=\"https:\/\/www.astro-ge.net\/?page_id=1222\">F\u00e9\u00e9rie d&rsquo;une nuit 2014<\/a><\/li>\n\t\t<li class=\"sitemap-item page_item page-item-2111\"><a href=\"https:\/\/www.astro-ge.net\/?page_id=2111\">F\u00e9erie d&rsquo;une nuit 2015<\/a><\/li>\n\t\t<li class=\"sitemap-item page_item page-item-1051\"><a href=\"https:\/\/www.astro-ge.net\/?page_id=1051\">Nuit de la Science 2014<\/a><\/li>\n\t<\/ul>\n<\/li>\n\t<li class=\"sitemap-item page_item page-item-30 page_item_has_children\"><a href=\"https:\/\/www.astro-ge.net\/?page_id=30\">Nos photographies astronomiques<\/a>\n\t<ul class='children'>\n\t\t<li class=\"sitemap-item page_item page-item-118\"><a href=\"https:\/\/www.astro-ge.net\/?page_id=118\">Amas globulaires<\/a><\/li>\n\t\t<li class=\"sitemap-item page_item page-item-36\"><a href=\"https:\/\/www.astro-ge.net\/?page_id=36\">Amas ouverts<\/a><\/li>\n\t\t<li class=\"sitemap-item page_item page-item-229\"><a href=\"https:\/\/www.astro-ge.net\/?page_id=229\">Aurores bor\u00e9ales<\/a><\/li>\n\t\t<li class=\"sitemap-item page_item page-item-242\"><a href=\"https:\/\/www.astro-ge.net\/?page_id=242\">Com\u00e8tes<\/a><\/li>\n\t\t<li class=\"sitemap-item page_item page-item-234\"><a href=\"https:\/\/www.astro-ge.net\/?page_id=234\">Conjonctions<\/a><\/li>\n\t\t<li class=\"sitemap-item page_item page-item-231\"><a href=\"https:\/\/www.astro-ge.net\/?page_id=231\">Constellations<\/a><\/li>\n\t\t<li class=\"sitemap-item page_item page-item-3496\"><a href=\"https:\/\/www.astro-ge.net\/?page_id=3496\">Eclipse de soleil<\/a><\/li>\n\t\t<li class=\"sitemap-item page_item page-item-222\"><a href=\"https:\/\/www.astro-ge.net\/?page_id=222\">Galaxies<\/a><\/li>\n\t\t<li class=\"sitemap-item page_item page-item-238\"><a href=\"https:\/\/www.astro-ge.net\/?page_id=238\">Lune<\/a><\/li>\n\t\t<li class=\"sitemap-item page_item page-item-34\"><a href=\"https:\/\/www.astro-ge.net\/?page_id=34\">N\u00e9buleuses<\/a><\/li>\n\t\t<li class=\"sitemap-item page_item page-item-244\"><a href=\"https:\/\/www.astro-ge.net\/?page_id=244\">Ph\u00e9nom\u00e8nes m\u00e9t\u00e9orologiques<\/a><\/li>\n\t\t<li class=\"sitemap-item page_item page-item-240\"><a href=\"https:\/\/www.astro-ge.net\/?page_id=240\">Plan\u00e8tes<\/a><\/li>\n\t\t<li class=\"sitemap-item page_item page-item-236\"><a href=\"https:\/\/www.astro-ge.net\/?page_id=236\">Soleil<\/a><\/li>\n\t<\/ul>\n<\/li>\n<\/ul>\n<\/li>\n<li class=\"sitemap-item page_item page-item-2513\"><a href=\"https:\/\/www.astro-ge.net\/?page_id=2513\">Pollution lumineuse<\/a><\/li>\n<\/ul><\/div><div class=\"simple-sitemap-wrap\"><h3 class=\"post-type\">Articles<\/h3><ul class=\"simple-sitemap-post main\"><li class=\"sitemap-item\"><a href=\"https:\/\/www.astro-ge.net\/?p=4480\">\u00ab\u00a0Femmes astronomes\u00a0\u00bb: \u00e9v\u00e9nement science et art au f\u00e9minin le 23 novembre 2023<\/a><\/li><li class=\"sitemap-item\"><a href=\"https:\/\/www.astro-ge.net\/?p=4264\">08 d\u00e9cembre 2022: Opposition de la plan\u00e8te Mars avec la terre<\/a><\/li><li class=\"sitemap-item\"><a href=\"https:\/\/www.astro-ge.net\/?p=2196\">2015 : R\u00e9trospective de nos activit\u00e9s en images<\/a><\/li><li class=\"sitemap-item\"><a href=\"https:\/\/www.astro-ge.net\/?p=1842\">2015: l&rsquo;ann\u00e9e internationale de la lumi\u00e8re<\/a><\/li><li class=\"sitemap-item\"><a href=\"https:\/\/www.astro-ge.net\/?p=4237\">25 octobre 2022: Eclipse partielle de soleil visible de Gen\u00e8ve<\/a><\/li><li class=\"sitemap-item\"><a href=\"https:\/\/www.astro-ge.net\/?p=2521\">31 janvier 2018 : Eclipse totale de lune<\/a><\/li><li class=\"sitemap-item\"><a href=\"https:\/\/www.astro-ge.net\/?p=1795\">A la d\u00e9couverte du ciel \u00e9toil\u00e9<\/a><\/li><li class=\"sitemap-item\"><a href=\"https:\/\/www.astro-ge.net\/?p=4383\">A propos de Mars<\/a><\/li><li class=\"sitemap-item\"><a href=\"https:\/\/www.astro-ge.net\/?p=2318\">Apprendre l&rsquo;astrophotographie<\/a><\/li><li class=\"sitemap-item\"><a href=\"https:\/\/www.astro-ge.net\/?p=281\">Astronomie dans le Larzac<\/a><\/li><li class=\"sitemap-item\"><a href=\"https:\/\/www.astro-ge.net\/?p=4075\">Calendrier des \u00e9v\u00e9nements astronomiques : hiver 2021-2022<\/a><\/li><li class=\"sitemap-item\"><a href=\"https:\/\/www.astro-ge.net\/?p=2067\">Concours international pour nommer les exoplan\u00e8tes \u00e0 la Une de la Tribune de Gen\u00e8ve<\/a><\/li><li class=\"sitemap-item\"><a href=\"https:\/\/www.astro-ge.net\/?p=3187\">Conf\u00e9rence de Michel Mayor et Didier Queloz<\/a><\/li><li class=\"sitemap-item\"><a href=\"https:\/\/www.astro-ge.net\/?p=758\">Conf\u00e9rence du Professeur Michel Mayor<\/a><\/li><li class=\"sitemap-item\"><a href=\"https:\/\/www.astro-ge.net\/?p=2569\">Conf\u00e9rence sur le James Webb Telescope<\/a><\/li><li class=\"sitemap-item\"><a href=\"https:\/\/www.astro-ge.net\/?p=4349\">Conjonction Lune, Jupiter et V\u00e9nus les 21, 22 et 23 f\u00e9vrier 2023<\/a><\/li><li class=\"sitemap-item\"><a href=\"https:\/\/www.astro-ge.net\/?p=2261\">D\u00e9couvrir la lune<\/a><\/li><li class=\"sitemap-item\"><a href=\"https:\/\/www.astro-ge.net\/?p=4096\">Deux \u00e9clipses visibles de Gen\u00e8ve en 2022<\/a><\/li><li class=\"sitemap-item\"><a href=\"https:\/\/www.astro-ge.net\/?p=524\">Du danger des lasers verts bon march\u00e9<\/a><\/li><li class=\"sitemap-item\"><a href=\"https:\/\/www.astro-ge.net\/?p=2457\">Eclipse partielle de lune le 07 Ao\u00fbt 2017<\/a><\/li><li class=\"sitemap-item\"><a href=\"https:\/\/www.astro-ge.net\/?p=2934\">Eclipse partielle de lune le 16 juillet 2019 \u00a6 20 juillet 1969 : Premiers hommes sur la lune (Apollo 11)<\/a><\/li><li class=\"sitemap-item\"><a href=\"https:\/\/www.astro-ge.net\/?p=1880\">Eclipse partielle de soleil le 20 mars 2015<\/a><\/li><li class=\"sitemap-item\"><a href=\"https:\/\/www.astro-ge.net\/?p=4009\">Eclipse partielle de soleil visible de Gen\u00e8ve le 10 juin 2021<\/a><\/li><li class=\"sitemap-item\"><a href=\"https:\/\/www.astro-ge.net\/?p=2594\">Eclipse totale de lune et opposition de Mars le 27 juillet 2018<\/a><\/li><li class=\"sitemap-item\"><a href=\"https:\/\/www.astro-ge.net\/?p=2710\">Eclipse totale de lune le 21 janvier 2019<\/a><\/li><li class=\"sitemap-item\"><a href=\"https:\/\/www.astro-ge.net\/?p=4116\">Eclipse totale de lune partiellement visible de Gen\u00e8ve le 16 mai 2022<\/a><\/li><li class=\"sitemap-item\"><a href=\"https:\/\/www.astro-ge.net\/?p=2465\">Eclipse totale de soleil du 21 ao\u00fbt 2017<\/a><\/li><li class=\"sitemap-item\"><a href=\"https:\/\/www.astro-ge.net\/?p=312\">Eph\u00e9m\u00e9rides des mois d&rsquo;octobre \u00e0 d\u00e9cembre 2012<\/a><\/li><li class=\"sitemap-item\"><a href=\"https:\/\/www.astro-ge.net\/?p=116\">Eph\u00e9m\u00e9rides des mois de mai \u00e0 juillet 2012<\/a><\/li><li class=\"sitemap-item\"><a href=\"https:\/\/www.astro-ge.net\/?p=2587\">Exposition au Mus\u00e9um d&rsquo;Histoire Naturelle de Gen\u00e8ve<\/a><\/li><li class=\"sitemap-item\"><a href=\"https:\/\/www.astro-ge.net\/?p=3280\">Fermeture temporaire de la Soci\u00e9t\u00e9 astronomique de Gen\u00e8ve<\/a><\/li><li class=\"sitemap-item\"><a href=\"https:\/\/www.astro-ge.net\/?p=2532\">Journ\u00e9e de l\u2019Astronomie 2018<\/a><\/li><li class=\"sitemap-item\"><a href=\"https:\/\/www.astro-ge.net\/?p=262\">L&rsquo;astronomie toujours tr\u00e8s pr\u00e9sente \u00e0 la Nuit de la Science 2012<\/a><\/li><li class=\"sitemap-item\"><a href=\"https:\/\/www.astro-ge.net\/?p=3328\">L&rsquo;astrophotographie en confinement<\/a><\/li><li class=\"sitemap-item\"><a href=\"https:\/\/www.astro-ge.net\/?p=2144\">L&rsquo;\u00e9clipse de lune photographi\u00e9e par nos membres<\/a><\/li><li class=\"sitemap-item\"><a href=\"https:\/\/www.astro-ge.net\/?p=1928\">L&rsquo;\u00e9clipse totale en vid\u00e9o<\/a><\/li><li class=\"sitemap-item\"><a href=\"https:\/\/www.astro-ge.net\/?p=1949\">L&rsquo;\u00e9clipse totale vue d&rsquo;avion<\/a><\/li><li class=\"sitemap-item\"><a href=\"https:\/\/www.astro-ge.net\/?p=2387\">L&rsquo;\u00e9toile du Berger<\/a><\/li><li class=\"sitemap-item\"><a href=\"https:\/\/www.astro-ge.net\/?p=4330\">La com\u00e8te C\/2022 E3 (ZTF)<\/a><\/li><li class=\"sitemap-item\"><a href=\"https:\/\/www.astro-ge.net\/?p=4180\">La Nuit de la Science 2022<\/a><\/li><li class=\"sitemap-item\"><a href=\"https:\/\/www.astro-ge.net\/?p=2243\">La plan\u00e8te Mercure devant le soleil<\/a><\/li><li class=\"sitemap-item\"><a href=\"https:\/\/www.astro-ge.net\/?p=2164\">La Soci\u00e9t\u00e9 Astronomique de Gen\u00e8ve \u00e0 l&rsquo;observatoire de Saint-Luc<\/a><\/li><li class=\"sitemap-item\"><a href=\"https:\/\/www.astro-ge.net\/?p=407\">La vie de la soci\u00e9t\u00e9 (01.2013)<\/a><\/li><li class=\"sitemap-item\"><a href=\"https:\/\/www.astro-ge.net\/?p=113\">La vie de la soci\u00e9t\u00e9 (05.2012)<\/a><\/li><li class=\"sitemap-item\"><a href=\"https:\/\/www.astro-ge.net\/?p=877\">La vie de la soci\u00e9t\u00e9 (06.2014)<\/a><\/li><li class=\"sitemap-item\"><a href=\"https:\/\/www.astro-ge.net\/?p=622\">La vie de la soci\u00e9t\u00e9 (09.2013)<\/a><\/li><li class=\"sitemap-item\"><a href=\"https:\/\/www.astro-ge.net\/?p=2444\">Le patrimoine de notre soci\u00e9t\u00e9 expos\u00e9 au Mus\u00e9e d&rsquo;Histoire des Sciences de Gen\u00e8ve<\/a><\/li><li class=\"sitemap-item\"><a href=\"https:\/\/www.astro-ge.net\/?p=949\">Le projet : Cloud Watch<\/a><\/li><li class=\"sitemap-item\"><a href=\"https:\/\/www.astro-ge.net\/?p=4610\">Le projet Astra \u00e0 l&rsquo;honneur le 22 janvier 2026 \u00e0 18h30 \u00e0 la salle du Faubourg<\/a><\/li><li class=\"sitemap-item\"><a href=\"https:\/\/www.astro-ge.net\/?p=2300\">Le week-end des \u00e9toiles a commenc\u00e9<\/a><\/li><li class=\"sitemap-item\"><a href=\"https:\/\/www.astro-ge.net\/?p=2063\">Les \u00e9toiles filantes<\/a><\/li><li class=\"sitemap-item\"><a href=\"https:\/\/www.astro-ge.net\/?p=2308\">Les photographies de nos membres<\/a><\/li><li class=\"sitemap-item\"><a href=\"https:\/\/www.astro-ge.net\/?p=2239\">Les prochains \u00e9v\u00e9nements astronomiques de 2016<\/a><\/li><li class=\"sitemap-item\"><a href=\"https:\/\/www.astro-ge.net\/?p=9\">Marathon de Messier 2012<\/a><\/li><li class=\"sitemap-item\"><a href=\"https:\/\/www.astro-ge.net\/?p=1997\">Michel Mayor : Pr\u00e9sident d&rsquo;honneur de la Soci\u00e9t\u00e9 Astronomique de Gen\u00e8ve<\/a><\/li><li class=\"sitemap-item\"><a href=\"https:\/\/www.astro-ge.net\/?p=3136\">Michel Mayor : prix Nobel de Physique<\/a><\/li><li class=\"sitemap-item\"><a href=\"https:\/\/www.astro-ge.net\/?p=2031\">New Horizons au plus proche de Pluton<\/a><\/li><li class=\"sitemap-item\"><a href=\"https:\/\/www.astro-ge.net\/?p=4572\">Nouveau site Internet de la section jeune de la soci\u00e9t\u00e9 astronomique de Gen\u00e8ve<\/a><\/li><li class=\"sitemap-item\"><a href=\"https:\/\/www.astro-ge.net\/?p=131\">Nouveau site web<\/a><\/li><li class=\"sitemap-item\"><a href=\"https:\/\/www.astro-ge.net\/?p=152\">Nuit de la Science 2012<\/a><\/li><li class=\"sitemap-item\"><a href=\"https:\/\/www.astro-ge.net\/?p=2279\">Nuit de la Science 2016<\/a><\/li><li class=\"sitemap-item\"><a href=\"https:\/\/www.astro-ge.net\/?p=2267\">Nuit de la Science et que voir dans le ciel d&rsquo;\u00e9t\u00e9 ?<\/a><\/li><li class=\"sitemap-item\"><a href=\"https:\/\/www.astro-ge.net\/?p=2448\">Nuit des \u00e9toiles 2017<\/a><\/li><li class=\"sitemap-item\"><a href=\"https:\/\/www.astro-ge.net\/?p=4415\">Nuit des \u00e9toiles filantes le 12 ao\u00fbt 2023<\/a><\/li><li class=\"sitemap-item\"><a href=\"https:\/\/www.astro-ge.net\/?p=814\">Observation au Signal de Bernex le 04.12.2013<\/a><\/li><li class=\"sitemap-item\"><a href=\"https:\/\/www.astro-ge.net\/?p=1355\">Observation de la super lune<\/a><\/li><li class=\"sitemap-item\"><a href=\"https:\/\/www.astro-ge.net\/?p=320\">Observation des aurores bor\u00e9ales<\/a><\/li><li class=\"sitemap-item\"><a href=\"https:\/\/www.astro-ge.net\/?p=2230\">Observation du ciel et nos prochaines conf\u00e9rences<\/a><\/li><li class=\"sitemap-item\"><a href=\"https:\/\/www.astro-ge.net\/?p=4579\">Observation publique du ciel \u00e9toil\u00e9 \u00e0 Lancy le 04 septembre 2025<\/a><\/li><li class=\"sitemap-item\"><a href=\"https:\/\/www.astro-ge.net\/?p=4442\">Observation publique du ciel \u00e9toil\u00e9 \u00e0 Lancy le 15 ao\u00fbt 2024<\/a><\/li><li class=\"sitemap-item\"><a href=\"https:\/\/www.astro-ge.net\/?p=4395\">Observation publique du soleil au t\u00e9lescope le 24 juin 2023<\/a><\/li><li class=\"sitemap-item\"><a href=\"https:\/\/www.astro-ge.net\/?p=3314\">Observer la com\u00e8te Atlas C\/2019 Y4<\/a><\/li><li class=\"sitemap-item\"><a href=\"https:\/\/www.astro-ge.net\/?p=2363\">Ouverture d&rsquo;une section jeune<\/a><\/li><li class=\"sitemap-item\"><a href=\"https:\/\/www.astro-ge.net\/?p=2753\">Photos de l&rsquo;\u00e9clipse de lune du 21 janvier 2019<\/a><\/li><li class=\"sitemap-item\"><a href=\"https:\/\/www.astro-ge.net\/?p=2607\">Photos de l&rsquo;\u00e9clipse de lune prises par nos membres<\/a><\/li><li class=\"sitemap-item\"><a href=\"https:\/\/www.astro-ge.net\/?p=2034\">Pluton et Charon : des montagnes et un canyon<\/a><\/li><li class=\"sitemap-item\"><a href=\"https:\/\/www.astro-ge.net\/?p=2786\">Prochains \u00e9v\u00e9nements astronomiques en 2019<\/a><\/li><li class=\"sitemap-item\"><a href=\"https:\/\/www.astro-ge.net\/?p=4466\">Programme 2023-2024 de la section jeune de la Soci\u00e9t\u00e9 Astronomique de Gen\u00e8ve<\/a><\/li><li class=\"sitemap-item\"><a href=\"https:\/\/www.astro-ge.net\/?p=4525\">Programme 2024-2025 de la section jeune de la Soci\u00e9t\u00e9 Astronomique de Gen\u00e8ve<\/a><\/li><li class=\"sitemap-item\"><a href=\"https:\/\/www.astro-ge.net\/?p=3704\">Que pourra-t-on observer dans le ciel jusque fin avril ?<\/a><\/li><li class=\"sitemap-item\"><a href=\"https:\/\/www.astro-ge.net\/?p=4071\">Que voir dans le ciel nocturne du mois de d\u00e9cembre 2021<\/a><\/li><li class=\"sitemap-item\"><a href=\"https:\/\/www.astro-ge.net\/?p=4449\">Reportage de la RTS sur l\u2019astrophotographie au sein de notre soci\u00e9t\u00e9<\/a><\/li><li class=\"sitemap-item\"><a href=\"https:\/\/www.astro-ge.net\/?p=4087\">Reprise des activit\u00e9s de notre soci\u00e9t\u00e9 en pr\u00e9sentiel<\/a><\/li><li class=\"sitemap-item\"><a href=\"https:\/\/www.astro-ge.net\/?p=3686\">Saturne et Jupiter : la grande conjonction du 21 D\u00e9cembre 2020<\/a><\/li><li class=\"sitemap-item\"><a href=\"https:\/\/www.astro-ge.net\/?p=4153\">Sept plan\u00e8tes align\u00e9es avec la lune<\/a><\/li><li class=\"sitemap-item\"><a href=\"https:\/\/www.astro-ge.net\/?p=4469\">Soir\u00e9e d&rsquo;observation astronomique le samedi 14 octobre au Signal de Bernex<\/a><\/li><li class=\"sitemap-item\"><a href=\"https:\/\/www.astro-ge.net\/?p=846\">Soir\u00e9e publique au Signal de Bernex<\/a><\/li><li class=\"sitemap-item\"><a href=\"https:\/\/www.astro-ge.net\/?p=607\">Sortie astronomique avec la Maison du Quartier des Asters<\/a><\/li><li class=\"sitemap-item\"><a href=\"https:\/\/www.astro-ge.net\/?p=641\">Sortie astronomique en Vall\u00e9e de Joux<\/a><\/li><li class=\"sitemap-item\"><a href=\"https:\/\/www.astro-ge.net\/?p=2352\">Sortie de l&rsquo;Equinoxe de la Soci\u00e9t\u00e9 Astronomique de Gen\u00e8ve<\/a><\/li><li class=\"sitemap-item\"><a href=\"https:\/\/www.astro-ge.net\/?p=346\">Succ\u00e8s croissant des rencontres du ciel et de l&rsquo;espace (01-04 novembre 2012, Paris)<\/a><\/li><li class=\"sitemap-item\"><a href=\"https:\/\/www.astro-ge.net\/?p=2680\">Super lune le 22 d\u00e9cembre 2018<\/a><\/li><li class=\"sitemap-item\"><a href=\"https:\/\/www.astro-ge.net\/?p=3323\">Transit de la station spatiale internationale devant la lune visible de Gen\u00e8ve le 03 avril 2020<\/a><\/li><li class=\"sitemap-item\"><a href=\"https:\/\/www.astro-ge.net\/?p=163\">Transit de V\u00e9nus<\/a><\/li><li class=\"sitemap-item\"><a href=\"https:\/\/www.astro-ge.net\/?p=2051\">Un week-end sous les \u00e9toiles et nos prochains \u00e9v\u00e9nements<\/a><\/li><li class=\"sitemap-item\"><a href=\"https:\/\/www.astro-ge.net\/?p=1923\">Une \u00e9clipse avec les nuages<\/a><\/li><li class=\"sitemap-item\"><a href=\"https:\/\/www.astro-ge.net\/?p=4014\">Vid\u00e9o de l&rsquo;\u00e9clipse partielle de soleil du 10 juin 2021 film\u00e9e de Gen\u00e8ve<\/a><\/li><li class=\"sitemap-item\"><a href=\"https:\/\/www.astro-ge.net\/?p=3713\">Vid\u00e9o de la descente de la sonde Pers\u00e9v\u00e9rance sur la plan\u00e8te Mars<\/a><\/li><li class=\"sitemap-item\"><a href=\"https:\/\/www.astro-ge.net\/?p=3196\">Vous souhaitez vous initier \u00e0 l&rsquo;astronomie ?<\/a><\/li><li class=\"sitemap-item\"><a href=\"https:\/\/www.astro-ge.net\/?p=2281\">Week-end des \u00e9toiles 2016<\/a><\/li><li class=\"sitemap-item\"><a href=\"https:\/\/www.astro-ge.net\/?p=2041\">Week-end des \u00e9toiles les 25 et 26 juillet 2015<\/a><\/li><\/ul><\/div><\/div><br style=\"clear: both;\">","protected":false},"excerpt":{"rendered":"","protected":false},"author":11,"featured_media":0,"parent":2511,"menu_order":0,"comment_status":"closed","ping_status":"closed","template":"","meta":{"footnotes":""},"class_list":["post-1511","page","type-page","status-publish","hentry"],"_links":{"self":[{"href":"https:\/\/www.astro-ge.net\/index.php?rest_route=\/wp\/v2\/pages\/1511","targetHints":{"allow":["GET"]}}],"collection":[{"href":"https:\/\/www.astro-ge.net\/index.php?rest_route=\/wp\/v2\/pages"}],"about":[{"href":"https:\/\/www.astro-ge.net\/index.php?rest_route=\/wp\/v2\/types\/page"}],"author":[{"embeddable":true,"href":"https:\/\/www.astro-ge.net\/index.php?rest_route=\/wp\/v2\/users\/11"}],"replies":[{"embeddable":true,"href":"https:\/\/www.astro-ge.net\/index.php?rest_route=%2Fwp%2Fv2%2Fcomments&post=1511"}],"version-history":[{"count":0,"href":"https:\/\/www.astro-ge.net\/index.php?rest_route=\/wp\/v2\/pages\/1511\/revisions"}],"up":[{"embeddable":true,"href":"https:\/\/www.astro-ge.net\/index.php?rest_route=\/wp\/v2\/pages\/2511"}],"wp:attachment":[{"href":"https:\/\/www.astro-ge.net\/index.php?rest_route=%2Fwp%2Fv2%2Fmedia&parent=1511"}],"curies":[{"name":"wp","href":"https:\/\/api.w.org\/{rel}","templated":true}]}}