{"id":1560,"date":"2014-09-17T17:53:25","date_gmt":"2014-09-17T16:53:25","guid":{"rendered":"http:\/\/www.astro-ge.net\/?page_id=1560"},"modified":"2021-08-19T11:30:22","modified_gmt":"2021-08-19T10:30:22","slug":"programme-dactivites","status":"publish","type":"page","link":"https:\/\/www.astro-ge.net\/?page_id=1560","title":{"rendered":"Activit\u00e9s"},"content":{"rendered":"\n<p><br>Voici les liens de la rubrique activit\u00e9s :<\/p>\n\n\n\n<ul class=\"wp-block-list\"><li><a href=\"https:\/\/www.astro-ge.net\/?page_id=772\" target=\"_blank\" rel=\"noopener\">Programme d&rsquo;activit\u00e9s de la Soci\u00e9t\u00e9 Astronomique de Gen\u00e8ve<\/a><\/li><li><a href=\"https:\/\/www.astro-ge.net\/?page_id=4042\" target=\"_blank\" rel=\"noopener\">Sites d&rsquo;observation astronomique<\/a><\/li><li><a href=\"https:\/\/www.astro-ge.net\/?page_id=2333\" target=\"_blank\" rel=\"noopener\">Section jeunes<\/a><\/li><li><a href=\"https:\/\/www.astro-ge.net\/?page_id=996\" target=\"_blank\" rel=\"noopener\">Interclubs<\/a><\/li><\/ul>\n\n\n\n<p><\/p>\n","protected":false},"excerpt":{"rendered":"<p>Voici les liens de la rubrique activit\u00e9s : Programme d&rsquo;activit\u00e9s de la Soci\u00e9t\u00e9 Astronomique de Gen\u00e8ve Sites d&rsquo;observation astronomique Section jeunes Interclubs<\/p>\n","protected":false},"author":11,"featured_media":0,"parent":0,"menu_order":2,"comment_status":"closed","ping_status":"closed","template":"","meta":{"footnotes":""},"class_list":["post-1560","page","type-page","status-publish","hentry"],"_links":{"self":[{"href":"https:\/\/www.astro-ge.net\/index.php?rest_route=\/wp\/v2\/pages\/1560","targetHints":{"allow":["GET"]}}],"collection":[{"href":"https:\/\/www.astro-ge.net\/index.php?rest_route=\/wp\/v2\/pages"}],"about":[{"href":"https:\/\/www.astro-ge.net\/index.php?rest_route=\/wp\/v2\/types\/page"}],"author":[{"embeddable":true,"href":"https:\/\/www.astro-ge.net\/index.php?rest_route=\/wp\/v2\/users\/11"}],"replies":[{"embeddable":true,"href":"https:\/\/www.astro-ge.net\/index.php?rest_route=%2Fwp%2Fv2%2Fcomments&post=1560"}],"version-history":[{"count":0,"href":"https:\/\/www.astro-ge.net\/index.php?rest_route=\/wp\/v2\/pages\/1560\/revisions"}],"wp:attachment":[{"href":"https:\/\/www.astro-ge.net\/index.php?rest_route=%2Fwp%2Fv2%2Fmedia&parent=1560"}],"curies":[{"name":"wp","href":"https:\/\/api.w.org\/{rel}","templated":true}]}}