{"id":1765,"date":"2014-10-20T19:43:29","date_gmt":"2014-10-20T18:43:29","guid":{"rendered":"http:\/\/www.astro-ge.net\/?page_id=1765"},"modified":"2023-07-24T13:54:02","modified_gmt":"2023-07-24T12:54:02","slug":"sortie-pour-les-membres-de-la-sag","status":"publish","type":"page","link":"https:\/\/www.astro-ge.net\/?page_id=1765","title":{"rendered":"Sortie SAG du 18.10.2014"},"content":{"rendered":"<p><iframe loading=\"lazy\" style=\"border: none; overflow: hidden; height: 80px;\" src=\"\/\/www.facebook.com\/plugins\/like.php?href=http%3A%2F%2Fwww.astro-ge.net%2F%3Fpage_id%3D1765&amp;width&amp;layout=standard&amp;action=like&amp;show_faces=true&amp;share=true&amp;height=80\" width=\"300\" height=\"150\" frameborder=\"0\" scrolling=\"no\"><\/iframe><br \/>\nVoici des photos du ciel nocturne en montagne le 18 octobre vers 20h30 lors d&rsquo;une soir\u00e9e organis\u00e9e pour les membres de la Soci\u00e9t\u00e9 Astronomique de Gen\u00e8ve.<\/p>\n\n\t\t<style type=\"text\/css\">\n\t\t\t#gallery-1 {\n\t\t\t\tmargin: auto;\n\t\t\t}\n\t\t\t#gallery-1 .gallery-item {\n\t\t\t\tfloat: left;\n\t\t\t\tmargin-top: 10px;\n\t\t\t\ttext-align: center;\n\t\t\t\twidth: 33%;\n\t\t\t}\n\t\t\t#gallery-1 img {\n\t\t\t\tborder: 2px solid #cfcfcf;\n\t\t\t}\n\t\t\t#gallery-1 .gallery-caption {\n\t\t\t\tmargin-left: 0;\n\t\t\t}\n\t\t\t\/* see gallery_shortcode() in wp-includes\/media.php *\/\n\t\t<\/style>\n\t\t<div id='gallery-1' class='gallery galleryid-1765 gallery-columns-3 gallery-size-thumbnail'><dl class='gallery-item'>\n\t\t\t<dt class='gallery-icon landscape'>\n\t\t\t\t<a href='https:\/\/www.astro-ge.net\/wordpress\/wp-content\/uploads\/2014\/10\/IMG_5367_resized.jpg' rel=\"lightbox[gallery-0]\"><img loading=\"lazy\" decoding=\"async\" width=\"200\" height=\"200\" src=\"https:\/\/www.astro-ge.net\/wordpress\/wp-content\/uploads\/2014\/10\/IMG_5367_resized-200x200.jpg\" class=\"attachment-thumbnail size-thumbnail\" alt=\"\" \/><\/a>\n\t\t\t<\/dt><\/dl><dl class='gallery-item'>\n\t\t\t<dt class='gallery-icon landscape'>\n\t\t\t\t<a href='https:\/\/www.astro-ge.net\/wordpress\/wp-content\/uploads\/2014\/10\/IMG_5336_resized.jpg' rel=\"lightbox[gallery-0]\"><img loading=\"lazy\" decoding=\"async\" width=\"200\" height=\"200\" src=\"https:\/\/www.astro-ge.net\/wordpress\/wp-content\/uploads\/2014\/10\/IMG_5336_resized-200x200.jpg\" class=\"attachment-thumbnail size-thumbnail\" alt=\"\" \/><\/a>\n\t\t\t<\/dt><\/dl><dl class='gallery-item'>\n\t\t\t<dt class='gallery-icon landscape'>\n\t\t\t\t<a href='https:\/\/www.astro-ge.net\/wordpress\/wp-content\/uploads\/2014\/10\/IMG_5333_resized.jpg' rel=\"lightbox[gallery-0]\"><img loading=\"lazy\" decoding=\"async\" width=\"200\" height=\"200\" src=\"https:\/\/www.astro-ge.net\/wordpress\/wp-content\/uploads\/2014\/10\/IMG_5333_resized-200x200.jpg\" class=\"attachment-thumbnail size-thumbnail\" alt=\"\" \/><\/a>\n\t\t\t<\/dt><\/dl><br style=\"clear: both\" \/><dl class='gallery-item'>\n\t\t\t<dt class='gallery-icon landscape'>\n\t\t\t\t<a href='https:\/\/www.astro-ge.net\/wordpress\/wp-content\/uploads\/2014\/10\/IMG_5330_resized.jpg' rel=\"lightbox[gallery-0]\"><img loading=\"lazy\" decoding=\"async\" width=\"200\" height=\"200\" src=\"https:\/\/www.astro-ge.net\/wordpress\/wp-content\/uploads\/2014\/10\/IMG_5330_resized-200x200.jpg\" class=\"attachment-thumbnail size-thumbnail\" alt=\"\" \/><\/a>\n\t\t\t<\/dt><\/dl><dl class='gallery-item'>\n\t\t\t<dt class='gallery-icon landscape'>\n\t\t\t\t<a href='https:\/\/www.astro-ge.net\/wordpress\/wp-content\/uploads\/2014\/10\/IMG_5319_resized.jpg' rel=\"lightbox[gallery-0]\"><img loading=\"lazy\" decoding=\"async\" width=\"200\" height=\"200\" src=\"https:\/\/www.astro-ge.net\/wordpress\/wp-content\/uploads\/2014\/10\/IMG_5319_resized-200x200.jpg\" class=\"attachment-thumbnail size-thumbnail\" alt=\"\" \/><\/a>\n\t\t\t<\/dt><\/dl>\n\t\t\t<br style='clear: both' \/>\n\t\t<\/div>\n\n","protected":false},"excerpt":{"rendered":"<p>Voici des photos du ciel nocturne en montagne le 18 octobre vers 20h30 lors d&rsquo;une soir\u00e9e organis\u00e9e pour les membres de la Soci\u00e9t\u00e9 Astronomique de Gen\u00e8ve.<\/p>\n","protected":false},"author":11,"featured_media":0,"parent":1769,"menu_order":1,"comment_status":"closed","ping_status":"closed","template":"","meta":{"footnotes":""},"class_list":["post-1765","page","type-page","status-publish","hentry"],"_links":{"self":[{"href":"https:\/\/www.astro-ge.net\/index.php?rest_route=\/wp\/v2\/pages\/1765","targetHints":{"allow":["GET"]}}],"collection":[{"href":"https:\/\/www.astro-ge.net\/index.php?rest_route=\/wp\/v2\/pages"}],"about":[{"href":"https:\/\/www.astro-ge.net\/index.php?rest_route=\/wp\/v2\/types\/page"}],"author":[{"embeddable":true,"href":"https:\/\/www.astro-ge.net\/index.php?rest_route=\/wp\/v2\/users\/11"}],"replies":[{"embeddable":true,"href":"https:\/\/www.astro-ge.net\/index.php?rest_route=%2Fwp%2Fv2%2Fcomments&post=1765"}],"version-history":[{"count":0,"href":"https:\/\/www.astro-ge.net\/index.php?rest_route=\/wp\/v2\/pages\/1765\/revisions"}],"up":[{"embeddable":true,"href":"https:\/\/www.astro-ge.net\/index.php?rest_route=\/wp\/v2\/pages\/1769"}],"wp:attachment":[{"href":"https:\/\/www.astro-ge.net\/index.php?rest_route=%2Fwp%2Fv2%2Fmedia&parent=1765"}],"curies":[{"name":"wp","href":"https:\/\/api.w.org\/{rel}","templated":true}]}}