{"id":1769,"date":"2014-10-20T19:47:27","date_gmt":"2014-10-20T18:47:27","guid":{"rendered":"http:\/\/www.astro-ge.net\/?page_id=1769"},"modified":"2023-07-24T13:53:10","modified_gmt":"2023-07-24T12:53:10","slug":"activites-des-membres","status":"publish","type":"page","link":"https:\/\/www.astro-ge.net\/?page_id=1769","title":{"rendered":"Activit\u00e9s des membres"},"content":{"rendered":"\n<p>Voici les photographies prises prises lors d\u2019\u00e9v\u00e9nements astronomiques organis\u00e9s pour les membres de la Soci\u00e9t\u00e9 Astronomique de Gen\u00e8ve :<\/p>\n\n\n\n<p><strong>Ann\u00e9e 2014<\/strong><\/p>\n\n\n\n<ul class=\"wp-block-list\">\n<li><a href=\"https:\/\/www.astro-ge.net\/?page_id=1765\"><strong>Soir\u00e9e d&rsquo;observation pour les membres de notre soci\u00e9t\u00e9 le 18 octobre 2014<\/strong><\/a><\/li>\n\n\n\n<li><a href=\"https:\/\/www.astro-ge.net\/?page_id=1725\"><strong>Observation en Vall\u00e9e de Joux le 27 septembre 2014<\/strong><\/a><\/li>\n<\/ul>\n\n\n\n<p><\/p>\n\n\n\n<p><\/p>\n","protected":false},"excerpt":{"rendered":"<p>Voici les photographies prises prises lors d\u2019\u00e9v\u00e9nements astronomiques organis\u00e9s pour les membres de la Soci\u00e9t\u00e9 Astronomique de Gen\u00e8ve : Ann\u00e9e 2014<\/p>\n","protected":false},"author":11,"featured_media":0,"parent":1548,"menu_order":2,"comment_status":"closed","ping_status":"closed","template":"","meta":{"footnotes":""},"class_list":["post-1769","page","type-page","status-publish","hentry"],"_links":{"self":[{"href":"https:\/\/www.astro-ge.net\/index.php?rest_route=\/wp\/v2\/pages\/1769","targetHints":{"allow":["GET"]}}],"collection":[{"href":"https:\/\/www.astro-ge.net\/index.php?rest_route=\/wp\/v2\/pages"}],"about":[{"href":"https:\/\/www.astro-ge.net\/index.php?rest_route=\/wp\/v2\/types\/page"}],"author":[{"embeddable":true,"href":"https:\/\/www.astro-ge.net\/index.php?rest_route=\/wp\/v2\/users\/11"}],"replies":[{"embeddable":true,"href":"https:\/\/www.astro-ge.net\/index.php?rest_route=%2Fwp%2Fv2%2Fcomments&post=1769"}],"version-history":[{"count":0,"href":"https:\/\/www.astro-ge.net\/index.php?rest_route=\/wp\/v2\/pages\/1769\/revisions"}],"up":[{"embeddable":true,"href":"https:\/\/www.astro-ge.net\/index.php?rest_route=\/wp\/v2\/pages\/1548"}],"wp:attachment":[{"href":"https:\/\/www.astro-ge.net\/index.php?rest_route=%2Fwp%2Fv2%2Fmedia&parent=1769"}],"curies":[{"name":"wp","href":"https:\/\/api.w.org\/{rel}","templated":true}]}}