{"id":1963,"date":"2015-03-27T11:26:31","date_gmt":"2015-03-27T10:26:31","guid":{"rendered":"http:\/\/www.astro-ge.net\/?page_id=1963"},"modified":"2023-07-23T15:26:30","modified_gmt":"2023-07-23T14:26:30","slug":"nos-coordonnees","status":"publish","type":"page","link":"https:\/\/www.astro-ge.net\/?page_id=1963","title":{"rendered":"Nos coordonn\u00e9es | Acc\u00e8s"},"content":{"rendered":"\n<p><span style=\"color: #0000ff;\"><strong>NOS COORDONNEES<\/strong><\/span><\/p>\n\n\n\n<p><strong>Adresse de notre local (photos d&rsquo;acc\u00e8s au bas de cette page)<\/strong>:<\/p>\n\n\n\n<ul class=\"wp-block-list\">\n<li>Soci\u00e9t\u00e9 Astronomique de Gen\u00e8ve<br>Rue des Terreaux du Temple 6<br>CH-1201 Gen\u00e8ve<br><em>4e \u00e9tage (accessible par l&rsquo;ascenseur et les escaliers)<\/em><br>&#8211; Latitude: 46.206096\u00b0 Nord &#8211; Longitude: 6.140163\u00b0 Est<br>&#8211; Latitude: 46\u00b0 12&prime; 22.0&Prime; Nord &#8211; Longitude: 6\u00b0 08&prime; 24.6&Prime; Est<br><a href=\"https:\/\/www.openstreetmap.org\/?mlat=46.2061&amp;mlon=6.1401#map=16\/46.2061\/6.1401\" target=\"_blank\" rel=\"noreferrer noopener\">Carte accessible \u00e0 ce lien<\/a><\/li>\n<\/ul>\n\n\n\n<ul class=\"wp-block-list\">\n<li>Sur l\u2019interphone de l\u2019immeuble, rechercher dans la liste des contacts :<br>\u00ab&nbsp;Soci\u00e9t\u00e9 astronomique de Gen\u00e8ve&nbsp;\u00bb.<\/li>\n<\/ul>\n\n\n\n<hr class=\"wp-block-separator has-css-opacity\"\/>\n\n\n\n<p><strong>T\u00e9l\u00e9phone<\/strong>:<br>Si la porte de l&rsquo;immeuble Rue des Terreaux du Temple 6 est ferm\u00e9e et que vous voulez acc\u00e9der \u00e0 notre local lorsqu&rsquo;il est ouvert, vous pouvez nous joindre au:<br>076 510 25 17 de Suisse<br>+41 76 510 25 17 de l&rsquo;\u00e9tranger<\/p>\n\n\n\n<hr class=\"wp-block-separator has-css-opacity\"\/>\n\n\n\n<p><strong>Adresse e-mail:<br><\/strong>Pour nous contacter par courriel \u00e9lectronique, voici notre adresse:<\/p>\n\n\n\n<figure class=\"wp-block-image\"><a href=\"mailto:info@astro-ge.net?Subject=Contacter la Soci\u00e9t\u00e9 Astronomique de Gen\u00e8ve\" target=\"_blank\" rel=\"noopener noreferrer\"><img loading=\"lazy\" decoding=\"async\" width=\"120\" height=\"45\" src=\"https:\/\/www.astro-ge.net\/wordpress\/wp-content\/uploads\/2014\/09\/index.png\" alt=\"index\" class=\"wp-image-1448\"\/><\/a><\/figure>\n\n\n\n<hr class=\"wp-block-separator has-css-opacity\"\/>\n\n\n\n<p><span style=\"color: #0000ff;\"><strong>ACCES<\/strong><\/span><\/p>\n\n\n\n<p><strong>Acc\u00e9s Transports Publics Genevois<\/strong>:<br>&#8211; arr\u00eat Stand : Bus D, Tram 14<br>&#8211; arr\u00eat Mercier : Bus 1, Bus 7, Tram 15<br>&#8211; arr\u00eat&nbsp;Coutance : Bus 3, Bus 5, Bus 10, Bus 19, Tram 14, Tram 18<\/p>\n\n\n\n<p><strong>Parkings<\/strong>:<br>&#8211; Cornavin (Place de Cornavin)<br>&#8211; Seujet (Quai du Seujet 18)<br>&#8211; Manor (Place de Grenus)<\/p>\n\n\n\n<hr class=\"wp-block-separator has-css-opacity\"\/>\n\n\n\n<p><span style=\"color: #0000ff;\"><strong>ACCEDER A NOTRE LOCAL EN 7 PHOTOS<\/strong><\/span><\/p>\n\n\n\n<figure class=\"wp-block-image size-large\"><img loading=\"lazy\" decoding=\"async\" width=\"576\" height=\"1024\" src=\"https:\/\/www.astro-ge.net\/wordpress\/wp-content\/uploads\/2020\/10\/01_20160116_163441_resized-576x1024.jpg\" alt=\"\" class=\"wp-image-3639\" srcset=\"https:\/\/www.astro-ge.net\/wordpress\/wp-content\/uploads\/2020\/10\/01_20160116_163441_resized-576x1024.jpg 576w, https:\/\/www.astro-ge.net\/wordpress\/wp-content\/uploads\/2020\/10\/01_20160116_163441_resized-169x300.jpg 169w, https:\/\/www.astro-ge.net\/wordpress\/wp-content\/uploads\/2020\/10\/01_20160116_163441_resized-768x1365.jpg 768w, https:\/\/www.astro-ge.net\/wordpress\/wp-content\/uploads\/2020\/10\/01_20160116_163441_resized-864x1536.jpg 864w, https:\/\/www.astro-ge.net\/wordpress\/wp-content\/uploads\/2020\/10\/01_20160116_163441_resized.jpg 900w\" sizes=\"auto, (max-width: 576px) 100vw, 576px\" \/><\/figure>\n\n\n\n<figure class=\"wp-block-image size-large\"><img loading=\"lazy\" decoding=\"async\" width=\"576\" height=\"1024\" src=\"https:\/\/www.astro-ge.net\/wordpress\/wp-content\/uploads\/2020\/10\/02_20160116_163523_resized-576x1024.jpg\" alt=\"\" class=\"wp-image-3640\" srcset=\"https:\/\/www.astro-ge.net\/wordpress\/wp-content\/uploads\/2020\/10\/02_20160116_163523_resized-576x1024.jpg 576w, https:\/\/www.astro-ge.net\/wordpress\/wp-content\/uploads\/2020\/10\/02_20160116_163523_resized-169x300.jpg 169w, https:\/\/www.astro-ge.net\/wordpress\/wp-content\/uploads\/2020\/10\/02_20160116_163523_resized-768x1365.jpg 768w, https:\/\/www.astro-ge.net\/wordpress\/wp-content\/uploads\/2020\/10\/02_20160116_163523_resized-864x1536.jpg 864w, https:\/\/www.astro-ge.net\/wordpress\/wp-content\/uploads\/2020\/10\/02_20160116_163523_resized.jpg 900w\" sizes=\"auto, (max-width: 576px) 100vw, 576px\" \/><\/figure>\n\n\n\n<figure class=\"wp-block-image size-large\"><img loading=\"lazy\" decoding=\"async\" width=\"576\" height=\"1024\" src=\"https:\/\/www.astro-ge.net\/wordpress\/wp-content\/uploads\/2020\/10\/03_20160116_163539_resized-576x1024.jpg\" alt=\"\" class=\"wp-image-3641\" srcset=\"https:\/\/www.astro-ge.net\/wordpress\/wp-content\/uploads\/2020\/10\/03_20160116_163539_resized-576x1024.jpg 576w, https:\/\/www.astro-ge.net\/wordpress\/wp-content\/uploads\/2020\/10\/03_20160116_163539_resized-169x300.jpg 169w, https:\/\/www.astro-ge.net\/wordpress\/wp-content\/uploads\/2020\/10\/03_20160116_163539_resized-768x1365.jpg 768w, https:\/\/www.astro-ge.net\/wordpress\/wp-content\/uploads\/2020\/10\/03_20160116_163539_resized-864x1536.jpg 864w, https:\/\/www.astro-ge.net\/wordpress\/wp-content\/uploads\/2020\/10\/03_20160116_163539_resized.jpg 900w\" sizes=\"auto, (max-width: 576px) 100vw, 576px\" \/><\/figure>\n\n\n\n<figure class=\"wp-block-image size-large\"><img loading=\"lazy\" decoding=\"async\" width=\"576\" height=\"1024\" src=\"https:\/\/www.astro-ge.net\/wordpress\/wp-content\/uploads\/2020\/10\/04_20160116_163331_resized-576x1024.jpg\" alt=\"\" class=\"wp-image-3642\" srcset=\"https:\/\/www.astro-ge.net\/wordpress\/wp-content\/uploads\/2020\/10\/04_20160116_163331_resized-576x1024.jpg 576w, https:\/\/www.astro-ge.net\/wordpress\/wp-content\/uploads\/2020\/10\/04_20160116_163331_resized-169x300.jpg 169w, https:\/\/www.astro-ge.net\/wordpress\/wp-content\/uploads\/2020\/10\/04_20160116_163331_resized-768x1365.jpg 768w, https:\/\/www.astro-ge.net\/wordpress\/wp-content\/uploads\/2020\/10\/04_20160116_163331_resized-864x1536.jpg 864w, https:\/\/www.astro-ge.net\/wordpress\/wp-content\/uploads\/2020\/10\/04_20160116_163331_resized.jpg 900w\" sizes=\"auto, (max-width: 576px) 100vw, 576px\" \/><\/figure>\n\n\n\n<figure class=\"wp-block-image size-large\"><img loading=\"lazy\" decoding=\"async\" width=\"576\" height=\"1024\" src=\"https:\/\/www.astro-ge.net\/wordpress\/wp-content\/uploads\/2020\/10\/05_20160202_182855_resized-576x1024.jpg\" alt=\"\" class=\"wp-image-3647\" srcset=\"https:\/\/www.astro-ge.net\/wordpress\/wp-content\/uploads\/2020\/10\/05_20160202_182855_resized-576x1024.jpg 576w, https:\/\/www.astro-ge.net\/wordpress\/wp-content\/uploads\/2020\/10\/05_20160202_182855_resized-169x300.jpg 169w, https:\/\/www.astro-ge.net\/wordpress\/wp-content\/uploads\/2020\/10\/05_20160202_182855_resized-768x1365.jpg 768w, https:\/\/www.astro-ge.net\/wordpress\/wp-content\/uploads\/2020\/10\/05_20160202_182855_resized-864x1536.jpg 864w, https:\/\/www.astro-ge.net\/wordpress\/wp-content\/uploads\/2020\/10\/05_20160202_182855_resized.jpg 900w\" sizes=\"auto, (max-width: 576px) 100vw, 576px\" \/><\/figure>\n\n\n\n<figure class=\"wp-block-image size-large\"><img loading=\"lazy\" decoding=\"async\" width=\"576\" height=\"1024\" src=\"https:\/\/www.astro-ge.net\/wordpress\/wp-content\/uploads\/2020\/10\/06_20160116_163615_resized-576x1024.jpg\" alt=\"\" class=\"wp-image-3648\" srcset=\"https:\/\/www.astro-ge.net\/wordpress\/wp-content\/uploads\/2020\/10\/06_20160116_163615_resized-576x1024.jpg 576w, https:\/\/www.astro-ge.net\/wordpress\/wp-content\/uploads\/2020\/10\/06_20160116_163615_resized-169x300.jpg 169w, https:\/\/www.astro-ge.net\/wordpress\/wp-content\/uploads\/2020\/10\/06_20160116_163615_resized-768x1365.jpg 768w, https:\/\/www.astro-ge.net\/wordpress\/wp-content\/uploads\/2020\/10\/06_20160116_163615_resized-864x1536.jpg 864w, https:\/\/www.astro-ge.net\/wordpress\/wp-content\/uploads\/2020\/10\/06_20160116_163615_resized.jpg 900w\" sizes=\"auto, (max-width: 576px) 100vw, 576px\" \/><\/figure>\n\n\n\n<figure class=\"wp-block-image size-large\"><img loading=\"lazy\" decoding=\"async\" width=\"576\" height=\"1024\" src=\"https:\/\/www.astro-ge.net\/wordpress\/wp-content\/uploads\/2020\/10\/07_20201028_171857_resized-576x1024.jpg\" alt=\"\" class=\"wp-image-3649\" srcset=\"https:\/\/www.astro-ge.net\/wordpress\/wp-content\/uploads\/2020\/10\/07_20201028_171857_resized-576x1024.jpg 576w, https:\/\/www.astro-ge.net\/wordpress\/wp-content\/uploads\/2020\/10\/07_20201028_171857_resized-169x300.jpg 169w, https:\/\/www.astro-ge.net\/wordpress\/wp-content\/uploads\/2020\/10\/07_20201028_171857_resized-768x1365.jpg 768w, https:\/\/www.astro-ge.net\/wordpress\/wp-content\/uploads\/2020\/10\/07_20201028_171857_resized-864x1536.jpg 864w, https:\/\/www.astro-ge.net\/wordpress\/wp-content\/uploads\/2020\/10\/07_20201028_171857_resized.jpg 1125w\" sizes=\"auto, (max-width: 576px) 100vw, 576px\" \/><\/figure>\n","protected":false},"excerpt":{"rendered":"<p>NOS COORDONNEES Adresse de notre local (photos d&rsquo;acc\u00e8s au bas de cette page): T\u00e9l\u00e9phone:Si la porte de l&rsquo;immeuble Rue des Terreaux du Temple 6 est ferm\u00e9e et que vous voulez acc\u00e9der \u00e0 notre local lorsqu&rsquo;il est ouvert, vous pouvez nous &hellip; <a href=\"https:\/\/www.astro-ge.net\/?page_id=1963\">Continuer la lecture <span class=\"meta-nav\">&rarr;<\/span><\/a><\/p>\n","protected":false},"author":8,"featured_media":0,"parent":481,"menu_order":0,"comment_status":"closed","ping_status":"closed","template":"","meta":{"footnotes":""},"class_list":["post-1963","page","type-page","status-publish","hentry"],"_links":{"self":[{"href":"https:\/\/www.astro-ge.net\/index.php?rest_route=\/wp\/v2\/pages\/1963","targetHints":{"allow":["GET"]}}],"collection":[{"href":"https:\/\/www.astro-ge.net\/index.php?rest_route=\/wp\/v2\/pages"}],"about":[{"href":"https:\/\/www.astro-ge.net\/index.php?rest_route=\/wp\/v2\/types\/page"}],"author":[{"embeddable":true,"href":"https:\/\/www.astro-ge.net\/index.php?rest_route=\/wp\/v2\/users\/8"}],"replies":[{"embeddable":true,"href":"https:\/\/www.astro-ge.net\/index.php?rest_route=%2Fwp%2Fv2%2Fcomments&post=1963"}],"version-history":[{"count":0,"href":"https:\/\/www.astro-ge.net\/index.php?rest_route=\/wp\/v2\/pages\/1963\/revisions"}],"up":[{"embeddable":true,"href":"https:\/\/www.astro-ge.net\/index.php?rest_route=\/wp\/v2\/pages\/481"}],"wp:attachment":[{"href":"https:\/\/www.astro-ge.net\/index.php?rest_route=%2Fwp%2Fv2%2Fmedia&parent=1963"}],"curies":[{"name":"wp","href":"https:\/\/api.w.org\/{rel}","templated":true}]}}