{"id":1984,"date":"2015-04-04T17:09:58","date_gmt":"2015-04-04T16:09:58","guid":{"rendered":"http:\/\/www.astro-ge.net\/?page_id=1984"},"modified":"2023-06-29T15:23:13","modified_gmt":"2023-06-29T14:23:13","slug":"ephemerides-astronomiques","status":"publish","type":"page","link":"https:\/\/www.astro-ge.net\/?page_id=1984","title":{"rendered":"Eph\u00e9m\u00e9rides astronomiques"},"content":{"rendered":"\n<hr class=\"wp-block-separator has-alpha-channel-opacity\"\/>\n\n\n\n<p><strong>Com\u00e8te C\/2022 E3<\/strong><\/p>\n\n\n\n<p>Pr\u00e9sentation d&rsquo;Eric Zbinden, membre de notre soci\u00e9t\u00e9 sur la com\u00e8te Com\u00e8te C\/2022 E3 et comment l&rsquo;observer (janvier 2023):<\/p>\n\n\n\n<div data-wp-interactive=\"core\/file\" class=\"wp-block-file\"><object data-wp-bind--hidden=\"!state.hasPdfPreview\" hidden class=\"wp-block-file__embed\" data=\"https:\/\/www.astro-ge.net\/wordpress\/wp-content\/uploads\/2023\/01\/2023-01-C-2022-E3-ZTF-for-publication-small.pdf\" type=\"application\/pdf\" style=\"width:100%;height:600px\" aria-label=\"Contenu embarqu\u00e9 2023-01-C-2022-E3-ZTF-for-publication-small.\"><\/object><a id=\"wp-block-file--media-c0d31f5d-4042-46c6-8ed6-4524ecb0dc23\" href=\"https:\/\/www.astro-ge.net\/wordpress\/wp-content\/uploads\/2023\/01\/2023-01-C-2022-E3-ZTF-for-publication-small.pdf\">2023-01-C-2022-E3-ZTF-for-publication-small<\/a><a href=\"https:\/\/www.astro-ge.net\/wordpress\/wp-content\/uploads\/2023\/01\/2023-01-C-2022-E3-ZTF-for-publication-small.pdf\" class=\"wp-block-file__button wp-element-button\" download aria-describedby=\"wp-block-file--media-c0d31f5d-4042-46c6-8ed6-4524ecb0dc23\">T\u00e9l\u00e9charger<\/a><\/div>\n\n\n\n<hr class=\"wp-block-separator has-alpha-channel-opacity\"\/>\n\n\n\n<p><strong>A propos de la lune<\/strong><\/p>\n\n\n\n<ul class=\"wp-block-list\">\n<li>Phase lunaire de ce jour :<\/li>\n<\/ul>\n\n\n\n<ul class=\"wp-block-list\">\n<li><a href=\"https:\/\/www.calendrier.best\/pdf\/calendrier-lunaire\/calendrier-lunaire-2023-date-phase-de-lune.pdf\" target=\"_blank\" rel=\"noreferrer noopener\">Calendrier lunaire 2023<\/a><\/li>\n<\/ul>\n\n\n\n<p class=\"wp-block-complications-moon-themoon-block\"><div id='complications_moon_422469f49eefc7f92' class='complications_moon_shortcode' width='300' color='' hidearrow='0' style='max-width:300px;'>Moon Loading...<\/div><\/p>\n\n\n\n<hr class=\"wp-block-separator has-alpha-channel-opacity\"\/>\n\n\n\n<p><strong>Conjonction de Saturne \/ Jupiter qui aura lieu en d\u00e9cembre 2020<\/strong>.<\/p>\n\n\n\n<p>Pr\u00e9sentations d&rsquo;Eric Zbinden, membre de notre soci\u00e9t\u00e9 sur la conjonction Saturne-Jupiter qui aura lieu en d\u00e9cembre 2020:<\/p>\n\n\n\n<div class=\"wp-block-file\"><a id=\"wp-block-file--media-226bc38b-3e15-49c8-a57a-2b2faa26c4ed\" href=\"https:\/\/www.astro-ge.net\/wordpress\/wp-content\/uploads\/2020\/11\/Grande_Conjonction_2020_SAG_small.pdf\">Grande_Conjonction_2020_SAG_small<\/a><a href=\"https:\/\/www.astro-ge.net\/wordpress\/wp-content\/uploads\/2020\/11\/Grande_Conjonction_2020_SAG_small.pdf\" class=\"wp-block-file__button wp-element-button\" download aria-describedby=\"wp-block-file--media-226bc38b-3e15-49c8-a57a-2b2faa26c4ed\">T\u00e9l\u00e9charger<\/a><\/div>\n\n\n\n<div class=\"wp-block-file\"><a id=\"wp-block-file--media-868c100b-14b6-422b-a85a-a044543c512e\" href=\"https:\/\/www.astro-ge.net\/wordpress\/wp-content\/uploads\/2020\/11\/Grande_Conjonction_2020_SAG_full.pdf\">Grande_Conjonction_2020_SAG_full<\/a><a href=\"https:\/\/www.astro-ge.net\/wordpress\/wp-content\/uploads\/2020\/11\/Grande_Conjonction_2020_SAG_full.pdf\" class=\"wp-block-file__button wp-element-button\" download aria-describedby=\"wp-block-file--media-868c100b-14b6-422b-a85a-a044543c512e\">T\u00e9l\u00e9charger<\/a><\/div>\n\n\n\n<hr class=\"wp-block-separator has-css-opacity\"\/>\n\n\n\n<p><strong>Com\u00e8te 2020 F8 SWAN<\/strong><\/p>\n\n\n\n<div class=\"wp-block-file\"><a id=\"wp-block-file--media-cf841171-dd54-47e3-906b-59169af61861\" href=\"https:\/\/www.astro-ge.net\/wordpress\/wp-content\/uploads\/2020\/05\/Comete_2020_F8_SWAN.xlsx\">Comete_2020_F8_SWAN<\/a><a href=\"https:\/\/www.astro-ge.net\/wordpress\/wp-content\/uploads\/2020\/05\/Comete_2020_F8_SWAN.xlsx\" class=\"wp-block-file__button wp-element-button\" download aria-describedby=\"wp-block-file--media-cf841171-dd54-47e3-906b-59169af61861\">T\u00e9l\u00e9charger<\/a><\/div>\n\n\n\n<p>Source: <a href=\"https:\/\/ssd.jpl.nasa.gov\/horizons.cgi#results\" target=\"_blank\" rel=\"noreferrer noopener\">NASA<\/a><\/p>\n\n\n\n<hr class=\"wp-block-separator has-css-opacity\"\/>\n\n\n\n<p><strong>Heures de lever et coucher des principaux astres du syst\u00e8me solaire <\/strong><br><strong>calcul\u00e9es pour Gen\u00e8ve en temps universel (TU)<\/strong><br>(p\u00e9riode 01.05.2020 &#8211; 31.12.2020)<\/p>\n\n\n\n<div class=\"wp-block-file\"><a id=\"wp-block-file--media-cdfa8d91-ac50-427f-a5c7-46ab0fbd5aef\" href=\"https:\/\/www.astro-ge.net\/wordpress\/wp-content\/uploads\/2020\/05\/2020-Soleil.txt\">2020 Soleil<\/a><a href=\"https:\/\/www.astro-ge.net\/wordpress\/wp-content\/uploads\/2020\/05\/2020-Soleil.txt\" class=\"wp-block-file__button wp-element-button\" download aria-describedby=\"wp-block-file--media-cdfa8d91-ac50-427f-a5c7-46ab0fbd5aef\">T\u00e9l\u00e9charger<\/a><\/div>\n\n\n\n<div class=\"wp-block-file\"><a id=\"wp-block-file--media-757c052d-f5d0-42ae-a63b-b79186d03447\" href=\"https:\/\/www.astro-ge.net\/wordpress\/wp-content\/uploads\/2020\/05\/2020-Lune.txt\">2020 Lune<\/a><a href=\"https:\/\/www.astro-ge.net\/wordpress\/wp-content\/uploads\/2020\/05\/2020-Lune.txt\" class=\"wp-block-file__button wp-element-button\" download aria-describedby=\"wp-block-file--media-757c052d-f5d0-42ae-a63b-b79186d03447\">T\u00e9l\u00e9charger<\/a><\/div>\n\n\n\n<div class=\"wp-block-file\"><a id=\"wp-block-file--media-2b72d38e-b37a-40f8-a251-24ffabb418d3\" href=\"https:\/\/www.astro-ge.net\/wordpress\/wp-content\/uploads\/2020\/05\/2020-Mercure.txt\">2020 Mercure<\/a><a href=\"https:\/\/www.astro-ge.net\/wordpress\/wp-content\/uploads\/2020\/05\/2020-Mercure.txt\" class=\"wp-block-file__button wp-element-button\" download aria-describedby=\"wp-block-file--media-2b72d38e-b37a-40f8-a251-24ffabb418d3\">T\u00e9l\u00e9charger<\/a><\/div>\n\n\n\n<div class=\"wp-block-file\"><a id=\"wp-block-file--media-eca5a4f5-b3fa-43bd-b7ac-6fb989a46886\" href=\"https:\/\/www.astro-ge.net\/wordpress\/wp-content\/uploads\/2020\/05\/2020-Venus.txt\">2020 Venus<\/a><a href=\"https:\/\/www.astro-ge.net\/wordpress\/wp-content\/uploads\/2020\/05\/2020-Venus.txt\" class=\"wp-block-file__button wp-element-button\" download aria-describedby=\"wp-block-file--media-eca5a4f5-b3fa-43bd-b7ac-6fb989a46886\">T\u00e9l\u00e9charger<\/a><\/div>\n\n\n\n<div class=\"wp-block-file\"><a id=\"wp-block-file--media-8ecdc9b6-1702-4a6a-ab23-4f16e7dc0b5d\" href=\"https:\/\/www.astro-ge.net\/wordpress\/wp-content\/uploads\/2020\/05\/2020-Mars.txt\">2020 Mars<\/a><a href=\"https:\/\/www.astro-ge.net\/wordpress\/wp-content\/uploads\/2020\/05\/2020-Mars.txt\" class=\"wp-block-file__button wp-element-button\" download aria-describedby=\"wp-block-file--media-8ecdc9b6-1702-4a6a-ab23-4f16e7dc0b5d\">T\u00e9l\u00e9charger<\/a><\/div>\n\n\n\n<div class=\"wp-block-file\"><a id=\"wp-block-file--media-a78c20df-92a9-4d81-ae1a-359a795e2ca7\" href=\"https:\/\/www.astro-ge.net\/wordpress\/wp-content\/uploads\/2020\/05\/2020-Jupiter.txt\">2020 Jupiter<\/a><a href=\"https:\/\/www.astro-ge.net\/wordpress\/wp-content\/uploads\/2020\/05\/2020-Jupiter.txt\" class=\"wp-block-file__button wp-element-button\" download aria-describedby=\"wp-block-file--media-a78c20df-92a9-4d81-ae1a-359a795e2ca7\">T\u00e9l\u00e9charger<\/a><\/div>\n\n\n\n<div class=\"wp-block-file\"><a id=\"wp-block-file--media-0c363a93-b8f4-4b98-a80e-239afa77f9b0\" href=\"https:\/\/www.astro-ge.net\/wordpress\/wp-content\/uploads\/2020\/05\/2020-Saturne.txt\">2020 Saturne<\/a><a href=\"https:\/\/www.astro-ge.net\/wordpress\/wp-content\/uploads\/2020\/05\/2020-Saturne.txt\" class=\"wp-block-file__button wp-element-button\" download aria-describedby=\"wp-block-file--media-0c363a93-b8f4-4b98-a80e-239afa77f9b0\">T\u00e9l\u00e9charger<\/a><\/div>\n\n\n\n<div class=\"wp-block-file\"><a id=\"wp-block-file--media-10d11224-a528-46b2-ba23-3373e844bf36\" href=\"https:\/\/www.astro-ge.net\/wordpress\/wp-content\/uploads\/2020\/05\/2020-Uranus.txt\">2020 Uranus<\/a><a href=\"https:\/\/www.astro-ge.net\/wordpress\/wp-content\/uploads\/2020\/05\/2020-Uranus.txt\" class=\"wp-block-file__button wp-element-button\" download aria-describedby=\"wp-block-file--media-10d11224-a528-46b2-ba23-3373e844bf36\">T\u00e9l\u00e9charger<\/a><\/div>\n\n\n\n<div class=\"wp-block-file\"><a id=\"wp-block-file--media-d4c8c8bb-3dd7-4077-98ff-f1c27d5703fe\" href=\"https:\/\/www.astro-ge.net\/wordpress\/wp-content\/uploads\/2020\/05\/2020-Neptune.txt\">2020 Neptune<\/a><a href=\"https:\/\/www.astro-ge.net\/wordpress\/wp-content\/uploads\/2020\/05\/2020-Neptune.txt\" class=\"wp-block-file__button wp-element-button\" download aria-describedby=\"wp-block-file--media-d4c8c8bb-3dd7-4077-98ff-f1c27d5703fe\">T\u00e9l\u00e9charger<\/a><\/div>\n\n\n\n<hr class=\"wp-block-separator has-css-opacity\"\/>\n\n\n\n<p><strong>PROCHAINES ECLIPSES<\/strong><\/p>\n\n\n\n<h6 class=\"wp-block-heading\"><span style=\"color: #000080;\"><strong>Prochaines \u00e9clipses totales de lune visibles de Suisse<\/strong><\/span><\/h6>\n\n\n\n<ul class=\"wp-block-list\">\n<li>le <a rel=\"noopener noreferrer\" href=\"http:\/\/eclipse.gsfc.nasa.gov\/LEplot\/LEplot2001\/LE2022May16T.pdf\" target=\"_blank\">16 mai 2022<\/a>.<\/li>\n<\/ul>\n\n\n\n<hr class=\"wp-block-separator has-css-opacity\"\/>\n\n\n\n<h6 class=\"wp-block-heading\"><span style=\"color: #000080;\"><strong>Prochaines \u00e9clipses partielles de soleil visibles en Suisse<\/strong><\/span><\/h6>\n\n\n\n<ul class=\"wp-block-list\">\n<li>le <a href=\"http:\/\/eclipse.gsfc.nasa.gov\/SEplot\/SEplot2001\/SE2021Jun10A.GIF\" target=\"_blank\" rel=\"noopener noreferrer lightbox-0\">10 juin 2021<\/a>;<\/li>\n\n\n\n<li>le <a href=\"http:\/\/eclipse.gsfc.nasa.gov\/SEplot\/SEplot2001\/SE2022Oct25P.GIF\" target=\"_blank\" rel=\"noopener noreferrer lightbox-1\">25 octobre 2022<\/a>;<\/li>\n\n\n\n<li>le <a href=\"http:\/\/eclipse.gsfc.nasa.gov\/SEplot\/SEplot2001\/SE2025Mar29P.GIF\" target=\"_blank\" rel=\"noopener noreferrer lightbox-2\">29 mars 2025<\/a>;<\/li>\n\n\n\n<li>le <a href=\"http:\/\/eclipse.gsfc.nasa.gov\/SEplot\/SEplot2001\/SE2026Aug12T.GIF\" target=\"_blank\" rel=\"noopener noreferrer lightbox-3\">12 ao\u00fbt 2026<\/a>;<\/li>\n\n\n\n<li>le <a href=\"http:\/\/eclipse.gsfc.nasa.gov\/SEplot\/SEplot2001\/SE2027Aug02T.GIF\" target=\"_blank\" rel=\"noopener noreferrer lightbox-4\">2 ao\u00fbt 2027<\/a>;<\/li>\n\n\n\n<li>le <a href=\"http:\/\/eclipse.gsfc.nasa.gov\/SEplot\/SEplot2001\/SE2028Jan26A.GIF\" target=\"_blank\" rel=\"noopener noreferrer lightbox-5\">26 janvier 2028<\/a>;<\/li>\n\n\n\n<li>le <a href=\"http:\/\/eclipse.gsfc.nasa.gov\/SEplot\/SEplot2001\/SE2030Jun01A.GIF\" target=\"_blank\" rel=\"noopener noreferrer lightbox-6\">1er juin 2030<\/a>.<\/li>\n<\/ul>\n\n\n\n<p><\/p>\n","protected":false},"excerpt":{"rendered":"<p>Com\u00e8te C\/2022 E3 Pr\u00e9sentation d&rsquo;Eric Zbinden, membre de notre soci\u00e9t\u00e9 sur la com\u00e8te Com\u00e8te C\/2022 E3 et comment l&rsquo;observer (janvier 2023): A propos de la lune Conjonction de Saturne \/ Jupiter qui aura lieu en d\u00e9cembre 2020. Pr\u00e9sentations d&rsquo;Eric Zbinden, &hellip; <a href=\"https:\/\/www.astro-ge.net\/?page_id=1984\">Continuer la lecture <span class=\"meta-nav\">&rarr;<\/span><\/a><\/p>\n","protected":false},"author":8,"featured_media":0,"parent":2511,"menu_order":3,"comment_status":"closed","ping_status":"closed","template":"","meta":{"footnotes":""},"class_list":["post-1984","page","type-page","status-publish","hentry"],"_links":{"self":[{"href":"https:\/\/www.astro-ge.net\/index.php?rest_route=\/wp\/v2\/pages\/1984","targetHints":{"allow":["GET"]}}],"collection":[{"href":"https:\/\/www.astro-ge.net\/index.php?rest_route=\/wp\/v2\/pages"}],"about":[{"href":"https:\/\/www.astro-ge.net\/index.php?rest_route=\/wp\/v2\/types\/page"}],"author":[{"embeddable":true,"href":"https:\/\/www.astro-ge.net\/index.php?rest_route=\/wp\/v2\/users\/8"}],"replies":[{"embeddable":true,"href":"https:\/\/www.astro-ge.net\/index.php?rest_route=%2Fwp%2Fv2%2Fcomments&post=1984"}],"version-history":[{"count":0,"href":"https:\/\/www.astro-ge.net\/index.php?rest_route=\/wp\/v2\/pages\/1984\/revisions"}],"up":[{"embeddable":true,"href":"https:\/\/www.astro-ge.net\/index.php?rest_route=\/wp\/v2\/pages\/2511"}],"wp:attachment":[{"href":"https:\/\/www.astro-ge.net\/index.php?rest_route=%2Fwp%2Fv2%2Fmedia&parent=1984"}],"curies":[{"name":"wp","href":"https:\/\/api.w.org\/{rel}","templated":true}]}}