{"id":2333,"date":"2016-09-14T16:06:52","date_gmt":"2016-09-14T15:06:52","guid":{"rendered":"http:\/\/www.astro-ge.net\/?page_id=2333"},"modified":"2025-06-13T18:42:01","modified_gmt":"2025-06-13T16:42:01","slug":"section-jeunes","status":"publish","type":"page","link":"https:\/\/www.astro-ge.net\/?page_id=2333","title":{"rendered":"Section jeunes"},"content":{"rendered":"\n<p><strong>IMPORTANT<\/strong> : Depuis le mois de juin 2025, la section jeune de la Soci\u00e9t\u00e9 Astronomique de Gen\u00e8ve dispose de son <a href=\"https:\/\/saga-star.ch\/\" data-type=\"link\" data-id=\"https:\/\/saga-star.ch\/\" target=\"_blank\" rel=\"noreferrer noopener\">propre site accessible ici \u00e0 ce lien<\/a>.<\/p>\n\n\n\n<hr class=\"wp-block-separator has-alpha-channel-opacity\"\/>\n\n\n\n<div class=\"wp-block-file\"><object class=\"wp-block-file__embed\" data=\"https:\/\/www.astro-ge.net\/wordpress\/wp-content\/uploads\/2024\/08\/sag-juniors-programme2024-2025.pdf\" type=\"application\/pdf\" style=\"width:100%;height:1660px\" aria-label=\"sag-juniors-programme2024-2025\"><\/object><a id=\"wp-block-file--media-70ca4681-3d82-49a9-82c4-95ae39375085\" href=\"https:\/\/www.astro-ge.net\/wordpress\/wp-content\/uploads\/2024\/08\/sag-juniors-programme2024-2025.pdf\">sag-juniors-programme2024-2025<\/a><a href=\"https:\/\/www.astro-ge.net\/wordpress\/wp-content\/uploads\/2024\/08\/sag-juniors-programme2024-2025.pdf\" class=\"wp-block-file__button wp-element-button\" download aria-describedby=\"wp-block-file--media-70ca4681-3d82-49a9-82c4-95ae39375085\">T\u00e9l\u00e9charger<\/a><\/div>\n\n\n\n<div data-wp-interactive=\"core\/file\" class=\"wp-block-file\"><object data-wp-bind--hidden=\"!state.hasPdfPreview\" hidden class=\"wp-block-file__embed\" data=\"https:\/\/www.astro-ge.net\/wordpress\/wp-content\/uploads\/2023\/11\/sag-juniors-programme2324.pdf\" type=\"application\/pdf\" style=\"width:100%;height:1550px\" aria-label=\"Contenu embarqu\u00e9 sag-juniors-programme2324.\"><\/object><a id=\"wp-block-file--media-02d54e5f-1efd-4c51-9741-49b8c967c0d5\" href=\"https:\/\/www.astro-ge.net\/wordpress\/wp-content\/uploads\/2023\/11\/sag-juniors-programme2324.pdf\">sag-juniors-programme2324<\/a><a href=\"https:\/\/www.astro-ge.net\/wordpress\/wp-content\/uploads\/2023\/11\/sag-juniors-programme2324.pdf\" class=\"wp-block-file__button wp-element-button\" download aria-describedby=\"wp-block-file--media-02d54e5f-1efd-4c51-9741-49b8c967c0d5\">T\u00e9l\u00e9charger<\/a><\/div>\n\n\n\n<p>Gen\u00e8ve le 22.09.2022<\/p>\n\n\n\n<p>Bonjour astronome ! Tu aimes regarder les \u00e9toiles et souhaites partager ce que tu sais ainsi qu&rsquo;agrandir ton savoir avec d\u2019autres passionn\u00e9-es dans un cadre d\u00e9tendu ?<\/p>\n\n\n\n<p>La Section Juniors, pour les 16-25 ans, de la SAG n\u2019attend que toi.<\/p>\n\n\n\n<p>Nous te proposons des Ap\u00e9rObs&rsquo; , des soir\u00e9es d\u00e9bunkage de films SF ou des parties de jeux vid\u00e9os autour du th\u00e8me de l\u2019astronomie.<\/p>\n\n\n\n<p>Une fois par mois nous nous retrouvons dans notre local pour une activit\u00e9 (comme rencontrer des sp\u00e9cialistes) et parfois \u00e0 l\u2019ext\u00e9rieur pour aller observer le ciel nocturne. De plus, tu profites de la pr\u00e9sence d\u2019astronomes confirm\u00e9-es lors des soir\u00e9es de la Soci\u00e9t\u00e9 Astronomique de Gen\u00e8ve.<\/p>\n\n\n\n<p>Et comme la Section Juniors est faite pour toi, tu peux aussi proposer des activit\u00e9s et participer \u00e0 son d\u00e9veloppement. D\u2019ailleurs, nous lan\u00e7ons un concours pour lui trouver un nouveau nom car Section Juniors\u2026ben\u2026 Alors ? Partant, partante ?<\/p>\n\n\n\n<p><a rel=\"noreferrer noopener\" href=\"https:\/\/www.astro-ge.net\/wordpress\/wp-content\/uploads\/2022\/09\/2022-09-prog-juniors.pdf\" target=\"_blank\">Retrouves le programme complet en suivant ce lien<\/a>.<\/p>\n\n\n\n<p>Notre prochaine activit\u00e9 aura lieu le <strong>26 janvier 2023<\/strong>: si la m\u00e9t\u00e9o le permet, nous observerons le ciel nocturne. Sinon, une activit\u00e9 au <a rel=\"noreferrer noopener\" href=\"https:\/\/www.astro-ge.net\/?page_id=1963\" target=\"_blank\">local<\/a> sera propos\u00e9e.<\/p>\n\n\n\n<p>Pour plus de d\u00e9tail, vous pouvez nous contacter \u00e0 cette adresse : <a rel=\"noreferrer noopener\" href=\"mailto:SAG.juniors@gmail.com\" target=\"_blank\">SAG.juniors@gmail.com<\/a><\/p>\n\n\n\n<p>Viens faire connaissance et nous faire part de tes envies !<\/p>\n\n\n\n<p>Katia, Ludivine et Alexandre<\/p>\n\n\n\n<p>Pour nous contacter : <a rel=\"noreferrer noopener\" href=\"mailto:SAG.juniors@gmail.com\" target=\"_blank\">SAG.juniors@gmail.com<\/a><\/p>\n","protected":false},"excerpt":{"rendered":"<p>IMPORTANT : Depuis le mois de juin 2025, la section jeune de la Soci\u00e9t\u00e9 Astronomique de Gen\u00e8ve dispose de son propre site accessible ici \u00e0 ce lien. sag-juniors-programme2024-2025T\u00e9l\u00e9charger Gen\u00e8ve le 22.09.2022 Bonjour astronome ! Tu aimes regarder les \u00e9toiles et &hellip; <a href=\"https:\/\/www.astro-ge.net\/?page_id=2333\">Continuer la lecture <span class=\"meta-nav\">&rarr;<\/span><\/a><\/p>\n","protected":false},"author":11,"featured_media":0,"parent":1560,"menu_order":2,"comment_status":"closed","ping_status":"closed","template":"","meta":{"footnotes":""},"class_list":["post-2333","page","type-page","status-publish","hentry"],"_links":{"self":[{"href":"https:\/\/www.astro-ge.net\/index.php?rest_route=\/wp\/v2\/pages\/2333","targetHints":{"allow":["GET"]}}],"collection":[{"href":"https:\/\/www.astro-ge.net\/index.php?rest_route=\/wp\/v2\/pages"}],"about":[{"href":"https:\/\/www.astro-ge.net\/index.php?rest_route=\/wp\/v2\/types\/page"}],"author":[{"embeddable":true,"href":"https:\/\/www.astro-ge.net\/index.php?rest_route=\/wp\/v2\/users\/11"}],"replies":[{"embeddable":true,"href":"https:\/\/www.astro-ge.net\/index.php?rest_route=%2Fwp%2Fv2%2Fcomments&post=2333"}],"version-history":[{"count":0,"href":"https:\/\/www.astro-ge.net\/index.php?rest_route=\/wp\/v2\/pages\/2333\/revisions"}],"up":[{"embeddable":true,"href":"https:\/\/www.astro-ge.net\/index.php?rest_route=\/wp\/v2\/pages\/1560"}],"wp:attachment":[{"href":"https:\/\/www.astro-ge.net\/index.php?rest_route=%2Fwp%2Fv2%2Fmedia&parent=2333"}],"curies":[{"name":"wp","href":"https:\/\/api.w.org\/{rel}","templated":true}]}}