{"id":30,"date":"2011-12-17T12:43:11","date_gmt":"2011-12-17T11:43:11","guid":{"rendered":"http:\/\/www.astro-ge.net\/wordpress\/?page_id=30"},"modified":"2020-11-03T20:30:53","modified_gmt":"2020-11-03T19:30:53","slug":"galeries-photo","status":"publish","type":"page","link":"https:\/\/www.astro-ge.net\/?page_id=30","title":{"rendered":"Nos photographies astronomiques"},"content":{"rendered":"\n<p>Voici les photos prises par les membres de notre soci\u00e9t\u00e9:<\/p>\n\n\n\n<ul class=\"wp-block-list\"><li><a href=\"https:\/\/www.astro-ge.net\/?page_id=118\"><s>Amas globulaires<\/s> <\/a>(page vide \u00e0 ce jour)<\/li><li><s><a href=\"https:\/\/www.astro-ge.net\/?page_id=36\">Amas ouverts<\/a><\/s> (page vide \u00e0 ce jour)<\/li><li><a href=\"https:\/\/www.astro-ge.net\/?page_id=229\">Aurores bor\u00e9ales<\/a><\/li><li><a href=\"https:\/\/www.astro-ge.net\/?page_id=242\"><s>Com\u00e8tes<\/s><\/a> (page vide \u00e0 ce jour)<\/li><li><a href=\"https:\/\/www.astro-ge.net\/?page_id=234\">Conjonctions<\/a><\/li><li><a href=\"https:\/\/www.astro-ge.net\/?page_id=231\">Constellations<\/a><\/li><li><a href=\"https:\/\/www.astro-ge.net\/?page_id=3497\">Eclipse de lune<\/a><\/li><li><a href=\"https:\/\/www.astro-ge.net\/?page_id=3496\"><s>Eclipse de soleil<\/s><\/a> (page vide \u00e0 ce jour)<\/li><li><a href=\"https:\/\/www.astro-ge.net\/?page_id=222\">Galaxies<\/a><\/li><li><a href=\"https:\/\/www.astro-ge.net\/?page_id=238\">Lune<\/a><\/li><li><a href=\"https:\/\/www.astro-ge.net\/?page_id=34\"><s>N\u00e9buleuses<\/s><\/a> (page vide \u00e0 ce jour)<\/li><li><a href=\"https:\/\/www.astro-ge.net\/?page_id=244\"><s>Ph\u00e9nom\u00e8nes m\u00e9t\u00e9orologiques<\/s><\/a> (page vide \u00e0 ce jour)<\/li><li><a href=\"https:\/\/www.astro-ge.net\/?page_id=240\">Plan\u00e8tes<\/a><\/li><li><a href=\"https:\/\/www.astro-ge.net\/?page_id=236\">Soleil<\/a><\/li><\/ul>\n","protected":false},"excerpt":{"rendered":"<p>Voici les photos prises par les membres de notre soci\u00e9t\u00e9: Amas globulaires (page vide \u00e0 ce jour) Amas ouverts (page vide \u00e0 ce jour) Aurores bor\u00e9ales Com\u00e8tes (page vide \u00e0 ce jour) Conjonctions Constellations Eclipse de lune Eclipse de soleil &hellip; <a href=\"https:\/\/www.astro-ge.net\/?page_id=30\">Continuer la lecture <span class=\"meta-nav\">&rarr;<\/span><\/a><\/p>\n","protected":false},"author":1,"featured_media":0,"parent":1548,"menu_order":0,"comment_status":"closed","ping_status":"closed","template":"","meta":{"footnotes":""},"class_list":["post-30","page","type-page","status-publish","hentry"],"_links":{"self":[{"href":"https:\/\/www.astro-ge.net\/index.php?rest_route=\/wp\/v2\/pages\/30","targetHints":{"allow":["GET"]}}],"collection":[{"href":"https:\/\/www.astro-ge.net\/index.php?rest_route=\/wp\/v2\/pages"}],"about":[{"href":"https:\/\/www.astro-ge.net\/index.php?rest_route=\/wp\/v2\/types\/page"}],"author":[{"embeddable":true,"href":"https:\/\/www.astro-ge.net\/index.php?rest_route=\/wp\/v2\/users\/1"}],"replies":[{"embeddable":true,"href":"https:\/\/www.astro-ge.net\/index.php?rest_route=%2Fwp%2Fv2%2Fcomments&post=30"}],"version-history":[{"count":0,"href":"https:\/\/www.astro-ge.net\/index.php?rest_route=\/wp\/v2\/pages\/30\/revisions"}],"up":[{"embeddable":true,"href":"https:\/\/www.astro-ge.net\/index.php?rest_route=\/wp\/v2\/pages\/1548"}],"wp:attachment":[{"href":"https:\/\/www.astro-ge.net\/index.php?rest_route=%2Fwp%2Fv2%2Fmedia&parent=30"}],"curies":[{"name":"wp","href":"https:\/\/api.w.org\/{rel}","templated":true}]}}