{"id":3673,"date":"2020-11-12T11:03:52","date_gmt":"2020-11-12T10:03:52","guid":{"rendered":"http:\/\/www.astro-ge.net\/?page_id=3673"},"modified":"2022-12-25T13:34:24","modified_gmt":"2022-12-25T12:34:24","slug":"situation-meteo","status":"publish","type":"page","link":"https:\/\/www.astro-ge.net\/?page_id=3673","title":{"rendered":"M\u00e9t\u00e9o &#038; webcams"},"content":{"rendered":"\n<p><strong>M\u00e9t\u00e9o<\/strong><\/p>\n\n\n\n<ul class=\"wp-block-list\">\n<li><a rel=\"noreferrer noopener\" href=\"https:\/\/www.meteosuisse.admin.ch\/home.html\" target=\"_blank\">M\u00e9t\u00e9o Suisse<\/a><\/li>\n\n\n\n<li><a rel=\"noreferrer noopener\" href=\"https:\/\/www.meteoblue.com\/fr\/meteo\/prevision\/seeing\/gen%c3%a8ve_suisse_2660646\" target=\"_blank\">M\u00e9t\u00e9oblue (Astronomical seeing Gen\u00e8ve)<\/a><\/li>\n\n\n\n<li><a rel=\"noreferrer noopener\" href=\"https:\/\/www.meteoblue.com\/fr\/meteo\/prevision\/seeing\/saint-cergue_suisse_2658876\" target=\"_blank\">M\u00e9t\u00e9oblue (Astronomical seeing Saint Cergue)<\/a><\/li>\n\n\n\n<li><a rel=\"noreferrer noopener\" href=\"https:\/\/www.meteoblue.com\/en\/weather\/forecast\/meteograms\/geneva_switzerland_2660646\" target=\"_blank\">Meteoblue (meteogramme 5 jours pour Gen\u00e8ve)<\/a><\/li>\n\n\n\n<li><a rel=\"noreferrer noopener\" href=\"https:\/\/www.meteoblue.com\/fr\/meteo\/14-jours\/gen%c3%a8ve_suisse_2660646\" target=\"_blank\">M\u00e9t\u00e9oblue (pr\u00e9vision m\u00e9t\u00e9o 14 jours pour Gen\u00e8ve)<\/a><\/li>\n\n\n\n<li><a href=\"https:\/\/www.meteoblue.com\/en\/weather\/forecast\/multimodel\/geneva_switzerland_2660646?fcstlength=168&amp;params%5B%5D=&amp;params%5B%5D=NMM4&amp;params%5B%5D=NMM22&amp;params%5B%5D=NEMS4&amp;params%5B%5D=NEMS12&amp;params%5B%5D=NEMS12_E&amp;params%5B%5D=NEMSGLOBAL&amp;params%5B%5D=NEMSGLOBAL_E&amp;params%5B%5D=&amp;params%5B%5D=IFS04&amp;params%5B%5D=UMGLOBAL10&amp;params%5B%5D=UKMO2&amp;params%5B%5D=ICONEU&amp;params%5B%5D=ICON&amp;params%5B%5D=ICOND2&amp;params%5B%5D=GFS05&amp;params%5B%5D=GEM15&amp;params%5B%5D=MFFR&amp;params%5B%5D=MFEU&amp;params%5B%5D=MFGLOBAL&amp;params%5B%5D=HARMONIE&amp;params%5B%5D=HIREU7\" target=\"_blank\" rel=\"noreferrer noopener\">Meteoblue (multimodele 7 jours pour Gen\u00e8ve)<\/a><\/li>\n\n\n\n<li><a rel=\"noreferrer noopener\" href=\"http:\/\/clearoutside.com\/forecast\/46.20\/6.14\" target=\"_blank\">ClearOutside (Geneve)<\/a><\/li>\n\n\n\n<li><a rel=\"noreferrer noopener\" href=\"http:\/\/meteo.search.ch\/cloud\" target=\"_blank\">Clouds (Suisse)<\/a><\/li>\n\n\n\n<li><a rel=\"noreferrer noopener\" href=\"https:\/\/www.ventusky.com\/geneve\" target=\"_blank\">M\u00e9t\u00e9o Ventusky (Gen\u00e8ve)<\/a><\/li>\n\n\n\n<li><a rel=\"noreferrer noopener\" href=\"http:\/\/www.keraunos.org\/modelisation-wrf-gfs\/modele-wrf-8km-france.html\" target=\"_blank\">Mod\u00e9lisation des precipitations et nebulosite \/ Genre des nuages<\/a><br>choisir : \u00ab&nbsp;Pr\u00e9cipitations et nebulosit\u00e9&nbsp;\u00bb \/ et choisir un param\u00e8tre<\/li>\n\n\n\n<li><a rel=\"noreferrer noopener lightbox-0\" href=\"http:\/\/www.meteo60.fr\/satellites\/animation-satellite-ir-france.gif\" target=\"_blank\">Animation satellite m\u00e9t\u00e9o en infrarouge<\/a><\/li>\n\n\n\n<li><a rel=\"noreferrer noopener\" href=\"http:\/\/www.meteosuisse.admin.ch\/home.html?tab=clouds\" target=\"_blank\">Pr\u00e9visions des n\u00e9bulosit\u00e9s M\u00e9t\u00e9o Suisse<\/a><\/li>\n\n\n\n<li><a rel=\"noreferrer noopener\" href=\"https:\/\/www.netatmo.com\/weathermap\/bounds\/46.45302263296565\/6.138136863708496\/46.44202278909774\/6.105177879333496\" target=\"_blank\">Conditions m\u00e9t\u00e9o Couvaloup<\/a><\/li>\n\n\n\n<li><a rel=\"noreferrer noopener\" href=\"https:\/\/www.ventusky.com\/\" target=\"_blank\">M\u00e9t\u00e9o Ventusky<\/a><\/li>\n\n\n\n<li><a rel=\"noreferrer noopener\" href=\"https:\/\/darksky.net\/forecast\/46.2083,6.1426\/si12\/fr\" target=\"_blank\">M\u00e9t\u00e9o Darksky.net<\/a><\/li>\n\n\n\n<li><a rel=\"noreferrer noopener\" href=\"https:\/\/telescopius.com\/weather\" target=\"_blank\">Telescopius Weather<\/a><\/li>\n\n\n\n<li>en attente de vos suggestions<\/li>\n<\/ul>\n\n\n\n<figure><iframe loading=\"lazy\" style=\"width: 520px; height: 754px;\" src=\"https:\/\/www.meteoblue.com\/en\/weather\/widget\/seeing\/geneva_switzerland_2660646?geoloc=fixed\" scrolling=\"NO\" sandbox=\"allow-same-origin allow-scripts allow-popups\" width=\"300\" height=\"150\" frameborder=\"0\"><\/iframe><\/figure>\n\n\n\n<p><strong>Webcams<\/strong><\/p>\n\n\n\n<div class=\"wp-block-group\"><div class=\"wp-block-group__inner-container is-layout-flow wp-block-group-is-layout-flow\">\n<ul class=\"wp-block-list\">\n<li><a rel=\"noreferrer noopener\" href=\"https:\/\/app.webcam-hd.com\/sts\/telepherique\" target=\"_blank\">Webcam Sal\u00e8ve (t\u00e9l\u00e9ph\u00e9rique)<\/a><\/li>\n\n\n\n<li><a rel=\"noreferrer noopener\" href=\"https:\/\/www.meteoblue.com\/en\/weather\/webcams\/mont-sal%C3%A8ve_france_2976458\" target=\"_blank\">Webcams autour du Mont Sal\u00e8ve<\/a><\/li>\n\n\n\n<li><a rel=\"noopener noreferrer\" href=\"http:\/\/www.paradelta.ch\/meteo\/baliseswebcams\/\" target=\"_blank\">Webcam Sal\u00e8ve (paradelta)<\/a><\/li>\n\n\n\n<li><a rel=\"noopener noreferrer\" href=\"http:\/\/www.hb9bza.net\/geneva-webcam?tmpl=component\" target=\"_blank\">Webcam de Robert Chalmas<\/a> (membre de la Soci\u00e9t\u00e9 Astronomique de Gen\u00e8ve)<\/li>\n\n\n\n<li><a rel=\"noopener noreferrer\" href=\"http:\/\/m.webcam-hd.com\/mont-jura\/la-faucille-coeur-de-station\" target=\"_blank\">Webcam de la Faucille<\/a><\/li>\n\n\n\n<li><a rel=\"noopener noreferrer\" href=\"http:\/\/m.webcam-hd.com\/mont-jura\/la-faucille-1540\" target=\"_blank\">Webcam Petit Mont Rond<\/a><\/li>\n\n\n\n<li><a rel=\"noopener noreferrer\" href=\"http:\/\/m.webcam-hd.com\/mont-jura\" target=\"_blank\">Webcams Monts Jura<\/a><\/li>\n\n\n\n<li><a rel=\"noreferrer noopener\" href=\"https:\/\/www.bergfex.fr\/saint-cergue\/webcams\/c8915\/\" target=\"_blank\">Webcam La Barillette<\/a><\/li>\n\n\n\n<li><a rel=\"noreferrer noopener\" href=\"https:\/\/www.bergfex.fr\/saint-cergue\/webcams\/c8916\/\" target=\"_blank\">Webcam La Tr\u00e9lasse<\/a><\/li>\n\n\n\n<li><a rel=\"noopener noreferrer\" href=\"http:\/\/www.st-cergue-tourisme.ch\/fr\/webcams\" target=\"_blank\">Webcams Nyon-St Cergue<\/a><\/li>\n\n\n\n<li><a rel=\"noopener noreferrer\" href=\"http:\/\/m.webcam-hd.com\/espace-nordique-jurassien\" target=\"_blank\">Webcams Espace Nordique Jurassien<\/a><\/li>\n\n\n\n<li><a rel=\"noopener noreferrer\" href=\"http:\/\/cuvaloup.artcad.ch\/\" target=\"_blank\">Webcams Couvaloup de St Cergue (1er lien)<\/a><\/li>\n\n\n\n<li><a rel=\"noopener noreferrer\" href=\"http:\/\/cuvaloup.ch\/\" target=\"_blank\">Webcams Couvaloup de St Cergue (2e lien)<\/a><\/li>\n\n\n\n<li><a rel=\"noopener noreferrer\" href=\"http:\/\/www.vol-libre-geneve.ch\/~webcam\/toutes\/vues.html\" target=\"_blank\">Webcams sur l&rsquo;arc L\u00e9manique<\/a><\/li>\n\n\n\n<li><a href=\"https:\/\/www.stations-de-ski.ch\/stations-de-ski-vaudoises\/station-de-ski-la-dole-saint-cergue\/#webcam\" target=\"_blank\" rel=\"noreferrer noopener\">Webcam La D\u00f4le et Saint Cergue<\/a><\/li>\n\n\n\n<li><a href=\"https:\/\/m.webcam-hd.com\/les-rousses\/massif-de-dole\" target=\"_blank\" rel=\"noreferrer noopener\">Webcam massif de D\u00f4le<\/a><\/li>\n\n\n\n<li><a href=\"https:\/\/dole.roundshot.com\/#\/\" target=\"_blank\" rel=\"noreferrer noopener\">Webcam la Barillette<\/a><\/li>\n\n\n\n<li><a rel=\"noopener noreferrer\" href=\"https:\/\/en.swisswebcams.ch\/webcam\/zoom\/1170074478-St-Cergue-La-Givrine-%281264-Saint-Cergue%29_Weather\" target=\"_blank\">Webcam La Trelasse<\/a><\/li>\n\n\n\n<li><a rel=\"noopener noreferrer\" href=\"https:\/\/www.lesrousses.com\/decouvrir\/en-images\/webcams.html\" target=\"_blank\">Webcam Les Rousses<\/a><\/li>\n\n\n\n<li><a rel=\"noreferrer noopener\" href=\"https:\/\/www.meteoblue.com\/fr\/meteo\/webcams\/gen%c3%a8ve_suisse_2660646\" target=\"_blank\">Webcam sur Meteoblue (pour r\u00e9gion de Gen\u00e8ve)<\/a><\/li>\n\n\n\n<li><a href=\"https:\/\/www.stations-de-ski.ch\/stations-de-ski-vaudoises\/teleskis-la-vallee-de-joux-vaulion\/#webcam\" target=\"_blank\" rel=\"noreferrer noopener\">Webcam Vall\u00e9e de Joux<\/a><\/li>\n\n\n\n<li><a href=\"https:\/\/www.stations-de-ski.ch\/stations-de-ski-vaudoises\/teleskis-saint-george\/#webcam\" target=\"_blank\" rel=\"noreferrer noopener\">Webcam Saint George<\/a><\/li>\n\n\n\n<li><a href=\"https:\/\/www.stations-de-ski.ch\/stations-de-ski-vaudoises\/station-de-ski-sainte-croix-les-rasses\/#webcam\" target=\"_blank\" rel=\"noreferrer noopener\">Webacm Saint Croix &amp; Les Rasses<\/a><\/li>\n\n\n\n<li>en attente de vos suggestions<\/li>\n<\/ul>\n<\/div><\/div>\n","protected":false},"excerpt":{"rendered":"<p>M\u00e9t\u00e9o Webcams<\/p>\n","protected":false},"author":11,"featured_media":0,"parent":2511,"menu_order":1,"comment_status":"closed","ping_status":"closed","template":"","meta":{"footnotes":""},"class_list":["post-3673","page","type-page","status-publish","hentry"],"_links":{"self":[{"href":"https:\/\/www.astro-ge.net\/index.php?rest_route=\/wp\/v2\/pages\/3673","targetHints":{"allow":["GET"]}}],"collection":[{"href":"https:\/\/www.astro-ge.net\/index.php?rest_route=\/wp\/v2\/pages"}],"about":[{"href":"https:\/\/www.astro-ge.net\/index.php?rest_route=\/wp\/v2\/types\/page"}],"author":[{"embeddable":true,"href":"https:\/\/www.astro-ge.net\/index.php?rest_route=\/wp\/v2\/users\/11"}],"replies":[{"embeddable":true,"href":"https:\/\/www.astro-ge.net\/index.php?rest_route=%2Fwp%2Fv2%2Fcomments&post=3673"}],"version-history":[{"count":0,"href":"https:\/\/www.astro-ge.net\/index.php?rest_route=\/wp\/v2\/pages\/3673\/revisions"}],"up":[{"embeddable":true,"href":"https:\/\/www.astro-ge.net\/index.php?rest_route=\/wp\/v2\/pages\/2511"}],"wp:attachment":[{"href":"https:\/\/www.astro-ge.net\/index.php?rest_route=%2Fwp%2Fv2%2Fmedia&parent=3673"}],"curies":[{"name":"wp","href":"https:\/\/api.w.org\/{rel}","templated":true}]}}