{"id":3772,"date":"2021-05-01T09:33:51","date_gmt":"2021-05-01T08:33:51","guid":{"rendered":"http:\/\/www.astro-ge.net\/?page_id=3772"},"modified":"2021-05-01T21:20:29","modified_gmt":"2021-05-01T20:20:29","slug":"biographies-de-ses-membres","status":"publish","type":"page","link":"https:\/\/www.astro-ge.net\/?page_id=3772","title":{"rendered":"Biographies"},"content":{"rendered":"\n<p>Les fondateurs de la Soci\u00e9t\u00e9 astronomique Flammarion de Gen\u00e8ve :<\/p>\n\n\n\n<ul class=\"wp-block-list\"><li><a rel=\"noreferrer noopener\" href=\"https:\/\/www.astro-ge.net\/wordpress\/wp-content\/uploads\/2021\/05\/Ami-Gandillon.pdf\" target=\"_blank\">Ami Gandillon (1865-1952)<\/a><\/li><li><a rel=\"noreferrer noopener\" href=\"https:\/\/www.astro-ge.net\/wordpress\/wp-content\/uploads\/2021\/04\/Jean-Henri_JEHEBER.pdf\" target=\"_blank\">Jean-Henri Jeheber (1866-1931)<\/a><\/li><li><a rel=\"noreferrer noopener\" href=\"https:\/\/www.astro-ge.net\/wordpress\/wp-content\/uploads\/2021\/04\/Maurice_Du_Martheray.pdf\" target=\"_blank\">Maurice Du Martheray (1892-1955)<\/a><\/li><li><a href=\"https:\/\/www.astro-ge.net\/wordpress\/wp-content\/uploads\/2021\/05\/Walther-Henri-Jeheber.pdf\" target=\"_blank\" rel=\"noreferrer noopener\">Walther Henri Jeheber (1893-1954)<\/a><\/li><\/ul>\n\n\n\n<p><\/p>\n","protected":false},"excerpt":{"rendered":"<p>Les fondateurs de la Soci\u00e9t\u00e9 astronomique Flammarion de Gen\u00e8ve : Ami Gandillon (1865-1952) Jean-Henri Jeheber (1866-1931) Maurice Du Martheray (1892-1955) Walther Henri Jeheber (1893-1954)<\/p>\n","protected":false},"author":11,"featured_media":0,"parent":7,"menu_order":1,"comment_status":"closed","ping_status":"closed","template":"","meta":{"footnotes":""},"class_list":["post-3772","page","type-page","status-publish","hentry"],"_links":{"self":[{"href":"https:\/\/www.astro-ge.net\/index.php?rest_route=\/wp\/v2\/pages\/3772","targetHints":{"allow":["GET"]}}],"collection":[{"href":"https:\/\/www.astro-ge.net\/index.php?rest_route=\/wp\/v2\/pages"}],"about":[{"href":"https:\/\/www.astro-ge.net\/index.php?rest_route=\/wp\/v2\/types\/page"}],"author":[{"embeddable":true,"href":"https:\/\/www.astro-ge.net\/index.php?rest_route=\/wp\/v2\/users\/11"}],"replies":[{"embeddable":true,"href":"https:\/\/www.astro-ge.net\/index.php?rest_route=%2Fwp%2Fv2%2Fcomments&post=3772"}],"version-history":[{"count":0,"href":"https:\/\/www.astro-ge.net\/index.php?rest_route=\/wp\/v2\/pages\/3772\/revisions"}],"up":[{"embeddable":true,"href":"https:\/\/www.astro-ge.net\/index.php?rest_route=\/wp\/v2\/pages\/7"}],"wp:attachment":[{"href":"https:\/\/www.astro-ge.net\/index.php?rest_route=%2Fwp%2Fv2%2Fmedia&parent=3772"}],"curies":[{"name":"wp","href":"https:\/\/api.w.org\/{rel}","templated":true}]}}