{"id":3777,"date":"2021-05-01T10:02:06","date_gmt":"2021-05-01T09:02:06","guid":{"rendered":"http:\/\/www.astro-ge.net\/?page_id=3777"},"modified":"2021-06-09T18:40:30","modified_gmt":"2021-06-09T17:40:30","slug":"articles-de-presse","status":"publish","type":"page","link":"https:\/\/www.astro-ge.net\/?page_id=3777","title":{"rendered":"Articles de presse"},"content":{"rendered":"\n<ul class=\"wp-block-list\"><li><a rel=\"noreferrer noopener\" href=\"https:\/\/www.astro-ge.net\/wordpress\/wp-content\/uploads\/2021\/05\/1959-09-09_Tribune_de_Geneve.pdf\" target=\"_blank\">1959.09.09 Tribune de Gen\u00e8ve : Gabrielle Flammarion vit entre la magie du pass\u00e9 et de l&rsquo;avenir<\/a><\/li><li><a rel=\"noreferrer noopener\" href=\"https:\/\/www.astro-ge.net\/wordpress\/wp-content\/uploads\/2021\/05\/1960-08-18_Tribune_de_Geneve.pdf\" target=\"_blank\">1960.08.18 Tribune de Gen\u00e8ve : De passage \u00e0 Gen\u00e8ve &#8211; Une grande dame : Mme Camille Flammarion<\/a><\/li><\/ul>\n","protected":false},"excerpt":{"rendered":"<p>1959.09.09 Tribune de Gen\u00e8ve : Gabrielle Flammarion vit entre la magie du pass\u00e9 et de l&rsquo;avenir 1960.08.18 Tribune de Gen\u00e8ve : De passage \u00e0 Gen\u00e8ve &#8211; Une grande dame : Mme Camille Flammarion<\/p>\n","protected":false},"author":11,"featured_media":0,"parent":7,"menu_order":6,"comment_status":"closed","ping_status":"closed","template":"","meta":{"footnotes":""},"class_list":["post-3777","page","type-page","status-publish","hentry"],"_links":{"self":[{"href":"https:\/\/www.astro-ge.net\/index.php?rest_route=\/wp\/v2\/pages\/3777","targetHints":{"allow":["GET"]}}],"collection":[{"href":"https:\/\/www.astro-ge.net\/index.php?rest_route=\/wp\/v2\/pages"}],"about":[{"href":"https:\/\/www.astro-ge.net\/index.php?rest_route=\/wp\/v2\/types\/page"}],"author":[{"embeddable":true,"href":"https:\/\/www.astro-ge.net\/index.php?rest_route=\/wp\/v2\/users\/11"}],"replies":[{"embeddable":true,"href":"https:\/\/www.astro-ge.net\/index.php?rest_route=%2Fwp%2Fv2%2Fcomments&post=3777"}],"version-history":[{"count":0,"href":"https:\/\/www.astro-ge.net\/index.php?rest_route=\/wp\/v2\/pages\/3777\/revisions"}],"up":[{"embeddable":true,"href":"https:\/\/www.astro-ge.net\/index.php?rest_route=\/wp\/v2\/pages\/7"}],"wp:attachment":[{"href":"https:\/\/www.astro-ge.net\/index.php?rest_route=%2Fwp%2Fv2%2Fmedia&parent=3777"}],"curies":[{"name":"wp","href":"https:\/\/api.w.org\/{rel}","templated":true}]}}