{"id":3783,"date":"2021-05-01T20:54:31","date_gmt":"2021-05-01T19:54:31","guid":{"rendered":"http:\/\/www.astro-ge.net\/?page_id=3783"},"modified":"2021-05-01T21:00:27","modified_gmt":"2021-05-01T20:00:27","slug":"documents-darchives","status":"publish","type":"page","link":"https:\/\/www.astro-ge.net\/?page_id=3783","title":{"rendered":"Documents d&rsquo;archives"},"content":{"rendered":"\n<p>Voici des documents d&rsquo;archives de la soci\u00e9t\u00e9 astronomique de Gen\u00e8ve (SAG) num\u00e9ris\u00e9s :<\/p>\n\n\n\n<ul class=\"wp-block-list\"><li><a rel=\"noreferrer noopener\" href=\"https:\/\/www.astro-ge.net\/wordpress\/wp-content\/uploads\/2021\/05\/25_ans_de_la_SAG.pdf\" target=\"_blank\">Photos des 25 ans de la SAG (1948)<\/a><\/li><li><a rel=\"noreferrer noopener\" href=\"https:\/\/www.astro-ge.net\/wordpress\/wp-content\/uploads\/2021\/05\/Orion_1963.pdf\" target=\"_blank\">Revue Orion (1963) : 40 ans de la SAG<\/a><\/li><li><a href=\"https:\/\/www.astro-ge.net\/wordpress\/wp-content\/uploads\/2021\/05\/60_ans_de_la_SAG.pdf\" target=\"_blank\" rel=\"noreferrer noopener\">Document relatant l&rsquo;histoire de la SAG pour ses 60 ans (1983)<\/a><\/li><\/ul>\n\n\n\n<p><\/p>\n","protected":false},"excerpt":{"rendered":"<p>Voici des documents d&rsquo;archives de la soci\u00e9t\u00e9 astronomique de Gen\u00e8ve (SAG) num\u00e9ris\u00e9s : Photos des 25 ans de la SAG (1948) Revue Orion (1963) : 40 ans de la SAG Document relatant l&rsquo;histoire de la SAG pour ses 60 ans &hellip; <a href=\"https:\/\/www.astro-ge.net\/?page_id=3783\">Continuer la lecture <span class=\"meta-nav\">&rarr;<\/span><\/a><\/p>\n","protected":false},"author":11,"featured_media":0,"parent":7,"menu_order":3,"comment_status":"closed","ping_status":"closed","template":"","meta":{"footnotes":""},"class_list":["post-3783","page","type-page","status-publish","hentry"],"_links":{"self":[{"href":"https:\/\/www.astro-ge.net\/index.php?rest_route=\/wp\/v2\/pages\/3783","targetHints":{"allow":["GET"]}}],"collection":[{"href":"https:\/\/www.astro-ge.net\/index.php?rest_route=\/wp\/v2\/pages"}],"about":[{"href":"https:\/\/www.astro-ge.net\/index.php?rest_route=\/wp\/v2\/types\/page"}],"author":[{"embeddable":true,"href":"https:\/\/www.astro-ge.net\/index.php?rest_route=\/wp\/v2\/users\/11"}],"replies":[{"embeddable":true,"href":"https:\/\/www.astro-ge.net\/index.php?rest_route=%2Fwp%2Fv2%2Fcomments&post=3783"}],"version-history":[{"count":0,"href":"https:\/\/www.astro-ge.net\/index.php?rest_route=\/wp\/v2\/pages\/3783\/revisions"}],"up":[{"embeddable":true,"href":"https:\/\/www.astro-ge.net\/index.php?rest_route=\/wp\/v2\/pages\/7"}],"wp:attachment":[{"href":"https:\/\/www.astro-ge.net\/index.php?rest_route=%2Fwp%2Fv2%2Fmedia&parent=3783"}],"curies":[{"name":"wp","href":"https:\/\/api.w.org\/{rel}","templated":true}]}}