{"id":3793,"date":"2021-05-01T21:29:22","date_gmt":"2021-05-01T20:29:22","guid":{"rendered":"http:\/\/www.astro-ge.net\/?page_id=3793"},"modified":"2021-05-01T21:35:12","modified_gmt":"2021-05-01T20:35:12","slug":"publications","status":"publish","type":"page","link":"https:\/\/www.astro-ge.net\/?page_id=3793","title":{"rendered":"Publications historiques"},"content":{"rendered":"\n<h1 class=\"wp-block-heading\">Archives <\/h1>\n\n\n\n<h2 class=\"wp-block-heading\">1925<\/h2>\n\n\n\n<ul class=\"wp-block-list\"><li><a rel=\"noreferrer noopener\" href=\"https:\/\/www.astro-ge.net\/wordpress\/wp-content\/uploads\/2021\/04\/Bulletin_SAG_numero_1_1925.pdf\" target=\"_blank\">Bulletin de la Soci\u00e9t\u00e9 astronomique Flammarion de Gen\u00e8ve n\u00b01<\/a><\/li><\/ul>\n\n\n\n<h2 class=\"wp-block-heading\">1931 \/ 1932<\/h2>\n\n\n\n<ul class=\"wp-block-list\"><li><a href=\"https:\/\/www.astro-ge.net\/wordpress\/wp-content\/uploads\/2021\/04\/Bulletin_SAG_1931_1932.pdf\" target=\"_blank\" rel=\"noreferrer noopener\">Bulletin de la Soci\u00e9t\u00e9 astronomique Flammarion de Gen\u00e8ve<\/a><\/li><\/ul>\n","protected":false},"excerpt":{"rendered":"<p>Archives 1925 Bulletin de la Soci\u00e9t\u00e9 astronomique Flammarion de Gen\u00e8ve n\u00b01 1931 \/ 1932 Bulletin de la Soci\u00e9t\u00e9 astronomique Flammarion de Gen\u00e8ve<\/p>\n","protected":false},"author":11,"featured_media":0,"parent":7,"menu_order":4,"comment_status":"closed","ping_status":"closed","template":"","meta":{"footnotes":""},"class_list":["post-3793","page","type-page","status-publish","hentry"],"_links":{"self":[{"href":"https:\/\/www.astro-ge.net\/index.php?rest_route=\/wp\/v2\/pages\/3793","targetHints":{"allow":["GET"]}}],"collection":[{"href":"https:\/\/www.astro-ge.net\/index.php?rest_route=\/wp\/v2\/pages"}],"about":[{"href":"https:\/\/www.astro-ge.net\/index.php?rest_route=\/wp\/v2\/types\/page"}],"author":[{"embeddable":true,"href":"https:\/\/www.astro-ge.net\/index.php?rest_route=\/wp\/v2\/users\/11"}],"replies":[{"embeddable":true,"href":"https:\/\/www.astro-ge.net\/index.php?rest_route=%2Fwp%2Fv2%2Fcomments&post=3793"}],"version-history":[{"count":0,"href":"https:\/\/www.astro-ge.net\/index.php?rest_route=\/wp\/v2\/pages\/3793\/revisions"}],"up":[{"embeddable":true,"href":"https:\/\/www.astro-ge.net\/index.php?rest_route=\/wp\/v2\/pages\/7"}],"wp:attachment":[{"href":"https:\/\/www.astro-ge.net\/index.php?rest_route=%2Fwp%2Fv2%2Fmedia&parent=3793"}],"curies":[{"name":"wp","href":"https:\/\/api.w.org\/{rel}","templated":true}]}}