{"id":4556,"date":"2025-04-05T07:18:07","date_gmt":"2025-04-05T05:18:07","guid":{"rendered":"https:\/\/www.astro-ge.net\/?page_id=4556"},"modified":"2025-04-06T07:16:45","modified_gmt":"2025-04-06T05:16:45","slug":"agenda","status":"publish","type":"page","link":"https:\/\/www.astro-ge.net\/?page_id=4556","title":{"rendered":"Agendas"},"content":{"rendered":"\n<p>Ci-apr\u00e8s, vous trouverez les deux calendriers des activit\u00e9s de la soci\u00e9t\u00e9 astronomique de Gen\u00e8ve et de l&rsquo;Union Romande des Soci\u00e9t\u00e9s d&rsquo;Astronomie<\/p>\n\n\n\n<ul class=\"wp-block-list\">\n<li><strong>Calendrier des activit\u00e9s de la soci\u00e9t\u00e9 astronomique de Gen\u00e8ve (SAG)<\/strong><\/li>\n<\/ul>\n\n\n<div class=\"r34ics-ajax-container loading\" data-args=\"79ba4503ed5f5a662052992bb525d34a5641dfcb\" data-js-args=\"{&quot;debug&quot;:null}\" data-r34icsym=\"202605\" data-r34icsymd=\"20260517\" data-view-is-list-long=\"0\" data-view-is-list-style=\"0\" data-view=\"month\" id=\"r6a094d9cd74bba6\">&nbsp;<\/div>\n\n\n<ul class=\"wp-block-list\">\n<li><strong>Calendrier des activit\u00e9s de l&rsquo;Union Romande des Soci\u00e9t\u00e9s d&rsquo;Astronomie (USRA)<\/strong><\/li>\n<\/ul>\n\n\n\n<p><a href=\"https:\/\/ursa.astro-tools.ch\/agenda\" data-type=\"link\" data-id=\"https:\/\/ursa.astro-tools.ch\/agenda\" target=\"_blank\" rel=\"noreferrer noopener\">Lien sur le calendrier<\/a><\/p>\n\n\n\n<p><\/p>\n","protected":false},"excerpt":{"rendered":"<p>Ci-apr\u00e8s, vous trouverez les deux calendriers des activit\u00e9s de la soci\u00e9t\u00e9 astronomique de Gen\u00e8ve et de l&rsquo;Union Romande des Soci\u00e9t\u00e9s d&rsquo;Astronomie Lien sur le calendrier<\/p>\n","protected":false},"author":11,"featured_media":0,"parent":1560,"menu_order":1,"comment_status":"closed","ping_status":"closed","template":"","meta":{"footnotes":""},"class_list":["post-4556","page","type-page","status-publish","hentry"],"_links":{"self":[{"href":"https:\/\/www.astro-ge.net\/index.php?rest_route=\/wp\/v2\/pages\/4556","targetHints":{"allow":["GET"]}}],"collection":[{"href":"https:\/\/www.astro-ge.net\/index.php?rest_route=\/wp\/v2\/pages"}],"about":[{"href":"https:\/\/www.astro-ge.net\/index.php?rest_route=\/wp\/v2\/types\/page"}],"author":[{"embeddable":true,"href":"https:\/\/www.astro-ge.net\/index.php?rest_route=\/wp\/v2\/users\/11"}],"replies":[{"embeddable":true,"href":"https:\/\/www.astro-ge.net\/index.php?rest_route=%2Fwp%2Fv2%2Fcomments&post=4556"}],"version-history":[{"count":0,"href":"https:\/\/www.astro-ge.net\/index.php?rest_route=\/wp\/v2\/pages\/4556\/revisions"}],"up":[{"embeddable":true,"href":"https:\/\/www.astro-ge.net\/index.php?rest_route=\/wp\/v2\/pages\/1560"}],"wp:attachment":[{"href":"https:\/\/www.astro-ge.net\/index.php?rest_route=%2Fwp%2Fv2%2Fmedia&parent=4556"}],"curies":[{"name":"wp","href":"https:\/\/api.w.org\/{rel}","templated":true}]}}