{"id":459,"date":"2013-04-11T18:23:02","date_gmt":"2013-04-11T17:23:02","guid":{"rendered":"http:\/\/www.astro-ge.net\/?page_id=459"},"modified":"2023-06-19T06:30:27","modified_gmt":"2023-06-19T05:30:27","slug":"statuts","status":"publish","type":"page","link":"https:\/\/www.astro-ge.net\/?page_id=459","title":{"rendered":"Statuts"},"content":{"rendered":"\n<p class=\"has-text-align-center\"><a href=\"https:\/\/www.astro-ge.net\/wordpress\/wp-content\/uploads\/2023\/06\/Statuts2023.pdf\" target=\"_blank\" rel=\"noreferrer noopener\">Statuts de la SAG \u00e9galement accessible au format \u00ab .pdf \u00bb<\/a><br>Statuts valid\u00e9s le 26 avril 2023 actuellement en vigueur<\/p>\n\n\n\n<h1 class=\"wp-block-heading\">I \u2013 Nom, si\u00e8ge et but de la Soci\u00e9t\u00e9<\/h1>\n\n\n\n<h2 class=\"wp-block-heading\">Article 1<\/h2>\n\n\n\n<p>La Soci\u00e9t\u00e9 Astronomique de Gen\u00e8ve (appel\u00e9e par la suite \u00ab&nbsp;La Soci\u00e9t\u00e9&nbsp;\u00bb), fond\u00e9e le 9 f\u00e9vrier 1923 sous le nom de \u00ab&nbsp;Soci\u00e9t\u00e9 Astronomique Flammarion de Gen\u00e8ve&nbsp;\u00bb puis renomm\u00e9e \u00ab&nbsp;Soci\u00e9t\u00e9 Astronomique de Gen\u00e8ve&nbsp;\u00bb (S.A.G.) en 1946, est une association au sens de l\u2019article 60 du Code Civil Suisse. Elle a son si\u00e8ge \u00e0 Gen\u00e8ve. Sa dur\u00e9e est illimit\u00e9e. Elle est membre de la Soci\u00e9t\u00e9 d\u2019Astronomie Suisse.<\/p>\n\n\n\n<h2 class=\"wp-block-heading\">Article 2<\/h2>\n\n\n\n<p>Le but de la Soci\u00e9t\u00e9 est de contribuer, dans la limite de ses ressources, au d\u00e9veloppement et \u00e0 la diffusion de l\u2019astronomie et des sciences qui s\u2019y rattachent. Pour ce faire, elle groupe les personnes qui s\u2019int\u00e9ressent \u00e0 l\u2019astronomie afin de leur en faciliter l\u2019\u00e9tude th\u00e9orique et de les initier \u00e0 la pratique des observations.<\/p>\n\n\n\n<h2 class=\"wp-block-heading\">Article 3<\/h2>\n\n\n\n<p>La Soci\u00e9t\u00e9 ne poursuit aucun but lucratif ; elle est confessionnellement et politiquement neutre.<\/p>\n\n\n\n<h2 class=\"wp-block-heading\">Article 4<\/h2>\n\n\n\n<p>La Soci\u00e9t\u00e9 peut faire partie en tant que section ou membre individuel d\u2019une autre soci\u00e9t\u00e9 astronomique ou scientifique.<\/p>\n\n\n\n<h2 class=\"wp-block-heading\">Article 5<\/h2>\n\n\n\n<p>La Soci\u00e9t\u00e9 publie des articles, \u00e0 des intervalles non d\u00e9termin\u00e9s, qu\u2019elle diffuse gratuitement \u00e0 ses membres. Elle met \u00e0 la disposition de ceux-ci sa biblioth\u00e8que et ses installations astronomiques.<\/p>\n\n\n\n<h1 class=\"wp-block-heading\">II \u2013 Membres<\/h1>\n\n\n\n<h2 class=\"wp-block-heading\">Article 6<\/h2>\n\n\n\n<p>La Soci\u00e9t\u00e9 se compose de :<\/p>\n\n\n\n<ul class=\"wp-block-list\">\n<li>pr\u00e9sident d\u2019honneur,<\/li>\n\n\n\n<li>membres titulaires,<\/li>\n\n\n\n<li>membres d\u2019honneur,<\/li>\n\n\n\n<li>membres distingu\u00e9s,<\/li>\n\n\n\n<li>membres passifs,<\/li>\n\n\n\n<li>membres juniors.<\/li>\n<\/ul>\n\n\n\n<p>Les membres actifs de la Soci\u00e9t\u00e9 sont en m\u00eame temps membres de la SAS.<\/p>\n\n\n\n<p><strong>Article 7<\/strong><\/p>\n\n\n\n<p>Pr\u00e9sident d\u2019honneur :<\/p>\n\n\n\n<ul class=\"wp-block-list\">\n<li>Sur proposition du Comit\u00e9, l\u2019Assembl\u00e9e G\u00e9n\u00e9rale peut conf\u00e9rer la qualit\u00e9 de pr\u00e9sident d\u2019honneur \u00e0 une personne dont le r\u00f4le est reconnu dans le monde de l\u2019astronomie.<\/li>\n\n\n\n<li>Il devient membre de la Soci\u00e9t\u00e9 Astronomique dans le cas o\u00f9 il ne l\u2019\u00e9tait pas auparavant.<\/li>\n\n\n\n<li>Le vote de l\u2019Assembl\u00e9e G\u00e9n\u00e9rale doit s\u2019effectuer \u00e0 la majorit\u00e9 absolue des voix exprim\u00e9es.<\/li>\n\n\n\n<li>La pr\u00e9sidence d\u2019honneur peut \u00eatre vacante.<\/li>\n<\/ul>\n\n\n\n<h2 class=\"wp-block-heading\">Article 8<\/h2>\n\n\n\n<p>Membres titulaires&nbsp;:<\/p>\n\n\n\n<p>Toute personne domicili\u00e9e en Suisse ou \u00e0 l\u2019\u00e9tranger peut d\u00e9poser une demande d\u2019admission \u00e0 la Soci\u00e9t\u00e9 qui sera examin\u00e9e par le comit\u00e9.<\/p>\n\n\n\n<p>Il existe trois types de cotisation&nbsp;:<\/p>\n\n\n\n<ul class=\"wp-block-list\">\n<li>Individuel,<\/li>\n\n\n\n<li>Famille (domicili\u00e9e \u00e0 la m\u00eame adresse),<\/li>\n\n\n\n<li>Juniors (\u00e2g\u00e9s de plus 16 ans et moins de 25 ans).<\/li>\n<\/ul>\n\n\n\n<p>Les enfants de moins de 16 ans peuvent participer aux activit\u00e9s de la Soci\u00e9t\u00e9 Astronomique de Gen\u00e8ve s\u2019ils sont accompagn\u00e9s de leur tuteur l\u00e9gal, pour autant qu\u2019il soit membre de la soci\u00e9t\u00e9.<\/p>\n\n\n\n<h2 class=\"wp-block-heading\">Article 9<\/h2>\n\n\n\n<p>Membres d\u2019honneur : sur proposition du Comit\u00e9, l\u2019Assembl\u00e9e G\u00e9n\u00e9rale peut conf\u00e9rer la qualit\u00e9 de membre d\u2019honneur \u00e0 des personnes, en reconnaissance des services rendus \u00e0 la Soci\u00e9t\u00e9 ou \u00e0 la science. Le vote doit s\u2019effectuer \u00e0 la majorit\u00e9 absolue des voix exprim\u00e9es.<\/p>\n\n\n\n<p>Membre distingu\u00e9&nbsp;: Le titre de \u00ab Membre Distingu\u00e9 \u00bb est d\u00e9cern\u00e9 \u00e0 un membre titulaire confirm\u00e9 de la SAG, qui a fait preuve d\u2019excellence dans le domaine de l\u2019astronomie et\/ ou a contribu\u00e9 au rayonnement de la SAG. Le membre distingu\u00e9 continue de s\u2019acquitter de ses cotisations.<\/p>\n\n\n\n<h2 class=\"wp-block-heading\">Article 10<\/h2>\n\n\n\n<p>Membres passifs : tout membre ayant \u00e9t\u00e9 actif au sein de la soci\u00e9t\u00e9 mais ne pouvant plus y participer en raison d\u2019un \u00e9loignement g\u00e9ographique ou d\u2019une impossibilit\u00e9 physique. Devenir membre passif entra\u00eene la perte d\u2019appartenance \u00e0 la Soci\u00e9t\u00e9 Astronomique de Suisse.<\/p>\n\n\n\n<p>Tout membre actif, qui souhaite devenir membre passif doit en faire la demande aupr\u00e8s du comit\u00e9. Ce dernier rend une d\u00e9cision \u00e0 partir de la situation pr\u00e9sent\u00e9e. Le vote du comit\u00e9 doit s\u2019effectuer \u00e0 la majorit\u00e9 absolue des voix exprim\u00e9es avec un quorum d\u2019au moins 50% des membres du comit\u00e9.<\/p>\n\n\n\n<h1 class=\"wp-block-heading\">III \u2013 Admission, d\u00e9mission et exclusion<\/h1>\n\n\n\n<h2 class=\"wp-block-heading\">Article 11<\/h2>\n\n\n\n<p>Les demandes d\u2019admission en tant que membre doivent \u00eatre remises \u00e0 un membre du comit\u00e9. Le Comit\u00e9 se r\u00e9serve le droit de refuser l\u2019admission. Le vote du comit\u00e9 doit s\u2019effectuer \u00e0 la majorit\u00e9 absolue des voix exprim\u00e9es avec un quorum d\u2019au moins 50% des membres du comit\u00e9.<\/p>\n\n\n\n<h2 class=\"wp-block-heading\">Article 12<\/h2>\n\n\n\n<p>La qualit\u00e9 de membre n\u2019est d\u00e9\ufb01nitivement acquise qu\u2019apr\u00e8s paiement de la premi\u00e8re cotisation.<\/p>\n\n\n\n<h2 class=\"wp-block-heading\">Article 13<\/h2>\n\n\n\n<p>La d\u00e9mission ne peut s\u2019effectuer que pour la \ufb01n de l\u2019ann\u00e9e civile; elle doit \u00eatre adress\u00e9e par \u00e9crit \u00e0 la Soci\u00e9t\u00e9 Astronomique de Gen\u00e8ve. Toutefois, la cotisation pour l\u2019ann\u00e9e en cours reste due.<\/p>\n\n\n\n<h2 class=\"wp-block-heading\">Article 14<\/h2>\n\n\n\n<p>Le Comit\u00e9 peut prononcer l\u2019exclusion de tout membre qui ne satisfait pas aux devoirs statutaires ou pour tout autre motif grave. N\u00e9anmoins cette d\u00e9cision doit faire l\u2019objet d\u2019un vote \u00e0 l\u2019unanimit\u00e9 de l\u2019ensemble des membres pr\u00e9sents du comit\u00e9, sous condition d\u2019un quorum de 50% des membres du comit\u00e9. En dernier recours, ce membre peut demander \u00e0 \u00eatre entendu par l\u2019assembl\u00e9e g\u00e9n\u00e9rale, apr\u00e8s avoir fait l\u2019objet d\u2019une exclusion par le Comit\u00e9. L\u2019assembl\u00e9e g\u00e9n\u00e9rale se prononce alors \u00e0 la majorit\u00e9 absolue des voix exprim\u00e9es.<\/p>\n\n\n\n<h2 class=\"wp-block-heading\">Article 15<\/h2>\n\n\n\n<p>Le\/la tr\u00e9sorier(e) peut prononcer l\u2019exclusion de facto de tout membre qui ne r\u00e8gle pas sa cotisation apr\u00e8s deux relances ou dont la cotisation n\u2019est pas toujours r\u00e9gl\u00e9e au 31 d\u00e9cembre.<\/p>\n\n\n\n<h2 class=\"wp-block-heading\">Article 16<\/h2>\n\n\n\n<p>Par la d\u00e9mission ou l\u2019exclusion s\u2019\u00e9teignent tous les droits statutaires, ainsi que toute pr\u00e9tention \u00e0 l\u2019avoir social de la Soci\u00e9t\u00e9. Le membre concern\u00e9 perd aussi, en m\u00eame temps, la qualit\u00e9 de membre de la Soci\u00e9t\u00e9 Astronomique de Suisse.<\/p>\n\n\n\n<h1 class=\"wp-block-heading\">IV \u2013 Organes<\/h1>\n\n\n\n<h2 class=\"wp-block-heading\">Article 17<\/h2>\n\n\n\n<p>Les organes de la Soci\u00e9t\u00e9 sont:<\/p>\n\n\n\n<ul class=\"wp-block-list\">\n<li>l\u2019Assembl\u00e9e g\u00e9n\u00e9rale (A.G.),<\/li>\n\n\n\n<li>le Comit\u00e9,<\/li>\n\n\n\n<li>les v\u00e9rificateurs des comptes.<\/li>\n<\/ul>\n\n\n\n<h2 class=\"wp-block-heading\">Article 18<\/h2>\n\n\n\n<p>L\u2019Assembl\u00e9e g\u00e9n\u00e9rale:<\/p>\n\n\n\n<p>a) L\u2019 A.G. ordinaire a lieu chaque ann\u00e9e avant la \ufb01n du mois d\u2019avril.<\/p>\n\n\n\n<p>b) Lors de circonstances exceptionnelles, l\u2019A.G. ordinaire peut se tenir au-del\u00e0 du mois d\u2019avril mais au plus tard avant la fin du mois de juin.<\/p>\n\n\n\n<p>c) Lors de circonstances extraordinaires qui emp\u00eachent tout rassemblement de personnes, l\u2019A.G. ordinaire peut \u00eatre repouss\u00e9e et devra se tenir \u00e0 la fin de ces circonstances extraordinaires. Le comit\u00e9 et v\u00e9rificateurs des comptes restent les m\u00eames jusqu\u2019\u00e0 la tenue de la prochaine assembl\u00e9e g\u00e9n\u00e9rale.<\/p>\n\n\n\n<p>d) L\u2019 A.G. est convoqu\u00e9e par le Comit\u00e9 avec indication de l\u2019ordre du jour, au moins<br>15 Jours avant la date pr\u00e9vue par avis individuel.<\/p>\n\n\n\n<p>e) Une A.G. extraordinaire peut en outre \u00eatre convoqu\u00e9e dans les circonstances&nbsp;suivantes :<\/p>\n\n\n\n<ul class=\"wp-block-list\">\n<li>sur d\u00e9cision du Comit\u00e9 toutes les fois qu\u2019il le jugera n\u00e9cessaire.<\/li>\n\n\n\n<li>si une demande \u00e9crite motiv\u00e9e et sign\u00e9e par au moins 1\/5 des membres en est adress\u00e9e au Pr\u00e9sident. Dans le deuxi\u00e8me cas, l\u2019AssembI\u00e9e extraordinaire doit tenir ses assises dans les deux mois qui suivent la demande.<\/li>\n<\/ul>\n\n\n\n<p>f) Ne peuvent \u00eatre inscrites \u00e0 l\u2019ordre du jour que les propositions adress\u00e9es par \u00e9crit au comit\u00e9, au plus tard le 01<sup>er<\/sup> mars.<\/p>\n\n\n\n<p>g) L\u2019 A.G. est dirig\u00e9e par le Pr\u00e9sident ou en cas d\u2019emp\u00eachement par un membre du Comit\u00e9 confirm\u00e9 par un vote de l\u2019A.G. en d\u00e9but de s\u00e9ance.<\/p>\n\n\n\n<p>h) Chaque membre pr\u00e9sent a une voix quelle que soit sa fonction au sein de la soci\u00e9t\u00e9.<\/p>\n\n\n\n<p>i) Les votes se font \u00e0 main lev\u00e9e sauf si au moins un membre pr\u00e9sent lors de l\u2019assembl\u00e9e demande \u00e0 ce qu\u2019ils soient effectu\u00e9s au bulletin secret.<\/p>\n\n\n\n<p>j) Les \u00e9lections se font \u00e0 la majorit\u00e9 absolue des voix exprim\u00e9es. Sont r\u00e9serv\u00e9s les articles 33 (modification des statuts) et 34 (dissolution de la Soci\u00e9t\u00e9).<\/p>\n\n\n\n<p>k) En cas d\u2019\u00e9galit\u00e9 des voix, celle du Pr\u00e9sident est pr\u00e9pond\u00e9rante.<\/p>\n\n\n\n<h2 class=\"wp-block-heading\">Article 19<\/h2>\n\n\n\n<p>Les comp\u00e9tences de l\u2019Assembl\u00e9e g\u00e9n\u00e9rale sont notamment:<\/p>\n\n\n\n<ul class=\"wp-block-list\">\n<li>Election du Pr\u00e9sident et des autres membres du Comit\u00e9,<\/li>\n\n\n\n<li>Election des v\u00e9ri\ufb01cateurs des comptes,<\/li>\n\n\n\n<li>D\u00e9lib\u00e9ration sur les rapports et les comptes annuels.<\/li>\n\n\n\n<li>D\u00e9cisions concernant les propositions des v\u00e9ri\ufb01cateurs des comptes et d\u00e9charge au Comit\u00e9 pour sa gestion.<\/li>\n\n\n\n<li>Approbation du budget pour l\u2019ann\u00e9e suivante,<\/li>\n\n\n\n<li>Fixation des cotisations pour l\u2019ann\u00e9e suivante,<\/li>\n\n\n\n<li>Nomination de membres d\u2019honneur,<\/li>\n\n\n\n<li>Liquidation des recours de membres exclus de la Soci\u00e9t\u00e9 sur d\u00e9cision du Comit\u00e9,<\/li>\n\n\n\n<li>Modi\ufb01cation des statuts,<\/li>\n\n\n\n<li>D\u00e9cision relative \u00e0 la dissolution de la Soci\u00e9t\u00e9,<\/li>\n\n\n\n<li>Adh\u00e9sion \u00e0 une autre soci\u00e9t\u00e9.<strong><\/strong><\/li>\n<\/ul>\n\n\n\n<h2 class=\"wp-block-heading\">Article 20<\/h2>\n\n\n\n<p>Le Comit\u00e9:<\/p>\n\n\n\n<p>a) Le Comit\u00e9 se compose de 12 membres au maximum, avec les charges suivantes<\/p>\n\n\n\n<ul class=\"wp-block-list\">\n<li>Pr\u00e9sident,<\/li>\n\n\n\n<li>Vice-Pr\u00e9sident,<\/li>\n\n\n\n<li>Secr\u00e9taire g\u00e9n\u00e9ral,<\/li>\n\n\n\n<li>Tr\u00e9sorier,<\/li>\n\n\n\n<li>Secr\u00e9taire,<\/li>\n\n\n\n<li>Responsable du site Internet,<\/li>\n\n\n\n<li>Responsable de l\u2019Observatoire,<\/li>\n\n\n\n<li>D\u00e9monstrateur,<\/li>\n\n\n\n<li>Biblioth\u00e9caire,<\/li>\n<\/ul>\n\n\n\n<p>b) Le Comit\u00e9 pr\u00e9sente une liste des candidats. Toutefois chaque membre peut faire acte de candidature adress\u00e9e par \u00e9crit au Pr\u00e9sident au moins 10 jours avant l\u2019Assembl\u00e9e g\u00e9n\u00e9rale. Dans le cas o\u00f9 des postes resteraient \u00e0 repourvoir et qu\u2019aucun membre n\u2019ait manifest\u00e9 sa candidature au pr\u00e9alable, il est alors possible de pr\u00e9senter sa candidature lors de l\u2019\u00e9lection du comit\u00e9 durant l\u2019assembl\u00e9e g\u00e9n\u00e9rale.<\/p>\n\n\n\n<p>c) Les membres du Comit\u00e9 sont \u00e9lus par l\u2019Assembl\u00e9e g\u00e9n\u00e9rale pour une p\u00e9riode d\u2019un an. Ils sont imm\u00e9diatement r\u00e9\u00e9ligibles.<\/p>\n\n\n\n<p>d) Le Comit\u00e9 se constitue lui-m\u00eame sous la direction du Pr\u00e9sident.<\/p>\n\n\n\n<p>e) Des membres sortant durant la p\u00e9riode administrative peuvent \u00eatre remplac\u00e9s par le Comit\u00e9, pour assurer l\u2019int\u00e9rim jusqu\u2019\u00e0 l\u2019assembl\u00e9e g\u00e9n\u00e9rale cl\u00f4turant l\u2019exercice en cours.<\/p>\n\n\n\n<p>f) Le Comit\u00e9 se r\u00e9unit aussi souvent que le Pr\u00e9sident le juge n\u00e9cessaire ou si deux de ses membres le demandent, mais au minimum une fois par trimestre afin d\u2019organiser la vie de la Soci\u00e9t\u00e9.<\/p>\n\n\n\n<p>g) Sauf en cas d\u2019urgence, le Comit\u00e9 est convoqu\u00e9 par le Pr\u00e9sident, au moins 8 jours \u00e0 l\u2019avance.<\/p>\n\n\n\n<h2 class=\"wp-block-heading\">Article 21<\/h2>\n\n\n\n<p>Au Comit\u00e9 incombent les t\u00e2ches suivantes:<\/p>\n\n\n\n<ul class=\"wp-block-list\">\n<li>Direction de la Soci\u00e9t\u00e9 et repr\u00e9sentation vis-\u00e0-vis de l\u2019ext\u00e9rieur,<\/li>\n\n\n\n<li>Pr\u00e9paration et convocation de l\u2019Assembl\u00e9e g\u00e9n\u00e9rale,<\/li>\n\n\n\n<li>Ex\u00e9cution des d\u00e9cisions de l\u2019Assembl\u00e9e g\u00e9n\u00e9rale,<\/li>\n\n\n\n<li>Contr\u00f4le de l\u2019observation des statuts,<\/li>\n\n\n\n<li>Admission et exclusion de membres,<\/li>\n\n\n\n<li>Administration des biens, des archives et du mat\u00e9riel de la Soci\u00e9t\u00e9,<\/li>\n\n\n\n<li>Organisation de conf\u00e9rences et d\u00e9monstrations astronomiques,<\/li>\n\n\n\n<li>Liquidation de toutes les autres affaires qui ne sont pas de la comp\u00e9tence de l\u2019Assembl\u00e9e g\u00e9n\u00e9rale.<strong><\/strong><\/li>\n<\/ul>\n\n\n\n<h2 class=\"wp-block-heading\">Article 22<\/h2>\n\n\n\n<p>a) Le Pr\u00e9sident dirige les d\u00e9lib\u00e9rations du Comit\u00e9. Il pr\u00e9sente chaque ann\u00e9e \u00e0 l\u2019A.G. un rapport sur le fonctionnement de la Soci\u00e9t\u00e9 pour l\u2019exercice \u00e9coul\u00e9.<\/p>\n\n\n\n<p>b) Le Secr\u00e9taire g\u00e9n\u00e9ral est sp\u00e9cialement charg\u00e9 de la direction scientifique des travaux de la Soci\u00e9t\u00e9. Il pr\u00e9sente chaque ann\u00e9e \u00e0 l\u2019A.G. un rapport sur cette activit\u00e9.<\/p>\n\n\n\n<p>c) Le Tr\u00e9sorier g\u00e8re les finances et pr\u00e9sente chaque ann\u00e9e \u00e0 l\u2019A.G. un rapport sur la situation financi\u00e8re de la Soci\u00e9t\u00e9.<\/p>\n\n\n\n<p>d) Le Comit\u00e9 peut confier des t\u00e2ches sp\u00e9ciales \u00e0 des commissions et il peut m\u00eame faire appel \u00e0 la collaboration de personnes comp\u00e9tentes prises en dehors de la Soci\u00e9t\u00e9.<\/p>\n\n\n\n<h2 class=\"wp-block-heading\">Article 23<\/h2>\n\n\n\n<p>V\u00e9rificateurs des comptes:<\/p>\n\n\n\n<p>a) L\u2019Assembl\u00e9e g\u00e9n\u00e9rale nomme pour l\u2019ann\u00e9e suivante, deux v\u00e9rificateurs et un suppl\u00e9ant.<\/p>\n\n\n\n<p>b) Les v\u00e9rificateurs sont charg\u00e9s de contr\u00f4ler les comptes de la Soci\u00e9t\u00e9 au moins une fois par ann\u00e9e et de pr\u00e9senter un rapport \u00e0 l\u2019A.G.<\/p>\n\n\n\n<p>c) Les v\u00e9rificateurs sont imm\u00e9diatement r\u00e9\u00e9ligibles.<\/p>\n\n\n\n<p>d) Un membre qui fait partie du Comit\u00e9 ne peut pas \u00eatre, en m\u00eame temps, v\u00e9rificateur des comptes.<\/p>\n\n\n\n<h2 class=\"wp-block-heading\">Article 24<\/h2>\n\n\n\n<p>La Soci\u00e9t\u00e9 est juridiquement engag\u00e9e par les signatures collectives du Pr\u00e9sident ou du Vice-Pr\u00e9sident et celle d\u2019un autre membre du Comit\u00e9.<\/p>\n\n\n\n<h1 class=\"wp-block-heading\">V \u2013 Finances<\/h1>\n\n\n\n<h2 class=\"wp-block-heading\">Article 25<\/h2>\n\n\n\n<p>Les ressources financi\u00e8res de la Soci\u00e9t\u00e9 sont:<\/p>\n\n\n\n<ul class=\"wp-block-list\">\n<li>Les cotisations des membres,<\/li>\n\n\n\n<li>Les revenus de la fortune,<\/li>\n\n\n\n<li>Les dons et legs,<\/li>\n\n\n\n<li>Les autres revenus.<\/li>\n<\/ul>\n\n\n\n<h2 class=\"wp-block-heading\">Article 26<\/h2>\n\n\n\n<p>a) La cotisation annuelle des membres est fix\u00e9e chaque ann\u00e9e par l\u2019A.G. pour l\u2019ann\u00e9e suivante, sur proposition du Comit\u00e9. Une cotisation r\u00e9duite sera per\u00e7ue pour les membres juniors.<\/p>\n\n\n\n<p>b) Le pr\u00e9sident d\u2019honneur, les membres d\u2019honneur et les membres passifs sont dispens\u00e9s de toute cotisation.<\/p>\n\n\n\n<p>c) La cotisation centrale de la SAS est incluse dans la cotisation de la Soci\u00e9t\u00e9 Astronomique de Gen\u00e8ve.<\/p>\n\n\n\n<p>d) Les cotisations sont dues pour l\u2019ann\u00e9e en cours apr\u00e8s r\u00e9ception du bulletin de versement et sont payables selon les coordonn\u00e9es figurant sur ce bulletin.<\/p>\n\n\n\n<h2 class=\"wp-block-heading\">Article 27<\/h2>\n\n\n\n<p>Toutes les fonctions au sein de la Soci\u00e9t\u00e9 le sont \u00e0 titre honorifique. Toutefois, les frais occasionn\u00e9s par l\u2019exercice de ces fonctions sont rembours\u00e9s.<\/p>\n\n\n\n<h2 class=\"wp-block-heading\">Article 28<\/h2>\n\n\n\n<p>Les engagements de la Soci\u00e9t\u00e9 sont garantis uniquement par les biens de celle-ci. Ses membres n\u2019endossent aucune responsabilit\u00e9.<\/p>\n\n\n\n<h2 class=\"wp-block-heading\">Article 29<\/h2>\n\n\n\n<p>L\u2019ann\u00e9e comptable est l\u2019ann\u00e9e civile.<\/p>\n\n\n\n<h2 class=\"wp-block-heading\">Article 30<\/h2>\n\n\n\n<p>Toute facture doit \u00eatre vis\u00e9e par un membre du comit\u00e9.<\/p>\n\n\n\n<h2 class=\"wp-block-heading\">Article 31<\/h2>\n\n\n\n<p>Toute d\u00e9pense d\u2019un montant pr\u00e9visionnel sup\u00e9rieur \u00e0 cinq cents francs (Fr. 500.-) doit \u00eatre bas\u00e9e sur un devis et faire l\u2019objet d\u2019une d\u00e9cision de comit\u00e9.<\/p>\n\n\n\n<h2 class=\"wp-block-heading\">Article 32<\/h2>\n\n\n\n<p>En cas de force majeure, les membres du comit\u00e9 atteignables prendront les d\u00e9cisions n\u00e9cessaires.<\/p>\n\n\n\n<h1 class=\"wp-block-heading\">VI \u2013 Modification des statuts<\/h1>\n\n\n\n<h2 class=\"wp-block-heading\">Article 33<\/h2>\n\n\n\n<p>Les pr\u00e9sents statuts ne peuvent \u00eatre modifi\u00e9s que par d\u00e9cision d\u2019une assembl\u00e9e g\u00e9n\u00e9rale, prise \u00e0 la majorit\u00e9 des deux tiers des voix pr\u00e9sentes.<\/p>\n\n\n\n<h1 class=\"wp-block-heading\">VII \u2013 Dissolution de la Soci\u00e9t\u00e9<\/h1>\n\n\n\n<h2 class=\"wp-block-heading\">Article 34<\/h2>\n\n\n\n<p>La dissolution de la Soci\u00e9t\u00e9 ne peut \u00eatre prononc\u00e9e que par une assembl\u00e9e extraordinaire, convoqu\u00e9e sp\u00e9cialement dans ce but, \u00e0 la majorit\u00e9 des trois quarts (3\/4) des voix exprim\u00e9es, mais avec un quorum minimum de 25% de l\u2019ensemble des membres de la Soci\u00e9t\u00e9 qui sont pr\u00e9sents ou repr\u00e9sent\u00e9s. Le vote par correspondance est admis dans ce cas.<\/p>\n\n\n\n<h2 class=\"wp-block-heading\">Article 35<\/h2>\n\n\n\n<p>En cas de dissolution de la Soci\u00e9t\u00e9, l\u2019Actif en esp\u00e8ce et en nature devra \u00eatre attribu\u00e9 \u00e0 une \u0153uvre existante ou \u00e0 cr\u00e9er, ayant un but analogue.<\/p>\n\n\n\n<h1 class=\"wp-block-heading\">VIII Dispositions transitoires<\/h1>\n\n\n\n<h2 class=\"wp-block-heading\">Article 36<\/h2>\n\n\n\n<p>Les pr\u00e9sents statuts entrent imm\u00e9diatement en vigueur apr\u00e8s leur acceptation par l\u2019Assembl\u00e9e g\u00e9n\u00e9rale annuelle du 26 avril 2023. Ils remplacent les statuts du 27 avril 2022.<\/p>\n","protected":false},"excerpt":{"rendered":"<p>Statuts de la SAG \u00e9galement accessible au format \u00ab .pdf \u00bbStatuts valid\u00e9s le 26 avril 2023 actuellement en vigueur I \u2013 Nom, si\u00e8ge et but de la Soci\u00e9t\u00e9 Article 1 La Soci\u00e9t\u00e9 Astronomique de Gen\u00e8ve (appel\u00e9e par la suite \u00ab&nbsp;La &hellip; <a href=\"https:\/\/www.astro-ge.net\/?page_id=459\">Continuer la lecture <span class=\"meta-nav\">&rarr;<\/span><\/a><\/p>\n","protected":false},"author":1,"featured_media":0,"parent":5,"menu_order":0,"comment_status":"closed","ping_status":"closed","template":"","meta":{"footnotes":""},"class_list":["post-459","page","type-page","status-publish","hentry"],"_links":{"self":[{"href":"https:\/\/www.astro-ge.net\/index.php?rest_route=\/wp\/v2\/pages\/459","targetHints":{"allow":["GET"]}}],"collection":[{"href":"https:\/\/www.astro-ge.net\/index.php?rest_route=\/wp\/v2\/pages"}],"about":[{"href":"https:\/\/www.astro-ge.net\/index.php?rest_route=\/wp\/v2\/types\/page"}],"author":[{"embeddable":true,"href":"https:\/\/www.astro-ge.net\/index.php?rest_route=\/wp\/v2\/users\/1"}],"replies":[{"embeddable":true,"href":"https:\/\/www.astro-ge.net\/index.php?rest_route=%2Fwp%2Fv2%2Fcomments&post=459"}],"version-history":[{"count":0,"href":"https:\/\/www.astro-ge.net\/index.php?rest_route=\/wp\/v2\/pages\/459\/revisions"}],"up":[{"embeddable":true,"href":"https:\/\/www.astro-ge.net\/index.php?rest_route=\/wp\/v2\/pages\/5"}],"wp:attachment":[{"href":"https:\/\/www.astro-ge.net\/index.php?rest_route=%2Fwp%2Fv2%2Fmedia&parent=459"}],"curies":[{"name":"wp","href":"https:\/\/api.w.org\/{rel}","templated":true}]}}