{"id":481,"date":"2013-05-20T07:20:54","date_gmt":"2013-05-20T06:20:54","guid":{"rendered":"http:\/\/www.astro-ge.net\/?page_id=481"},"modified":"2025-04-04T14:40:35","modified_gmt":"2025-04-04T13:40:35","slug":"contacts","status":"publish","type":"page","link":"https:\/\/www.astro-ge.net\/?page_id=481","title":{"rendered":"Contact"},"content":{"rendered":"<ul>\n<li><strong><a href=\"https:\/\/www.astro-ge.net\/?page_id=1963\" target=\"_blank\" rel=\"noopener\">Nos coordonn\u00e9es | Acc\u00e8s<\/a><\/strong><\/li>\n<li><strong><a href=\"https:\/\/www.astro-ge.net\/?page_id=1140\" target=\"_blank\" rel=\"noopener\">Plans pour nous trouver<\/a><\/strong><\/li>\n<li><strong><a href=\"https:\/\/www.astro-ge.net\/?page_id=1137\" target=\"_blank\" rel=\"noopener\">R\u00e9seaux sociaux<\/a><\/strong><\/li>\n<li><a href=\"https:\/\/www.astro-ge.net\/?page_id=1332\" target=\"_blank\" rel=\"noopener\"><strong>SAG in English<\/strong><\/a><\/li>\n<\/ul>\n","protected":false},"excerpt":{"rendered":"<p>Nos coordonn\u00e9es | Acc\u00e8s Plans pour nous trouver R\u00e9seaux sociaux SAG in English<\/p>\n","protected":false},"author":11,"featured_media":0,"parent":0,"menu_order":7,"comment_status":"closed","ping_status":"closed","template":"","meta":{"footnotes":""},"class_list":["post-481","page","type-page","status-publish","hentry"],"_links":{"self":[{"href":"https:\/\/www.astro-ge.net\/index.php?rest_route=\/wp\/v2\/pages\/481","targetHints":{"allow":["GET"]}}],"collection":[{"href":"https:\/\/www.astro-ge.net\/index.php?rest_route=\/wp\/v2\/pages"}],"about":[{"href":"https:\/\/www.astro-ge.net\/index.php?rest_route=\/wp\/v2\/types\/page"}],"author":[{"embeddable":true,"href":"https:\/\/www.astro-ge.net\/index.php?rest_route=\/wp\/v2\/users\/11"}],"replies":[{"embeddable":true,"href":"https:\/\/www.astro-ge.net\/index.php?rest_route=%2Fwp%2Fv2%2Fcomments&post=481"}],"version-history":[{"count":0,"href":"https:\/\/www.astro-ge.net\/index.php?rest_route=\/wp\/v2\/pages\/481\/revisions"}],"wp:attachment":[{"href":"https:\/\/www.astro-ge.net\/index.php?rest_route=%2Fwp%2Fv2%2Fmedia&parent=481"}],"curies":[{"name":"wp","href":"https:\/\/api.w.org\/{rel}","templated":true}]}}