{"id":5,"date":"2011-12-13T22:20:04","date_gmt":"2011-12-13T21:20:04","guid":{"rendered":"http:\/\/www.astro-ge.net\/wordpress\/?page_id=5"},"modified":"2024-11-26T18:15:56","modified_gmt":"2024-11-26T17:15:56","slug":"a-propos-de-la-sag","status":"publish","type":"page","link":"https:\/\/www.astro-ge.net\/?page_id=5","title":{"rendered":"A propos de la SAG"},"content":{"rendered":"\n<iframe loading=\"lazy\" style=\"border: none; overflow: hidden; height: 40px;\" src=\"\/\/www.facebook.com\/plugins\/like.php?href=http%3A%2F%2Fwww.astro-ge.net%2F%3Fpage_id%3D5&amp;width&amp;layout=standard&amp;action=like&amp;show_faces=true&amp;share=true&amp;height=40\" scrolling=\"no\" width=\"300\" height=\"150\" frameborder=\"0\"><span style=\"display: inline-block; width: 0px; overflow: hidden; line-height: 0;\" data-mce-type=\"bookmark\" class=\"mce_SELRES_start\">\ufeff<\/span><\/iframe>\n\n\n\n<p class=\"has-text-align-center\"><a rel=\"noopener noreferrer\" href=\"https:\/\/www.astro-ge.net\/wordpress\/wp-content\/uploads\/2015\/08\/SAG_Flyer_v14.pdf\" target=\"_blank\">D\u00e9pliant de la Soci\u00e9t\u00e9 Astronomique de Gen\u00e8ve au format \u00ab\u00a0PDF\u00a0\u00bb<\/a><\/p>\n\n\n\n<hr class=\"wp-block-separator\">\n\n\n\n<p><strong>Qui sommes-nous?<br><\/strong>La Soci\u00e9t\u00e9 Astronomique de Gen\u00e8ve (SAG) est membre de la Soci\u00e9t\u00e9 Astronomique Suisse (<a href=\"http:\/\/www.astroinfo.ch\/sag\/index_sag_f.html\" target=\"_blank\" rel=\"noopener noreferrer\">SAS<\/a>) ainsi que de l&rsquo;Union Romande des Soci\u00e9t\u00e9s d&rsquo;Astronomie (<a href=\"http:\/\/www.astrosurf.com\/ursa\" target=\"_blank\" rel=\"noopener noreferrer\">URSA<\/a>). Ainsi nous poss\u00e9dons de nombreux contacts avec les diverses soci\u00e9t\u00e9s d&rsquo;astronomie de Suisse avec lesquelles nous collaborons activement. De plus nous avons d&rsquo;excellents contacts avec l&rsquo;<a href=\"http:\/\/obswww.unige.ch\/\" target=\"_blank\" rel=\"noopener noreferrer\">Observatoire de Gen\u00e8ve<\/a> \u00e0 Sauverny, o\u00f9 certains membres travaillent en tant qu&rsquo;astronomes professionnels.<\/p>\n\n\n\n<p><strong>Que faisons-nous?<\/strong><br>Nous nous r\u00e9unissons tous les mercredis soir \u00e0 partir de 19h30 \u00e0 notre local et ce durant toute l&rsquo;ann\u00e9e scolaire (il n&rsquo;y a pas de s\u00e9ances pendant les vacances).<\/p>\n\n\n\n<p>Selon les saisons, nous proposons une \u00e0 trois fois par mois soit:<br>\u2022&nbsp;&nbsp; &nbsp;une conf\u00e9rence donn\u00e9e par un membre ou par un astronome professionnel,<br>\u2022&nbsp;&nbsp; &nbsp;une soir\u00e9e \u00e0 th\u00e8me qui consiste \u00e0 visionner un documentaire sur le th\u00e8me de l\u2019astronomie suivi d\u2019un \u00e9change entre membres de la SAG,<br>\u2022&nbsp;&nbsp; &nbsp;une soir\u00e9e d\u2019observation au t\u00e9lescope.<\/p>\n\n\n\n<p>La Soci\u00e9t\u00e9 Astronomique de Gen\u00e8ve organise aussi des pr\u00e9sentations qui visent \u00e0 initier les d\u00e9butants au monde fabuleux de l&rsquo;astronomie. La SAG a pour objectif de proposer des activit\u00e9s tant aux d\u00e9butants qu\u2019aux astronomes amateurs avertis.<\/p>\n\n\n\n<p>Au local nous poss\u00e9dons une grande biblioth\u00e8que avec de nombreux ouvrages. Une \u00e0 deux fois par an de nouveaux livres sont achet\u00e9s. De plus la SAG est abonn\u00e9e \u00e0 plusieurs revues p\u00e9riodiques d\u2019astronomie.<\/p>\n\n\n\n<p><strong>Site Internet<\/strong><br>La SAG dispose d\u2019un site Internet sur lequel l\u2019actualit\u00e9 de notre soci\u00e9t\u00e9 est communiqu\u00e9e ainsi que le calendrier de nos activit\u00e9s.<\/p>\n\n\n\n<p><strong>\u00c9v\u00e9nements trimestriels<\/strong><br>La SAG organise chaque ann\u00e9e les \u00e9v\u00e9nements suivants :<br>\u2022&nbsp;&nbsp; &nbsp;L\u2019assembl\u00e9e g\u00e9n\u00e9rale en mars ou en avril,<br>\u2022&nbsp;&nbsp; &nbsp;La sortie interclub \u00e0 notre observatoire en juin,<br>\u2022&nbsp;&nbsp; &nbsp;La sortie de l&rsquo;\u00e9quinoxe au mois de septembre,<br>\u2022&nbsp;&nbsp; &nbsp;La fondue de l\u2019escalade au mois de d\u00e9cembre.<\/p>\n\n\n\n<p><strong>Ev\u00e9nements r\u00e9guliers<\/strong><br>Chaque trimestre, la SAG organise conjointement avec le Mus\u00e9e d\u2019Histoire des Sciences situ\u00e9 \u00e0 la Perle du Lac une soir\u00e9e autour de conf\u00e9rences sur l\u2019astronomie et les instruments scientifiques. Ces conf\u00e9rences sont gratuites et ouvertes au grand public.<br>Si la m\u00e9t\u00e9o le permet, une observation en compagnie des membres de la SAG peut \u00eatre organis\u00e9e dans le parc du Mus\u00e9e afin que le grand public puisse d\u00e9couvrir le ciel.<\/p>\n\n\n\n<p><strong>T\u00e9lescopes<\/strong><br>La SAG est dot\u00e9e de plusieurs instruments :<br>\u2022&nbsp;&nbsp;&nbsp; Un t\u00e9lescope de 400 mm,<br>\u2022&nbsp;&nbsp; &nbsp;Un t\u00e9lescope de 250 mm,<br>\u2022&nbsp;&nbsp; &nbsp;Un t\u00e9lescope de 120 mm,<br>\u2022&nbsp;&nbsp; &nbsp;Une lunette de 110 mm,<br>\u2022&nbsp;&nbsp; &nbsp;Une lunette sp\u00e9ciale pour observer le soleil.<\/p>\n\n\n\n<p><strong>Ph\u00e9nom\u00e8nes astronomiques<\/strong><br>Nous organisons chaque ann\u00e9e des soir\u00e9es d&rsquo;observations lors des grands \u00e9v\u00e9nements astronomiques: les \u00e9clipses, la nuit des \u00e9toiles filantes, les com\u00e8tes, etc.<\/p>\n\n\n\n<p><strong>Voyages<\/strong><br>En fonction des \u00e9v\u00e9nements, la SAG peut organiser des voyages dans des observatoires pour ses membres.<\/p>\n\n\n\n<p><strong>Comment nous rejoindre?<\/strong><br>La meilleure solution pour devenir membre de la Soci\u00e9t\u00e9 Astronomique de Gen\u00e8ve, c&rsquo;est de passer nous voir au local dont <a rel=\"noreferrer noopener\" aria-label=\"l\u2019adresse se trouve \u00e0 la rubrique &quot;Contacts&quot; (s\u2019ouvre dans un nouvel onglet)\" href=\"https:\/\/www.astro-ge.net\/?page_id=1963\" target=\"_blank\"><strong>l\u2019adresse se trouve \u00e0 la rubrique \u00ab\u00a0Contacts\u00a0\u00bb<\/strong><\/a> o\u00f9 nous nous r\u00e9unissons tous les mercredi soir (sauf pendant les vacances scolaires). Pour plus de pr\u00e9cisions sur nos activit\u00e9s, nous vous invitons \u00e0 consulter <a rel=\"noreferrer noopener\" aria-label=\"notre programme trimestriel (s\u2019ouvre dans un nouvel onglet)\" href=\"https:\/\/www.astro-ge.net\/?page_id=772\" target=\"_blank\"><strong>notre programme trimestriel<\/strong><\/a> avant de venir \u00e0 notre rencontre ou de nous contacter par <strong><a href=\"mailto:info@astro-ge.net?Subject=Devenir membre de la SAG\" target=\"_blank\" rel=\"noreferrer noopener\" aria-label=\"e-mail (s\u2019ouvre dans un nouvel onglet)\">e-mail<\/a><\/strong> au pr\u00e9alable.<\/p>\n\n\n<div class=\"wp-block-image\">\n<figure class=\"alignright size-full\"><a href=\"https:\/\/www.geneve.ch\/fr\"><img loading=\"lazy\" decoding=\"async\" width=\"526\" height=\"123\" src=\"https:\/\/www.astro-ge.net\/wordpress\/wp-content\/uploads\/2022\/12\/Logo_subventionne_ville_de_Geneve.jpg\" alt=\"\" class=\"wp-image-4295\" srcset=\"https:\/\/www.astro-ge.net\/wordpress\/wp-content\/uploads\/2022\/12\/Logo_subventionne_ville_de_Geneve.jpg 526w, https:\/\/www.astro-ge.net\/wordpress\/wp-content\/uploads\/2022\/12\/Logo_subventionne_ville_de_Geneve-300x70.jpg 300w, https:\/\/www.astro-ge.net\/wordpress\/wp-content\/uploads\/2022\/12\/Logo_subventionne_ville_de_Geneve-500x117.jpg 500w\" sizes=\"auto, (max-width: 526px) 100vw, 526px\" \/><\/a><\/figure>\n<\/div>\n\n<div class=\"wp-block-image\">\n<figure class=\"aligncenter size-full\"><img loading=\"lazy\" decoding=\"async\" width=\"350\" height=\"46\" src=\"https:\/\/www.astro-ge.net\/wordpress\/wp-content\/uploads\/2024\/11\/2024-11_logo_infomaniak.png\" alt=\"\" class=\"wp-image-4534\" srcset=\"https:\/\/www.astro-ge.net\/wordpress\/wp-content\/uploads\/2024\/11\/2024-11_logo_infomaniak.png 350w, https:\/\/www.astro-ge.net\/wordpress\/wp-content\/uploads\/2024\/11\/2024-11_logo_infomaniak-300x39.png 300w\" sizes=\"auto, (max-width: 350px) 100vw, 350px\" \/><\/figure>\n<\/div>\n\n\n<p><\/p>\n","protected":false},"excerpt":{"rendered":"<p>\ufeff D\u00e9pliant de la Soci\u00e9t\u00e9 Astronomique de Gen\u00e8ve au format \u00ab\u00a0PDF\u00a0\u00bb Qui sommes-nous?La Soci\u00e9t\u00e9 Astronomique de Gen\u00e8ve (SAG) est membre de la Soci\u00e9t\u00e9 Astronomique Suisse (SAS) ainsi que de l&rsquo;Union Romande des Soci\u00e9t\u00e9s d&rsquo;Astronomie (URSA). Ainsi nous poss\u00e9dons de nombreux &hellip; <a href=\"https:\/\/www.astro-ge.net\/?page_id=5\">Continuer la lecture <span class=\"meta-nav\">&rarr;<\/span><\/a><\/p>\n","protected":false},"author":1,"featured_media":0,"parent":0,"menu_order":1,"comment_status":"closed","ping_status":"closed","template":"","meta":{"footnotes":""},"class_list":["post-5","page","type-page","status-publish","hentry"],"_links":{"self":[{"href":"https:\/\/www.astro-ge.net\/index.php?rest_route=\/wp\/v2\/pages\/5","targetHints":{"allow":["GET"]}}],"collection":[{"href":"https:\/\/www.astro-ge.net\/index.php?rest_route=\/wp\/v2\/pages"}],"about":[{"href":"https:\/\/www.astro-ge.net\/index.php?rest_route=\/wp\/v2\/types\/page"}],"author":[{"embeddable":true,"href":"https:\/\/www.astro-ge.net\/index.php?rest_route=\/wp\/v2\/users\/1"}],"replies":[{"embeddable":true,"href":"https:\/\/www.astro-ge.net\/index.php?rest_route=%2Fwp%2Fv2%2Fcomments&post=5"}],"version-history":[{"count":0,"href":"https:\/\/www.astro-ge.net\/index.php?rest_route=\/wp\/v2\/pages\/5\/revisions"}],"wp:attachment":[{"href":"https:\/\/www.astro-ge.net\/index.php?rest_route=%2Fwp%2Fv2%2Fmedia&parent=5"}],"curies":[{"name":"wp","href":"https:\/\/api.w.org\/{rel}","templated":true}]}}