{"id":61,"date":"2011-12-21T20:42:09","date_gmt":"2011-12-21T19:42:09","guid":{"rendered":"http:\/\/www.astro-ge.net\/wordpress\/?page_id=61"},"modified":"2019-05-11T17:16:04","modified_gmt":"2019-05-11T16:16:04","slug":"observatoires","status":"publish","type":"page","link":"https:\/\/www.astro-ge.net\/?page_id=61","title":{"rendered":"Observatoires"},"content":{"rendered":"\n<iframe loading=\"lazy\" style=\"border: none; overflow: hidden; height: 40px;\" src=\"\/\/www.facebook.com\/plugins\/like.php?href=http%3A%2F%2Fwww.astro-ge.net%2F%3Fpage_id%3D61&amp;width&amp;layout=standard&amp;action=like&amp;show_faces=true&amp;share=true&amp;height=40\" scrolling=\"no\" width=\"300\" height=\"150\" frameborder=\"0\"><span style=\"display: inline-block; width: 0px; overflow: hidden; line-height: 0;\" data-mce-type=\"bookmark\" class=\"mce_SELRES_start\">\ufeff<\/span><\/iframe>\n\n\n\n<p>La Soci\u00e9t\u00e9 Astronomique de Gen\u00e8ve dispose de deux observatoires <span style=\"text-decoration: underline;\">destin\u00e9s uniquement aux membres de notre soci\u00e9t\u00e9<\/span> :<br>&#8211; le premier se trouve au centre de Gen\u00e8ve (GE)<br>&#8211; le second, se situe dans le Jura, pr\u00e8s de Saint-Cergue (VD)<\/p>\n\n\n\n<h1 class=\"wp-block-heading\">Observatoire de Gen\u00e8ve<\/h1>\n\n\n\n<p>Inaugur\u00e9 le 16 septembre 1997, il est \u00e9quip\u00e9 d&rsquo;un t\u00e9lescope Schmit-Cassegrain de 10 pouces (250mm) de diam\u00e8tre enti\u00e8rement pilot\u00e9 par ordinateur, d&rsquo;une cam\u00e9ra CCD, d&rsquo;un ordinateur. Le tout est entrepos\u00e9 dans un abri astronomique d\u00e9di\u00e9.<\/p>\n\n\n\n<h1 class=\"wp-block-heading\">Observatoire de Saint-Cergue<\/h1>\n\n\n\n<p>Notre observatoire de Saint-Cergue est \u00e9quip\u00e9 d&rsquo;un t\u00e9l\u00e9scope Schmit-Cassegrain de 16 pouces (400mm) de diam\u00e8tre ouvert \u00e0 F\/10 (ci-dessous). Sa monture est une Paramount ME enti\u00e8rement pilot\u00e9e par ordinateur.<\/p>\n\n\n\n<div class=\"wp-block-image\"><figure class=\"aligncenter\"><a href=\"https:\/\/www.astro-ge.net\/wordpress\/wp-content\/uploads\/2014\/09\/IMG_5194_resized.jpg\" rel=\"lightbox-0\"><img loading=\"lazy\" decoding=\"async\" width=\"800\" height=\"1200\" src=\"https:\/\/www.astro-ge.net\/wordpress\/wp-content\/uploads\/2014\/09\/IMG_5194_resized.jpg\" alt=\"IMG_5194_resized\" class=\"wp-image-1729\" srcset=\"https:\/\/www.astro-ge.net\/wordpress\/wp-content\/uploads\/2014\/09\/IMG_5194_resized.jpg 800w, https:\/\/www.astro-ge.net\/wordpress\/wp-content\/uploads\/2014\/09\/IMG_5194_resized-200x300.jpg 200w, https:\/\/www.astro-ge.net\/wordpress\/wp-content\/uploads\/2014\/09\/IMG_5194_resized-682x1024.jpg 682w\" sizes=\"auto, (max-width: 800px) 100vw, 800px\" \/><\/a><\/figure><\/div>\n","protected":false},"excerpt":{"rendered":"<p>\ufeff La Soci\u00e9t\u00e9 Astronomique de Gen\u00e8ve dispose de deux observatoires destin\u00e9s uniquement aux membres de notre soci\u00e9t\u00e9 :&#8211; le premier se trouve au centre de Gen\u00e8ve (GE)&#8211; le second, se situe dans le Jura, pr\u00e8s de Saint-Cergue (VD) Observatoire de &hellip; <a href=\"https:\/\/www.astro-ge.net\/?page_id=61\">Continuer la lecture <span class=\"meta-nav\">&rarr;<\/span><\/a><\/p>\n","protected":false},"author":1,"featured_media":0,"parent":5,"menu_order":0,"comment_status":"closed","ping_status":"closed","template":"","meta":{"footnotes":""},"class_list":["post-61","page","type-page","status-publish","hentry"],"_links":{"self":[{"href":"https:\/\/www.astro-ge.net\/index.php?rest_route=\/wp\/v2\/pages\/61","targetHints":{"allow":["GET"]}}],"collection":[{"href":"https:\/\/www.astro-ge.net\/index.php?rest_route=\/wp\/v2\/pages"}],"about":[{"href":"https:\/\/www.astro-ge.net\/index.php?rest_route=\/wp\/v2\/types\/page"}],"author":[{"embeddable":true,"href":"https:\/\/www.astro-ge.net\/index.php?rest_route=\/wp\/v2\/users\/1"}],"replies":[{"embeddable":true,"href":"https:\/\/www.astro-ge.net\/index.php?rest_route=%2Fwp%2Fv2%2Fcomments&post=61"}],"version-history":[{"count":0,"href":"https:\/\/www.astro-ge.net\/index.php?rest_route=\/wp\/v2\/pages\/61\/revisions"}],"up":[{"embeddable":true,"href":"https:\/\/www.astro-ge.net\/index.php?rest_route=\/wp\/v2\/pages\/5"}],"wp:attachment":[{"href":"https:\/\/www.astro-ge.net\/index.php?rest_route=%2Fwp%2Fv2%2Fmedia&parent=61"}],"curies":[{"name":"wp","href":"https:\/\/api.w.org\/{rel}","templated":true}]}}