{"id":69,"date":"2011-12-21T20:47:12","date_gmt":"2011-12-21T19:47:12","guid":{"rendered":"http:\/\/www.astro-ge.net\/wordpress\/?page_id=69"},"modified":"2021-05-01T21:33:06","modified_gmt":"2021-05-01T20:33:06","slug":"journal","status":"publish","type":"page","link":"https:\/\/www.astro-ge.net\/?page_id=69","title":{"rendered":"Journal de la SAG"},"content":{"rendered":"\n<iframe loading=\"lazy\" style=\"border: none; overflow: hidden; height: 40px;\" src=\"\/\/www.facebook.com\/plugins\/like.php?href=http%3A%2F%2Fwww.astro-ge.net%2F%3Fpage_id%3D69&amp;width&amp;layout=standard&amp;action=like&amp;show_faces=true&amp;share=true&amp;height=40\" scrolling=\"no\" width=\"300\" height=\"150\" frameborder=\"0\"><span style=\"display: inline-block; width: 0px; overflow: hidden; line-height: 0;\" data-mce-type=\"bookmark\" class=\"mce_SELRES_start\">\ufeff<\/span><\/iframe>\n\n\n\n<p>L&rsquo;Observateur \u00e9tait jusqu&rsquo;en mai 2012 le bulletin de la SAG. Il \u00e9tait publi\u00e9 4 fois par an et envoy\u00e9 \u00e0 tous les membres de la soci\u00e9t\u00e9.<\/p>\n\n\n\n<p>Aujourd&rsquo;hui, il a \u00e9t\u00e9 remplac\u00e9 par le site web sur lequel nous publions les articles \u00e9crits par les membres de la SAG.<\/p>\n\n\n\n<p>Comme pr\u00e9c\u00e9demment, tous les membres sont invit\u00e9s \u00e0 pr\u00e9parer et envoyer des articles et photos sur leurs activit\u00e9s d\u2019astronome amateur (observations, voyages, exp\u00e9riences avec du mat\u00e9riel \u2026) \u00e0 l&rsquo;adresse e-mail <a href=\"mailto:info@astro-ge.net?Subject=Publication%20d'articles\" target=\"_blank\" rel=\"noopener noreferrer\">info@astro-ge.net<\/a> afin qu&rsquo;ils soient publi\u00e9s sur notre site.<\/p>\n\n\n\n<p>Pour les plus nostalgiques, voici ci-apr\u00e8s les derni\u00e8res versions de notre journal au format PDF.<\/p>\n\n\n\n<hr class=\"wp-block-separator\"\/>\n\n\n\n<h2 class=\"wp-block-heading\">2012<\/h2>\n\n\n\n<ul class=\"wp-block-list\"><li><a href=\"https:\/\/www.astro-ge.net\/wordpress\/wp-content\/uploads\/2012\/06\/LOBS.2.2012.pdf\">Observateur mai-juin 2012<\/a><\/li><li>Observateur janvier-f\u00e9vrier-mars 2012<\/li><\/ul>\n\n\n\n<h2 class=\"wp-block-heading\">2011<\/h2>\n\n\n\n<ul class=\"wp-block-list\"><li><a href=\"https:\/\/www.astro-ge.net\/wordpress\/wp-content\/uploads\/2011\/12\/2011.4-LObservateur-oct-nov-dec.pdf\">Observateur octobre-novembre-d\u00e9cembre 2011<\/a><\/li><li><a href=\"https:\/\/www.astro-ge.net\/wordpress\/wp-content\/uploads\/2011\/12\/2011.3-LObservateur-juillet-ao\u00fbt-sept.pdf\">Observateur juillet-ao\u00fbt-septembre 2011<\/a><\/li><li><a href=\"https:\/\/www.astro-ge.net\/wordpress\/wp-content\/uploads\/2011\/12\/2011.2-LObservateur-avril-mai-juin.pdf\">Observateur avril-mai-juin 2011<\/a><\/li><\/ul>\n\n\n\n<h2 class=\"wp-block-heading\">2010<\/h2>\n\n\n\n<ul class=\"wp-block-list\"><li><a href=\"https:\/\/www.astro-ge.net\/wordpress\/wp-content\/uploads\/2011\/12\/2010.4-LObservateur-oct-nov-dec.pdf\">Observateur octobre-novembre-d\u00e9cembre 2010<\/a><\/li><li><a href=\"https:\/\/www.astro-ge.net\/wordpress\/wp-content\/uploads\/2011\/12\/2010.3-LObservateur-juillet-ao\u00fbt-sept.pdf\">Observateur juillet-ao\u00fbt-septembre 2010<\/a><\/li><li><a href=\"https:\/\/www.astro-ge.net\/wordpress\/wp-content\/uploads\/2011\/12\/2010.2-LObservateur-avril-mai-juin.pdf\">Observateur avril-mai-juin 2010<\/a><\/li><li><a href=\"https:\/\/www.astro-ge.net\/wordpress\/wp-content\/uploads\/2011\/12\/2010.1-LObservateur-janv-fev-mars.pdf\"> Observateur janvier-f\u00e9vrier-mars 2010<\/a><\/li><\/ul>\n\n\n\n<h2 class=\"wp-block-heading\">2009<\/h2>\n\n\n\n<ul class=\"wp-block-list\"><li><a href=\"https:\/\/www.astro-ge.net\/wordpress\/wp-content\/uploads\/2011\/12\/2009.4-LObservateur-oct-nov-dec.pdf\"> Observateur octobre-novembre-d\u00e9cembre 2009<\/a><\/li><li><a href=\"https:\/\/www.astro-ge.net\/wordpress\/wp-content\/uploads\/2011\/12\/2009.3-LObservateur-juillet-ao\u00fbt-sept.pdf\"> Observateur juillet-ao\u00fbt-septembre 2009<\/a><\/li><li><a>Observateur avril-mai-juin 2009<\/a><\/li><li>Observateur janvier-f\u00e9vrier-mars 2009<\/li><\/ul>\n\n\n\n<h2 class=\"wp-block-heading\">2008<\/h2>\n\n\n\n<ul class=\"wp-block-list\"><li><a href=\"https:\/\/www.astro-ge.net\/wordpress\/wp-content\/uploads\/2011\/12\/Observateur-octobre-novembre-d\u00e9cembre-2008.pdf\">Observateur octobre-novembre-d\u00e9cembre 2008<\/a><\/li><li><a href=\"https:\/\/www.astro-ge.net\/wordpress\/wp-content\/uploads\/2011\/12\/Observateur-juillet-ao\u00fbt-septembre-2008.pdf\">Observateur juillet-ao\u00fbt-septembre 2008<\/a><\/li><li><a href=\"https:\/\/www.astro-ge.net\/wordpress\/wp-content\/uploads\/2011\/12\/Observateur-avril-mai-juin-2008.pdf\">Observateur avril-mai-juin 2008<\/a><\/li><li><a href=\"https:\/\/www.astro-ge.net\/wordpress\/wp-content\/uploads\/2011\/12\/Observateur-janvier-f\u00e9vrier-mars-2008.pdf\">Observateur janvier-f\u00e9vrier-mars 2008<\/a><\/li><\/ul>\n\n\n\n<h2 class=\"wp-block-heading\">2007<\/h2>\n\n\n\n<ul class=\"wp-block-list\"><li><a href=\"https:\/\/www.astro-ge.net\/wordpress\/wp-content\/uploads\/2011\/12\/Observateur-octobre-novembre-d\u00e9cembre-2007.pdf\">Observateur octobre-novembre-d\u00e9cembre 2007<\/a><\/li><li><a href=\"https:\/\/www.astro-ge.net\/wordpress\/wp-content\/uploads\/2011\/12\/Observateur-juillet-ao\u00fbt-septembre-2007.pdf\">Observateur juillet-ao\u00fbt-septembre 2007<\/a><\/li><li><a href=\"https:\/\/www.astro-ge.net\/wordpress\/wp-content\/uploads\/2011\/12\/Observateur-avril-mai-juin-2007.pdf\">Observateur avril-mai-juin 2007<\/a><\/li><li><a href=\"https:\/\/www.astro-ge.net\/wordpress\/wp-content\/uploads\/2011\/12\/Observateur-janvier-f\u00e9vrier-mars-2007.pdf\">Observateur janvier-f\u00e9vrier-mars 2007<\/a><\/li><\/ul>\n\n\n\n<h2 class=\"wp-block-heading\">2006<\/h2>\n\n\n\n<ul class=\"wp-block-list\"><li><a href=\"https:\/\/www.astro-ge.net\/wordpress\/wp-content\/uploads\/2011\/12\/Observateur-septembre-octobre-novembre-2006.pdf\">Observateur septembre-octobre-novembre 2006<\/a><\/li><\/ul>\n","protected":false},"excerpt":{"rendered":"<p>\ufeff L&rsquo;Observateur \u00e9tait jusqu&rsquo;en mai 2012 le bulletin de la SAG. Il \u00e9tait publi\u00e9 4 fois par an et envoy\u00e9 \u00e0 tous les membres de la soci\u00e9t\u00e9. Aujourd&rsquo;hui, il a \u00e9t\u00e9 remplac\u00e9 par le site web sur lequel nous publions &hellip; <a href=\"https:\/\/www.astro-ge.net\/?page_id=69\">Continuer la lecture <span class=\"meta-nav\">&rarr;<\/span><\/a><\/p>\n","protected":false},"author":1,"featured_media":0,"parent":5,"menu_order":0,"comment_status":"closed","ping_status":"closed","template":"","meta":{"footnotes":""},"class_list":["post-69","page","type-page","status-publish","hentry"],"_links":{"self":[{"href":"https:\/\/www.astro-ge.net\/index.php?rest_route=\/wp\/v2\/pages\/69","targetHints":{"allow":["GET"]}}],"collection":[{"href":"https:\/\/www.astro-ge.net\/index.php?rest_route=\/wp\/v2\/pages"}],"about":[{"href":"https:\/\/www.astro-ge.net\/index.php?rest_route=\/wp\/v2\/types\/page"}],"author":[{"embeddable":true,"href":"https:\/\/www.astro-ge.net\/index.php?rest_route=\/wp\/v2\/users\/1"}],"replies":[{"embeddable":true,"href":"https:\/\/www.astro-ge.net\/index.php?rest_route=%2Fwp%2Fv2%2Fcomments&post=69"}],"version-history":[{"count":0,"href":"https:\/\/www.astro-ge.net\/index.php?rest_route=\/wp\/v2\/pages\/69\/revisions"}],"up":[{"embeddable":true,"href":"https:\/\/www.astro-ge.net\/index.php?rest_route=\/wp\/v2\/pages\/5"}],"wp:attachment":[{"href":"https:\/\/www.astro-ge.net\/index.php?rest_route=%2Fwp%2Fv2%2Fmedia&parent=69"}],"curies":[{"name":"wp","href":"https:\/\/api.w.org\/{rel}","templated":true}]}}