{"id":7,"date":"2011-12-13T21:20:34","date_gmt":"2011-12-13T21:20:34","guid":{"rendered":"http:\/\/www.astro-ge.net\/wordpress\/?page_id=7"},"modified":"2021-05-02T19:39:22","modified_gmt":"2021-05-02T18:39:22","slug":"historique","status":"publish","type":"page","link":"https:\/\/www.astro-ge.net\/?page_id=7","title":{"rendered":"Historique"},"content":{"rendered":"\n<p>Fond\u00e9e sous le nom de Soci\u00e9t\u00e9 Astronomique Flammarion de Gen\u00e8ve en 1923, puis renomm\u00e9e Soci\u00e9t\u00e9 Astronomique de Gen\u00e8ve (SAG) en 1946, vous pourrez remonter dans le temps et mieux connai\u00eetre l&rsquo;histoire de notre soci\u00e9t\u00e9 gr\u00e2ce \u00e0 cette page.<\/p>\n\n\n\n<ul class=\"wp-block-list\"><li><a rel=\"noreferrer noopener\" href=\"https:\/\/www.astro-ge.net\/?page_id=3769\" target=\"_blank\">Histoire de la Soci\u00e9t\u00e9 Astronomique de Gen\u00e8ve (SAG) depuis sa fondation<\/a><\/li><li><a rel=\"noreferrer noopener\" href=\"https:\/\/www.astro-ge.net\/?page_id=3772\" target=\"_blank\">Biographies de membres de la SAG<\/a><\/li><li><a rel=\"noreferrer noopener\" href=\"https:\/\/www.astro-ge.net\/?page_id=3774\" target=\"_blank\">Listes des pr\u00e9sidents de la SAG<\/a><\/li><li><a rel=\"noreferrer noopener\" href=\"https:\/\/www.astro-ge.net\/?page_id=3783\" target=\"_blank\">Documents d&rsquo;archives retra\u00e7ant l&rsquo;histoire de la SAG<\/a><\/li><li><a rel=\"noreferrer noopener\" href=\"https:\/\/www.astro-ge.net\/?page_id=3793\" target=\"_blank\">Publications histoiriques de la SAG<\/a><\/li><li><a href=\"https:\/\/www.astro-ge.net\/?page_id=3813\" target=\"_blank\" rel=\"noreferrer noopener\">Anciens statuts<\/a><\/li><li><a rel=\"noreferrer noopener\" href=\"https:\/\/www.astro-ge.net\/?page_id=3777\" target=\"_blank\">Articles de presse<\/a><\/li><\/ul>\n","protected":false},"excerpt":{"rendered":"<p>Fond\u00e9e sous le nom de Soci\u00e9t\u00e9 Astronomique Flammarion de Gen\u00e8ve en 1923, puis renomm\u00e9e Soci\u00e9t\u00e9 Astronomique de Gen\u00e8ve (SAG) en 1946, vous pourrez remonter dans le temps et mieux connai\u00eetre l&rsquo;histoire de notre soci\u00e9t\u00e9 gr\u00e2ce \u00e0 cette page. Histoire de &hellip; <a href=\"https:\/\/www.astro-ge.net\/?page_id=7\">Continuer la lecture <span class=\"meta-nav\">&rarr;<\/span><\/a><\/p>\n","protected":false},"author":1,"featured_media":0,"parent":5,"menu_order":0,"comment_status":"closed","ping_status":"open","template":"","meta":{"footnotes":""},"class_list":["post-7","page","type-page","status-publish","hentry"],"_links":{"self":[{"href":"https:\/\/www.astro-ge.net\/index.php?rest_route=\/wp\/v2\/pages\/7","targetHints":{"allow":["GET"]}}],"collection":[{"href":"https:\/\/www.astro-ge.net\/index.php?rest_route=\/wp\/v2\/pages"}],"about":[{"href":"https:\/\/www.astro-ge.net\/index.php?rest_route=\/wp\/v2\/types\/page"}],"author":[{"embeddable":true,"href":"https:\/\/www.astro-ge.net\/index.php?rest_route=\/wp\/v2\/users\/1"}],"replies":[{"embeddable":true,"href":"https:\/\/www.astro-ge.net\/index.php?rest_route=%2Fwp%2Fv2%2Fcomments&post=7"}],"version-history":[{"count":0,"href":"https:\/\/www.astro-ge.net\/index.php?rest_route=\/wp\/v2\/pages\/7\/revisions"}],"up":[{"embeddable":true,"href":"https:\/\/www.astro-ge.net\/index.php?rest_route=\/wp\/v2\/pages\/5"}],"wp:attachment":[{"href":"https:\/\/www.astro-ge.net\/index.php?rest_route=%2Fwp%2Fv2%2Fmedia&parent=7"}],"curies":[{"name":"wp","href":"https:\/\/api.w.org\/{rel}","templated":true}]}}